{"id":21948,"date":"2026-03-29T18:25:29","date_gmt":"2026-03-29T17:25:29","guid":{"rendered":"https:\/\/bigbuy.tupique.com\/produto\/headphones-owl-labs-exm100-1100\/"},"modified":"2026-04-15T02:20:42","modified_gmt":"2026-04-15T01:20:42","slug":"headphones-owl-labs-exm100-1100","status":"publish","type":"product","link":"https:\/\/bigbuy.tupique.com\/es\/produto\/headphones-owl-labs-exm100-1100\/","title":{"rendered":"Casque Owl Labs EXM100-1100"},"content":{"rendered":"<p>Si vous \u00eates passionn\u00e9 d&#8217;<b>informatique et d&#8217;\u00e9lectronique<\/b>, si vous \u00eates \u00e0 la pointe de la technologie et qu&#8217;aucun d\u00e9tail ne vous \u00e9chappe, achetez <b>Casque Owl Labs EXM100-1100<\/b> au meilleur prix.<\/p>\n<ul>\n<li>Type:\n<ul>\n<li>Casque<\/li>\n<li>Microphone<\/li>\n<li>Avec fil<\/li>\n<\/ul>\n<\/li>\n<li>Connexions: Micro HDMI<\/li>\n<li>Longueur du c\u00e2ble: 2,5 m<\/li>\n<li>Type de commande: Boutons<\/li>\n<li>diam\u00e8tre approx.: \u00d8 8,7 cm<\/li>\n<li>Caract\u00e9ristiques: Guide d&#8217;installation inclus<\/li>\n<li>Bloc d\u2019Alimentation: Avec fil<\/li>\n<li>Contr\u00f4le: Boutons<\/li>\n<\/ul>","protected":false},"excerpt":{"rendered":"<p>Si vous \u00eates passionn\u00e9 d&#8217;informatique et d&#8217;\u00e9lectronique, si vous \u00eates \u00e0 la pointe de la technologie et qu&#8217;aucun d\u00e9tail ne vous \u00e9chappe, achetez Casque Owl Labs EXM100-1100 au meilleur prix. Type: Casque Microphone Avec fil Connexions: Micro HDMI Longueur du c\u00e2ble: 2,5 m Type de commande: Boutons diam\u00e8tre approx.: \u00d8 8,7 cm Caract\u00e9ristiques: Guide d&#8217;installation [&hellip;]<\/p>\n","protected":false},"featured_media":178822,"comment_status":"open","ping_status":"closed","template":"","meta":[],"product_brand":[976],"product_cat":[65,581,594],"product_tag":[213,566,106],"class_list":{"0":"post-21948","1":"product","2":"type-product","3":"status-publish","4":"has-post-thumbnail","6":"product_brand-brandp_8715","7":"product_cat-informatique-electronique","8":"product_cat-informatique-peripheriques-et-consommables","9":"product_cat-micros-et-ecouteurs","10":"product_tag-tag_933","11":"product_tag-tag_547","12":"product_tag-tag_1295","14":"first","15":"instock","16":"taxable","17":"shipping-taxable","18":"purchasable","19":"product-type-simple"},"_links":{"self":[{"href":"https:\/\/bigbuy.tupique.com\/es\/wp-json\/wp\/v2\/product\/21948","targetHints":{"allow":["GET"]}}],"collection":[{"href":"https:\/\/bigbuy.tupique.com\/es\/wp-json\/wp\/v2\/product"}],"about":[{"href":"https:\/\/bigbuy.tupique.com\/es\/wp-json\/wp\/v2\/types\/product"}],"replies":[{"embeddable":true,"href":"https:\/\/bigbuy.tupique.com\/es\/wp-json\/wp\/v2\/comments?post=21948"}],"wp:featuredmedia":[{"embeddable":true,"href":"https:\/\/bigbuy.tupique.com\/es\/wp-json\/wp\/v2\/media\/178822"}],"wp:attachment":[{"href":"https:\/\/bigbuy.tupique.com\/es\/wp-json\/wp\/v2\/media?parent=21948"}],"wp:term":[{"taxonomy":"product_brand","embeddable":true,"href":"https:\/\/bigbuy.tupique.com\/es\/wp-json\/wp\/v2\/product_brand?post=21948"},{"taxonomy":"product_cat","embeddable":true,"href":"https:\/\/bigbuy.tupique.com\/es\/wp-json\/wp\/v2\/product_cat?post=21948"},{"taxonomy":"product_tag","embeddable":true,"href":"https:\/\/bigbuy.tupique.com\/es\/wp-json\/wp\/v2\/product_tag?post=21948"}],"curies":[{"name":"wp","href":"https:\/\/api.w.org\/{rel}","templated":true}]}}