{"id":21883,"date":"2026-03-29T18:24:08","date_gmt":"2026-03-29T17:24:08","guid":{"rendered":"https:\/\/bigbuy.tupique.com\/produto\/ladies-sunglasses-carolina-herrera-her-0076_s-2\/"},"modified":"2026-05-11T20:03:00","modified_gmt":"2026-05-11T18:03:00","slug":"ladies-sunglasses-carolina-herrera-her-0076_s-2","status":"publish","type":"product","link":"https:\/\/bigbuy.tupique.com\/es\/produto\/ladies-sunglasses-carolina-herrera-her-0076_s-2\/","title":{"rendered":"Lunettes de soleil Femme Carolina Herrera HER 0076_S"},"content":{"rendered":"<p>Si vous aimez avoir les derni\u00e8res nouveaut\u00e9s en<b>mode et accessoires<\/b> et si les accessoires sont indispensables pour l&#8217;ensemble de votre image, ne passez pas \u00e0 c\u00f4t\u00e9 de <b>Lunettes de soleil Femme Carolina Herrera HER 0076_S<\/b> ! B\u00e9n\u00e9ficiez des meilleures marques de <b>lunettes de soleil<\/b>.<\/p>\n<ul>\n<li>Couleur: Rose<\/li>\n<li>Mat\u00e9riel:\n<ul>\n<li>Acier inoxydable<\/li>\n<li>M\u00e9tal<\/li>\n<\/ul>\n<\/li>\n<li>Couleur des verres: Gris<\/li>\n<li>Pont: 19 mm<\/li>\n<li>Branches: 145 mm<\/li>\n<li>Inclut: Le coffret de la marque est inclus<\/li>\n<li>Caract\u00e9ristiques: Base pivotante<\/li>\n<li>Paire de lunettes: \u00f8 58 mm<\/li>\n<li>Genre: Femme<\/li>\n<\/ul>","protected":false},"excerpt":{"rendered":"<p>Si vous aimez avoir les derni\u00e8res nouveaut\u00e9s enmode et accessoires et si les accessoires sont indispensables pour l&#8217;ensemble de votre image, ne passez pas \u00e0 c\u00f4t\u00e9 de Lunettes de soleil Femme Carolina Herrera HER 0076_S ! B\u00e9n\u00e9ficiez des meilleures marques de lunettes de soleil. Couleur: Rose Mat\u00e9riel: Acier inoxydable M\u00e9tal Couleur des verres: Gris Pont: [&hellip;]<\/p>\n","protected":false},"featured_media":21882,"comment_status":"open","ping_status":"closed","template":"","meta":[],"product_brand":[843],"product_cat":[773,774,544],"product_tag":[103,542,721],"class_list":{"0":"post-21883","1":"product","2":"type-product","3":"status-publish","4":"has-post-thumbnail","6":"product_brand-brandp_339","7":"product_cat-lunettes-de-soleil","8":"product_cat-lunettes-de-soleil-femme","9":"product_cat-mode-accessoires","10":"product_tag-tag_1261","11":"product_tag-tag_1274","12":"product_tag-tag_124","14":"first","15":"instock","16":"taxable","17":"shipping-taxable","18":"purchasable","19":"product-type-simple"},"_links":{"self":[{"href":"https:\/\/bigbuy.tupique.com\/es\/wp-json\/wp\/v2\/product\/21883","targetHints":{"allow":["GET"]}}],"collection":[{"href":"https:\/\/bigbuy.tupique.com\/es\/wp-json\/wp\/v2\/product"}],"about":[{"href":"https:\/\/bigbuy.tupique.com\/es\/wp-json\/wp\/v2\/types\/product"}],"replies":[{"embeddable":true,"href":"https:\/\/bigbuy.tupique.com\/es\/wp-json\/wp\/v2\/comments?post=21883"}],"wp:featuredmedia":[{"embeddable":true,"href":"https:\/\/bigbuy.tupique.com\/es\/wp-json\/wp\/v2\/media\/21882"}],"wp:attachment":[{"href":"https:\/\/bigbuy.tupique.com\/es\/wp-json\/wp\/v2\/media?parent=21883"}],"wp:term":[{"taxonomy":"product_brand","embeddable":true,"href":"https:\/\/bigbuy.tupique.com\/es\/wp-json\/wp\/v2\/product_brand?post=21883"},{"taxonomy":"product_cat","embeddable":true,"href":"https:\/\/bigbuy.tupique.com\/es\/wp-json\/wp\/v2\/product_cat?post=21883"},{"taxonomy":"product_tag","embeddable":true,"href":"https:\/\/bigbuy.tupique.com\/es\/wp-json\/wp\/v2\/product_tag?post=21883"}],"curies":[{"name":"wp","href":"https:\/\/api.w.org\/{rel}","templated":true}]}}