{"id":21838,"date":"2026-03-29T18:23:16","date_gmt":"2026-03-29T17:23:16","guid":{"rendered":"https:\/\/bigbuy.tupique.com\/produto\/induction-hot-plate-siemens-ag-ex651lyc1f\/"},"modified":"2026-04-16T21:00:17","modified_gmt":"2026-04-16T20:00:17","slug":"induction-hot-plate-siemens-ag-ex651lyc1f","status":"publish","type":"product","link":"https:\/\/bigbuy.tupique.com\/es\/produto\/induction-hot-plate-siemens-ag-ex651lyc1f\/","title":{"rendered":"Plaque \u00e0 Induction Siemens AG EX651LYC1F"},"content":{"rendered":"<p>Si vous pensez r\u00e9nover votre cuisine, achetez <b>Plaque \u00e0 Induction Siemens AG EX651LYC1F<\/b> et d\u00b4autres <b>produits Siemens AG<\/b> !<\/p>\n<p>La <b>table de cuisson \u00e0 induction<\/b> Siemens AG mod\u00e8le <b>EX651LYC1F<\/b> fait partie de la s\u00e9rie IQ700 et est con\u00e7ue pour offrir une solution efficace et avanc\u00e9e dans la cuisine moderne. Avec des dimensions compactes de <b>59,2 x 52,2 cm<\/b>, cette table encastrable de <b>60 cm<\/b> de large en finition <b>noir<\/b> s\u2019adapte particuli\u00e8rement bien aux cuisines moyennes ou petites, alliant fonctionnalit\u00e9 et design \u00e9l\u00e9gant. Elle dispose de <b>4 zones de cuisson<\/b> puissantes, dont 2 flexzones permettant de combiner les zones de chauffe pour plus de polyvalence, facilitant l\u2019utilisation de diff\u00e9rents types et tailles de casseroles et po\u00eales. Sa puissance maximale atteint <b>7 400 W<\/b>, assurant un chauffage rapide et contr\u00f4l\u00e9, id\u00e9al pour pr\u00e9parer toutes les recettes avec pr\u00e9cision. La table offre jusqu\u2019\u00e0 <b>17 niveaux de puissance<\/b>, permettant un r\u00e9glage tr\u00e8s pr\u00e9cis de la chaleur selon les besoins culinaires. Elle int\u00e8gre \u00e9galement une fonction de <b>minuterie int\u00e9gr\u00e9e<\/b>, qui aide \u00e0 programmer le temps de cuisson pour \u00e9viter les oublis et am\u00e9liorer le contr\u00f4le des plats. C\u00f4t\u00e9 s\u00e9curit\u00e9, elle comprend un <b>verrouillage enfant<\/b>, garantissant une utilisation s\u00fbre \u00e0 domicile. Sa surface est facile \u00e0 nettoyer gr\u00e2ce \u00e0 la technologie induction, qui ne chauffe que l\u00e0 o\u00f9 les r\u00e9cipients sont plac\u00e9s et \u00e9vite l\u2019accumulation de r\u00e9sidus br\u00fbl\u00e9s. La commande s\u2019effectue via le syst\u00e8me <b>Dual LightSlider<\/b>, une interface tactile intuitive qui facilite le contr\u00f4le simultan\u00e9 de plusieurs zones, rendant l\u2019utilisation plus rapide et confortable. Cette table \u00e0 induction combine une technologie de haute qualit\u00e9 avec une grande simplicit\u00e9 d\u2019usage, id\u00e9ale pour ceux qui recherchent efficacit\u00e9 \u00e9nerg\u00e9tique et pr\u00e9cision en cuisine sans renoncer \u00e0 une esth\u00e9tique sobre et moderne. En r\u00e9sum\u00e9, la <b>Siemens EX651LYC1F<\/b> est une option polyvalente et s\u00fbre offrant des performances fiables gr\u00e2ce \u00e0 son design avanc\u00e9 et ses fonctions intelligentes, adapt\u00e9e \u00e0 tout environnement domestique valorisant la qualit\u00e9 et la facilit\u00e9 de pr\u00e9paration des aliments.<\/p>\n<ul>\n<li>Produit \u00e0 brancher: Oui<\/li>\n<li>Type de prise: Prise EU<\/li>\n<li>Bloc d\u2019Alimentation: r\u00e9seau \u00e9lectrique<\/li>\n<li>Couleur:\n<ul>\n<li>Noir<\/li>\n<li>noir<\/li>\n<\/ul>\n<\/li>\n<li>Largeur:\n<ul>\n<li>56 cm<\/li>\n<li>59,2 cm<\/li>\n<\/ul>\n<\/li>\n<li>Type d&#8217;installation: Encastrable<\/li>\n<li>Hauteur: 5,1 cm<\/li>\n<li>Zones de cuisson: 4<\/li>\n<li>Longueur du c\u00e2ble: 110 cm<\/li>\n<li>Profondeur de compartiment d&#8217;installation: 49 cm<\/li>\n<li>Type:\n<ul>\n<li>Plaque \u00e0 Induction<\/li>\n<li>Int\u00e9gr\u00e9<\/li>\n<\/ul>\n<\/li>\n<li>Caract\u00e9ristiques:\n<ul>\n<li>Verrouillage pour enfants<\/li>\n<li>Facile \u00e0 nettoyer<\/li>\n<li>Verrou de s\u00e9curit\u00e9<\/li>\n<\/ul>\n<\/li>\n<li>Fonctions: Minuterie<\/li>\n<li>Langue: Anglais<\/li>\n<li>Forme: Rectangulaire<\/li>\n<li>Fr\u00e9quence: 50 &#8211; 60 Hz<\/li>\n<li>Inclut: Ecran<\/li>\n<li>Tension: 220-240 V<\/li>\n<li>Niveaux de puissance: 17<\/li>\n<\/ul>","protected":false},"excerpt":{"rendered":"<p>Si vous pensez r\u00e9nover votre cuisine, achetez Plaque \u00e0 Induction Siemens AG EX651LYC1F et d\u00b4autres produits Siemens AG ! La table de cuisson \u00e0 induction Siemens AG mod\u00e8le EX651LYC1F fait partie de la s\u00e9rie IQ700 et est con\u00e7ue pour offrir une solution efficace et avanc\u00e9e dans la cuisine moderne. Avec des dimensions compactes de 59,2 [&hellip;]<\/p>\n","protected":false},"featured_media":191109,"comment_status":"open","ping_status":"closed","template":"","meta":[],"product_brand":[851],"product_cat":[60,77,78],"product_tag":[55,59,56],"class_list":{"0":"post-21838","1":"product","2":"type-product","3":"status-publish","4":"has-post-thumbnail","6":"product_brand-brandp_930","7":"product_cat-cuisine-gourmet","8":"product_cat-petit-electromenager","9":"product_cat-plaques-de-cuisson","10":"product_tag-tag_926","11":"product_tag-tag_1304","12":"product_tag-tag_930","14":"first","15":"instock","16":"taxable","17":"shipping-taxable","18":"purchasable","19":"product-type-simple"},"_links":{"self":[{"href":"https:\/\/bigbuy.tupique.com\/es\/wp-json\/wp\/v2\/product\/21838","targetHints":{"allow":["GET"]}}],"collection":[{"href":"https:\/\/bigbuy.tupique.com\/es\/wp-json\/wp\/v2\/product"}],"about":[{"href":"https:\/\/bigbuy.tupique.com\/es\/wp-json\/wp\/v2\/types\/product"}],"replies":[{"embeddable":true,"href":"https:\/\/bigbuy.tupique.com\/es\/wp-json\/wp\/v2\/comments?post=21838"}],"wp:featuredmedia":[{"embeddable":true,"href":"https:\/\/bigbuy.tupique.com\/es\/wp-json\/wp\/v2\/media\/191109"}],"wp:attachment":[{"href":"https:\/\/bigbuy.tupique.com\/es\/wp-json\/wp\/v2\/media?parent=21838"}],"wp:term":[{"taxonomy":"product_brand","embeddable":true,"href":"https:\/\/bigbuy.tupique.com\/es\/wp-json\/wp\/v2\/product_brand?post=21838"},{"taxonomy":"product_cat","embeddable":true,"href":"https:\/\/bigbuy.tupique.com\/es\/wp-json\/wp\/v2\/product_cat?post=21838"},{"taxonomy":"product_tag","embeddable":true,"href":"https:\/\/bigbuy.tupique.com\/es\/wp-json\/wp\/v2\/product_tag?post=21838"}],"curies":[{"name":"wp","href":"https:\/\/api.w.org\/{rel}","templated":true}]}}