{"id":21766,"date":"2026-03-29T18:09:56","date_gmt":"2026-03-29T17:09:56","guid":{"rendered":"https:\/\/bigbuy.tupique.com\/produto\/monitor-videowall-elo-touch-systems-e628244-4k-ultra-hd-546-50-60-hz\/"},"modified":"2026-04-15T02:20:17","modified_gmt":"2026-04-15T01:20:17","slug":"monitor-videowall-elo-touch-systems-e628244-4k-ultra-hd-546-50-60-hz","status":"publish","type":"product","link":"https:\/\/bigbuy.tupique.com\/es\/produto\/monitor-videowall-elo-touch-systems-e628244-4k-ultra-hd-546-50-60-hz\/","title":{"rendered":"\u00c9cran Videowall Elo Touch Systems E628244 4K Ultra HD 54,6&#8243; 50-60 Hz"},"content":{"rendered":"<p>Si vous \u00eates passionn\u00e9 d&#8217;<b>informatique et d&#8217;\u00e9lectronique<\/b>, si vous \u00eates \u00e0 la pointe de la technologie et qu&#8217;aucun d\u00e9tail ne vous \u00e9chappe, achetez <b>\u00c9cran Videowall Elo Touch Systems E628244 4K Ultra HD 54,6&#8243; 50-60 Hz<\/b> au meilleur prix.<\/p>\n<ul>\n<li>Ecran:\n<ul>\n<li>55&#8243;<\/li>\n<li>54,6&#8243;<\/li>\n<\/ul>\n<\/li>\n<li>Produit \u00e0 brancher: Oui<\/li>\n<li>Type de prise: Prise EU<\/li>\n<li>R\u00e9solution (px): 3840 x 2160 px<\/li>\n<li>R\u00e9solution: 4K Ultra HD<\/li>\n<li>Connexions:\n<ul>\n<li>Ethernet LAN<\/li>\n<li>USB x 2<\/li>\n<li>USB 3.2<\/li>\n<li>HDMI<\/li>\n<li>USB<\/li>\n<li>RJ45<\/li>\n<li>DisplayPort<\/li>\n<li>HDCP<\/li>\n<li>HDMI 1.4<\/li>\n<\/ul>\n<\/li>\n<li>Diagonale de l&#8217;\u00e9cran (cm):\n<ul>\n<li>139,7 cm<\/li>\n<li>138,7 cm<\/li>\n<\/ul>\n<\/li>\n<li>Type: \u00c9cran<\/li>\n<li>Couleur: Noir<\/li>\n<li>Temps de r\u00e9ponse: 8 ms<\/li>\n<li>Brille: 450 cd\/m\u00b2<\/li>\n<li>Tension:\n<ul>\n<li>100-240 V<\/li>\n<li>100 &#8211; 240 V<\/li>\n<\/ul>\n<\/li>\n<li>Classification \u00e9nerg\u00e9tique: G<\/li>\n<li>Caract\u00e9ristiques:\n<ul>\n<li>Ecran tactile<\/li>\n<li>Haut-parleurs int\u00e9gr\u00e9s<\/li>\n<li>Universel<\/li>\n<li>2 Haut-parleurs<\/li>\n<\/ul>\n<\/li>\n<li>Technologie: TFT<\/li>\n<li>Fr\u00e9quence: 50-60 Hz<\/li>\n<li>Rapport d&#8217;aspect: 16:9<\/li>\n<li>Puissance RMS: 20W<\/li>\n<li>Interface: Ethernet<\/li>\n<li>Flux lumineux: 450 lm<\/li>\n<li>Angle: 178\u00ba<\/li>\n<li>Pr\u00e9cision (humidit\u00e9 relative): 20 % &#8211; 80 %<\/li>\n<li>Montage: VESA<\/li>\n<li>Certificat: Certification ENERGY STAR<\/li>\n<li>Compatible: VESA 400 x 400, 600 x 600<\/li>\n<\/ul>","protected":false},"excerpt":{"rendered":"<p>Si vous \u00eates passionn\u00e9 d&#8217;informatique et d&#8217;\u00e9lectronique, si vous \u00eates \u00e0 la pointe de la technologie et qu&#8217;aucun d\u00e9tail ne vous \u00e9chappe, achetez \u00c9cran Videowall Elo Touch Systems E628244 4K Ultra HD 54,6&#8243; 50-60 Hz au meilleur prix. Ecran: 55&#8243; 54,6&#8243; Produit \u00e0 brancher: Oui Type de prise: Prise EU R\u00e9solution (px): 3840 x 2160 [&hellip;]<\/p>\n","protected":false},"featured_media":21762,"comment_status":"open","ping_status":"closed","template":"","meta":[],"product_brand":[980],"product_cat":[65,581,616],"product_tag":[213,106],"class_list":{"0":"post-21766","1":"product","2":"type-product","3":"status-publish","4":"has-post-thumbnail","6":"product_brand-brandp_4775","7":"product_cat-informatique-electronique","8":"product_cat-informatique-peripheriques-et-consommables","9":"product_cat-moniteurs","10":"product_tag-tag_933","11":"product_tag-tag_1295","13":"first","14":"instock","15":"taxable","16":"shipping-taxable","17":"purchasable","18":"product-type-simple"},"_links":{"self":[{"href":"https:\/\/bigbuy.tupique.com\/es\/wp-json\/wp\/v2\/product\/21766","targetHints":{"allow":["GET"]}}],"collection":[{"href":"https:\/\/bigbuy.tupique.com\/es\/wp-json\/wp\/v2\/product"}],"about":[{"href":"https:\/\/bigbuy.tupique.com\/es\/wp-json\/wp\/v2\/types\/product"}],"replies":[{"embeddable":true,"href":"https:\/\/bigbuy.tupique.com\/es\/wp-json\/wp\/v2\/comments?post=21766"}],"wp:featuredmedia":[{"embeddable":true,"href":"https:\/\/bigbuy.tupique.com\/es\/wp-json\/wp\/v2\/media\/21762"}],"wp:attachment":[{"href":"https:\/\/bigbuy.tupique.com\/es\/wp-json\/wp\/v2\/media?parent=21766"}],"wp:term":[{"taxonomy":"product_brand","embeddable":true,"href":"https:\/\/bigbuy.tupique.com\/es\/wp-json\/wp\/v2\/product_brand?post=21766"},{"taxonomy":"product_cat","embeddable":true,"href":"https:\/\/bigbuy.tupique.com\/es\/wp-json\/wp\/v2\/product_cat?post=21766"},{"taxonomy":"product_tag","embeddable":true,"href":"https:\/\/bigbuy.tupique.com\/es\/wp-json\/wp\/v2\/product_tag?post=21766"}],"curies":[{"name":"wp","href":"https:\/\/api.w.org\/{rel}","templated":true}]}}