{"id":21734,"date":"2026-03-29T18:09:12","date_gmt":"2026-03-29T17:09:12","guid":{"rendered":"https:\/\/bigbuy.tupique.com\/produto\/electric-lawn-mower-gardena-15201-26\/"},"modified":"2026-05-11T20:02:16","modified_gmt":"2026-05-11T18:02:16","slug":"electric-lawn-mower-gardena-15201-26","status":"publish","type":"product","link":"https:\/\/bigbuy.tupique.com\/es\/produto\/electric-lawn-mower-gardena-15201-26\/","title":{"rendered":"Tondeuse \u00e0 gazon \u00e9lectrique Gardena 15201-26"},"content":{"rendered":"<p>Si vous aimez prendre soin de chaque d\u00e9tail de votre maison et d&#8217;\u00eatre \u00e0 la derni\u00e8re mode en mati\u00e8re de produits qui vous rendront la vie plus facile, achetez <b>Tondeuse \u00e0 gazon \u00e9lectrique Gardena 15201-26<\/b> au meilleur prix.<\/p>\n<p>Le <b>robot tondeuse Gardena mod\u00e8le 15201-26<\/b> est une <b>tondeuse \u00e9lectrique<\/b> con\u00e7ue pour entretenir des jardins jusqu\u2019\u00e0 <b>250 m\u00b2<\/b> avec efficacit\u00e9 et confort. Cet appareil compact et agile int\u00e8gre des technologies avanc\u00e9es telles que <b>SensorCut<\/b>, garantissant une coupe uniforme, <b>CorridorCut<\/b>, facilitant l\u2019acc\u00e8s aux zones \u00e9troites, et <b>SpotCut<\/b>, pour nettoyer pr\u00e9cis\u00e9ment des zones sp\u00e9cifiques. Son corps en <b>plastique blanc<\/b> r\u00e9sistant et compact assure durabilit\u00e9 et l\u00e9g\u00e8ret\u00e9, tandis que son alimentation par <b>batterie lithium-ion<\/b> offre autonomie et puissance sans \u00e9missions ni c\u00e2bles, fonctionnant de plus de mani\u00e8re <b>automatique<\/b> pour une utilisation intuitive. Gr\u00e2ce \u00e0 la connectivit\u00e9 via l\u2019application <b>Gardena Bluetooth\u00ae<\/b>, la programmation et le contr\u00f4le du robot sont simplifi\u00e9s, permettant de g\u00e9rer facilement les s\u00e9ances de tonte depuis un smartphone. Il est con\u00e7u pour fonctionner sous la pluie, d\u00e9montrant sa robustesse et son adaptation \u00e0 divers climats, et son nettoyage s\u2019effectue ais\u00e9ment \u00e0 l\u2019aide d\u2019un tuyau d\u2019arrosage, facilitant son entretien. Le design inclut une prise standard europ\u00e9enne (EU) pour une large compatibilit\u00e9 sur le continent. De plus, il b\u00e9n\u00e9ficie d\u2019un <b>indice de r\u00e9parabilit\u00e9 de 8,8<\/b>, indiquant une bonne accessibilit\u00e9 pour les op\u00e9rations de maintenance ou r\u00e9paration, prolongeant ainsi sa dur\u00e9e de vie. En r\u00e9sum\u00e9, le Gardena Sileno minimo repr\u00e9sente une solution intelligente, efficace et moderne pour l\u2019entretien automatique du gazon dans les petits et moyens jardins, avec un focus sur la technologie, l\u2019autonomie et la facilit\u00e9 d\u2019usage.<\/p>\n<ul>\n<li>Produit \u00e0 brancher: Oui<\/li>\n<li>Type de prise: Prise EU<\/li>\n<li>Bloc d\u2019Alimentation: r\u00e9seau \u00e9lectrique<\/li>\n<li>Couleur: Blanc<\/li>\n<li>Indice de r\u00e9parabilit\u00e9: 8.8<\/li>\n<li>Mati\u00e8re: Plastique<\/li>\n<li>Caract\u00e9ristiques: Automatique<\/li>\n<li>Type de batterie: Litio Ion<\/li>\n<\/ul>","protected":false},"excerpt":{"rendered":"<p>Si vous aimez prendre soin de chaque d\u00e9tail de votre maison et d&#8217;\u00eatre \u00e0 la derni\u00e8re mode en mati\u00e8re de produits qui vous rendront la vie plus facile, achetez Tondeuse \u00e0 gazon \u00e9lectrique Gardena 15201-26 au meilleur prix. Le robot tondeuse Gardena mod\u00e8le 15201-26 est une tondeuse \u00e9lectrique con\u00e7ue pour entretenir des jardins jusqu\u2019\u00e0 250 [&hellip;]<\/p>\n","protected":false},"featured_media":21733,"comment_status":"open","ping_status":"closed","template":"","meta":[],"product_brand":[831],"product_cat":[613,239],"product_tag":[59,210],"class_list":{"0":"post-21734","1":"product","2":"type-product","3":"status-publish","4":"has-post-thumbnail","6":"product_brand-brandp_6026","7":"product_cat-bricolage-et-materiel","8":"product_cat-maison-jardin","9":"product_tag-tag_1304","10":"product_tag-tag_25","12":"first","13":"instock","14":"taxable","15":"shipping-taxable","16":"purchasable","17":"product-type-simple"},"_links":{"self":[{"href":"https:\/\/bigbuy.tupique.com\/es\/wp-json\/wp\/v2\/product\/21734","targetHints":{"allow":["GET"]}}],"collection":[{"href":"https:\/\/bigbuy.tupique.com\/es\/wp-json\/wp\/v2\/product"}],"about":[{"href":"https:\/\/bigbuy.tupique.com\/es\/wp-json\/wp\/v2\/types\/product"}],"replies":[{"embeddable":true,"href":"https:\/\/bigbuy.tupique.com\/es\/wp-json\/wp\/v2\/comments?post=21734"}],"wp:featuredmedia":[{"embeddable":true,"href":"https:\/\/bigbuy.tupique.com\/es\/wp-json\/wp\/v2\/media\/21733"}],"wp:attachment":[{"href":"https:\/\/bigbuy.tupique.com\/es\/wp-json\/wp\/v2\/media?parent=21734"}],"wp:term":[{"taxonomy":"product_brand","embeddable":true,"href":"https:\/\/bigbuy.tupique.com\/es\/wp-json\/wp\/v2\/product_brand?post=21734"},{"taxonomy":"product_cat","embeddable":true,"href":"https:\/\/bigbuy.tupique.com\/es\/wp-json\/wp\/v2\/product_cat?post=21734"},{"taxonomy":"product_tag","embeddable":true,"href":"https:\/\/bigbuy.tupique.com\/es\/wp-json\/wp\/v2\/product_tag?post=21734"}],"curies":[{"name":"wp","href":"https:\/\/api.w.org\/{rel}","templated":true}]}}