{"id":21677,"date":"2026-03-29T18:07:46","date_gmt":"2026-03-29T17:07:46","guid":{"rendered":"https:\/\/bigbuy.tupique.com\/produto\/laser-level-bosch-gll-3-80-professional-30-m\/"},"modified":"2026-05-11T20:02:43","modified_gmt":"2026-05-11T18:02:43","slug":"laser-level-bosch-gll-3-80-professional-30-m","status":"publish","type":"product","link":"https:\/\/bigbuy.tupique.com\/es\/produto\/laser-level-bosch-gll-3-80-professional-30-m\/","title":{"rendered":"Niveau laser BOSCH GLL 3-80 Professional 30 m"},"content":{"rendered":"<p>Si vous aimez prendre soin de chaque d\u00e9tail de votre maison et d&#8217;\u00eatre \u00e0 la derni\u00e8re mode en mati\u00e8re de produits qui vous rendront la vie plus facile, achetez <b>Niveau laser BOSCH GLL 3-80 Professional 30 m<\/b> au meilleur prix.<\/p>\n<ul>\n<li>Tension: 1,5 V<\/li>\n<li>Couleur: Bleu<\/li>\n<li>Mat\u00e9riel: Plastique<\/li>\n<li>Caract\u00e9ristiques:\n<ul>\n<li>Indicateur de batterie<\/li>\n<li>Automatique<\/li>\n<\/ul>\n<\/li>\n<li>Classification IP: IP54<\/li>\n<li>Fonctionne \u00e0 piles: Oui<\/li>\n<li>Inclut:\n<ul>\n<li>Batterie<\/li>\n<li>Batterie au lithium rechargeable<\/li>\n<\/ul>\n<\/li>\n<li>Type de batterie:\n<ul>\n<li>AA<\/li>\n<li>Lithium<\/li>\n<\/ul>\n<\/li>\n<li>Piles incluses: Oui<\/li>\n<li>Port\u00e9e: 30 m<\/li>\n<li>Autonomie approx.: 4 heures<\/li>\n<li>Pr\u00e9cision (humidit\u00e9 relative): 0 % &#8211; 90 %<\/li>\n<li>Temp\u00e9rature approximative: &#8211; 20\u00baC \/ 70\u00b0C<\/li>\n<\/ul>","protected":false},"excerpt":{"rendered":"<p>Si vous aimez prendre soin de chaque d\u00e9tail de votre maison et d&#8217;\u00eatre \u00e0 la derni\u00e8re mode en mati\u00e8re de produits qui vous rendront la vie plus facile, achetez Niveau laser BOSCH GLL 3-80 Professional 30 m au meilleur prix. Tension: 1,5 V Couleur: Bleu Mat\u00e9riel: Plastique Caract\u00e9ristiques: Indicateur de batterie Automatique Classification IP: IP54 [&hellip;]<\/p>\n","protected":false},"featured_media":21673,"comment_status":"open","ping_status":"closed","template":"","meta":[],"product_brand":[162],"product_cat":[613,239],"product_tag":[59,210],"class_list":{"0":"post-21677","1":"product","2":"type-product","3":"status-publish","4":"has-post-thumbnail","6":"product_brand-brandp_959","7":"product_cat-bricolage-et-materiel","8":"product_cat-maison-jardin","9":"product_tag-tag_1304","10":"product_tag-tag_25","12":"first","13":"instock","14":"taxable","15":"shipping-taxable","16":"purchasable","17":"product-type-simple"},"_links":{"self":[{"href":"https:\/\/bigbuy.tupique.com\/es\/wp-json\/wp\/v2\/product\/21677","targetHints":{"allow":["GET"]}}],"collection":[{"href":"https:\/\/bigbuy.tupique.com\/es\/wp-json\/wp\/v2\/product"}],"about":[{"href":"https:\/\/bigbuy.tupique.com\/es\/wp-json\/wp\/v2\/types\/product"}],"replies":[{"embeddable":true,"href":"https:\/\/bigbuy.tupique.com\/es\/wp-json\/wp\/v2\/comments?post=21677"}],"wp:featuredmedia":[{"embeddable":true,"href":"https:\/\/bigbuy.tupique.com\/es\/wp-json\/wp\/v2\/media\/21673"}],"wp:attachment":[{"href":"https:\/\/bigbuy.tupique.com\/es\/wp-json\/wp\/v2\/media?parent=21677"}],"wp:term":[{"taxonomy":"product_brand","embeddable":true,"href":"https:\/\/bigbuy.tupique.com\/es\/wp-json\/wp\/v2\/product_brand?post=21677"},{"taxonomy":"product_cat","embeddable":true,"href":"https:\/\/bigbuy.tupique.com\/es\/wp-json\/wp\/v2\/product_cat?post=21677"},{"taxonomy":"product_tag","embeddable":true,"href":"https:\/\/bigbuy.tupique.com\/es\/wp-json\/wp\/v2\/product_tag?post=21677"}],"curies":[{"name":"wp","href":"https:\/\/api.w.org\/{rel}","templated":true}]}}