{"id":21478,"date":"2026-03-29T17:53:02","date_gmt":"2026-03-29T16:53:02","guid":{"rendered":"https:\/\/bigbuy.tupique.com\/produto\/mens-watch-zeppelin-8888-2-black\/"},"modified":"2026-04-15T02:19:46","modified_gmt":"2026-04-15T01:19:46","slug":"mens-watch-zeppelin-8888-2-black","status":"publish","type":"product","link":"https:\/\/bigbuy.tupique.com\/es\/produto\/mens-watch-zeppelin-8888-2-black\/","title":{"rendered":"Montre Homme Zeppelin 8888-2 Noir"},"content":{"rendered":"<p>Si vous aimez suivre les derni\u00e8res tendances en mati\u00e8re de mode et accessoires, achetez <b>Montre Homme Zeppelin 8888-2 Noir<\/b> au meilleur prix.<\/p>\n<ul>\n<li>Liens suppl\u00e9mentaires: Non<\/li>\n<li>Type de montre: Montre-bracelet<\/li>\n<li>Couleur du bracelet: Noir<\/li>\n<li>Fonctionne \u00e0 piles: Oui<\/li>\n<li>Genre: Homme<\/li>\n<li>Couleur: Noir<\/li>\n<li>Materiau du bo\u00eetier: Acier inoxydable<\/li>\n<li>Mat\u00e9riau du bracelet: Cuir<\/li>\n<li>Type de batterie: LR44<\/li>\n<li>Type de mouvement: Quartz<\/li>\n<\/ul>","protected":false},"excerpt":{"rendered":"<p>Si vous aimez suivre les derni\u00e8res tendances en mati\u00e8re de mode et accessoires, achetez Montre Homme Zeppelin 8888-2 Noir au meilleur prix. Liens suppl\u00e9mentaires: Non Type de montre: Montre-bracelet Couleur du bracelet: Noir Fonctionne \u00e0 piles: Oui Genre: Homme Couleur: Noir Materiau du bo\u00eetier: Acier inoxydable Mat\u00e9riau du bracelet: Cuir Type de batterie: LR44 Type [&hellip;]<\/p>\n","protected":false},"featured_media":21476,"comment_status":"open","ping_status":"closed","template":"","meta":[],"product_brand":[1092],"product_cat":[544,744,545],"product_tag":[103,543],"class_list":{"0":"post-21478","1":"product","2":"type-product","3":"status-publish","4":"has-post-thumbnail","6":"product_brand-brandp_9619","7":"product_cat-mode-accessoires","8":"product_cat-montres-unisexe","9":"product_cat-montres-bracelets","10":"product_tag-tag_1261","11":"product_tag-tag_61","13":"first","14":"instock","15":"taxable","16":"shipping-taxable","17":"purchasable","18":"product-type-simple"},"_links":{"self":[{"href":"https:\/\/bigbuy.tupique.com\/es\/wp-json\/wp\/v2\/product\/21478","targetHints":{"allow":["GET"]}}],"collection":[{"href":"https:\/\/bigbuy.tupique.com\/es\/wp-json\/wp\/v2\/product"}],"about":[{"href":"https:\/\/bigbuy.tupique.com\/es\/wp-json\/wp\/v2\/types\/product"}],"replies":[{"embeddable":true,"href":"https:\/\/bigbuy.tupique.com\/es\/wp-json\/wp\/v2\/comments?post=21478"}],"wp:featuredmedia":[{"embeddable":true,"href":"https:\/\/bigbuy.tupique.com\/es\/wp-json\/wp\/v2\/media\/21476"}],"wp:attachment":[{"href":"https:\/\/bigbuy.tupique.com\/es\/wp-json\/wp\/v2\/media?parent=21478"}],"wp:term":[{"taxonomy":"product_brand","embeddable":true,"href":"https:\/\/bigbuy.tupique.com\/es\/wp-json\/wp\/v2\/product_brand?post=21478"},{"taxonomy":"product_cat","embeddable":true,"href":"https:\/\/bigbuy.tupique.com\/es\/wp-json\/wp\/v2\/product_cat?post=21478"},{"taxonomy":"product_tag","embeddable":true,"href":"https:\/\/bigbuy.tupique.com\/es\/wp-json\/wp\/v2\/product_tag?post=21478"}],"curies":[{"name":"wp","href":"https:\/\/api.w.org\/{rel}","templated":true}]}}