{"id":21331,"date":"2026-03-29T17:49:25","date_gmt":"2026-03-29T16:49:25","guid":{"rendered":"https:\/\/bigbuy.tupique.com\/produto\/perforating-hammer-metabo-1100-rpm\/"},"modified":"2026-05-11T20:00:53","modified_gmt":"2026-05-11T18:00:53","slug":"perforating-hammer-metabo-1100-rpm","status":"publish","type":"product","link":"https:\/\/bigbuy.tupique.com\/es\/produto\/perforating-hammer-metabo-1100-rpm\/","title":{"rendered":"Marteau perforateur Metabo 1100 rpm"},"content":{"rendered":"<p>Si vous aimez prendre soin de chaque d\u00e9tail de votre maison et d&#8217;\u00eatre \u00e0 la derni\u00e8re mode en mati\u00e8re de produits qui vous rendront la vie plus facile, achetez <b>Marteau perforateur Metabo 1100 rpm<\/b> au meilleur prix.<\/p>\n<p>Le <b>marteau perforateur Metabo<\/b> est un outil sans fil con\u00e7u pour offrir polyvalence et puissance dans les travaux de per\u00e7age et de percussion. \u00c9quip\u00e9 d\u2019un syst\u00e8me de <b>batterie 18 V<\/b>, il offre la mobilit\u00e9 n\u00e9cessaire sur chantier ou en atelier, sans les contraintes des c\u00e2bles. Sa structure en <b>noir et vert<\/b> allie durabilit\u00e9 et ergonomie, avec des composants en <b>plastique r\u00e9sistant<\/b> garantissant une prise en main confortable et s\u00fbre. Ce mod\u00e8le atteint une <b>vitesse maximale de 1100 tr\/min<\/b>, suffisante pour percer des mat\u00e9riaux durs comme le b\u00e9ton, la brique ou la pierre, facilitant les t\u00e2ches n\u00e9cessitant des impacts contr\u00f4l\u00e9s et efficaces. Son alimentation par batterie lithium assure non seulement une autonomie adapt\u00e9e, mais r\u00e9duit aussi le poids total de l\u2019outil, favorisant une utilisation prolong\u00e9e sans fatigue. L\u2019association de compacit\u00e9, puissance et technologie Metabo garantit une performance fiable et constante, adapt\u00e9e tant aux professionnels du b\u00e2timent qu\u2019aux amateurs exigeants qui recherchent qualit\u00e9 et efficacit\u00e9. Cet outil est livr\u00e9 en kit avec le <b>MetaBOX 165 L<\/b>, assurant un rangement et un transport ordonn\u00e9s et prot\u00e9g\u00e9s. En r\u00e9sum\u00e9, ce marteau perforateur se pr\u00e9sente comme une option pratique et performante pour les travaux demandant puissance et mobilit\u00e9 avec des batteries haute tension.<\/p>\n<ul>\n<li>Produit \u00e0 brancher: Oui<\/li>\n<li>Type de prise: Prise EU<\/li>\n<li>Bloc d\u2019Alimentation:\n<ul>\n<li>r\u00e9seau \u00e9lectrique<\/li>\n<li>Batterie<\/li>\n<li>Courant CC\/CA<\/li>\n<\/ul>\n<\/li>\n<li>Couleur:\n<ul>\n<li>Noir<\/li>\n<li>Vert<\/li>\n<\/ul>\n<\/li>\n<li>Mati\u00e8re: Plastique<\/li>\n<li>Tension:\n<ul>\n<li>36 V<\/li>\n<li>18 V<\/li>\n<\/ul>\n<\/li>\n<li>vitesse: 1100 rpm<\/li>\n<li>Inclut: Housse de transport<\/li>\n<li>Type de batterie: Litio Ion<\/li>\n<\/ul>","protected":false},"excerpt":{"rendered":"<p>Si vous aimez prendre soin de chaque d\u00e9tail de votre maison et d&#8217;\u00eatre \u00e0 la derni\u00e8re mode en mati\u00e8re de produits qui vous rendront la vie plus facile, achetez Marteau perforateur Metabo 1100 rpm au meilleur prix. Le marteau perforateur Metabo est un outil sans fil con\u00e7u pour offrir polyvalence et puissance dans les travaux [&hellip;]<\/p>\n","protected":false},"featured_media":21328,"comment_status":"open","ping_status":"closed","template":"","meta":[],"product_brand":[1003],"product_cat":[613,239],"product_tag":[59,210],"class_list":{"0":"post-21331","1":"product","2":"type-product","3":"status-publish","4":"has-post-thumbnail","6":"product_brand-brandp_6129","7":"product_cat-bricolage-et-materiel","8":"product_cat-maison-jardin","9":"product_tag-tag_1304","10":"product_tag-tag_25","12":"first","13":"instock","14":"taxable","15":"shipping-taxable","16":"purchasable","17":"product-type-simple"},"_links":{"self":[{"href":"https:\/\/bigbuy.tupique.com\/es\/wp-json\/wp\/v2\/product\/21331","targetHints":{"allow":["GET"]}}],"collection":[{"href":"https:\/\/bigbuy.tupique.com\/es\/wp-json\/wp\/v2\/product"}],"about":[{"href":"https:\/\/bigbuy.tupique.com\/es\/wp-json\/wp\/v2\/types\/product"}],"replies":[{"embeddable":true,"href":"https:\/\/bigbuy.tupique.com\/es\/wp-json\/wp\/v2\/comments?post=21331"}],"wp:featuredmedia":[{"embeddable":true,"href":"https:\/\/bigbuy.tupique.com\/es\/wp-json\/wp\/v2\/media\/21328"}],"wp:attachment":[{"href":"https:\/\/bigbuy.tupique.com\/es\/wp-json\/wp\/v2\/media?parent=21331"}],"wp:term":[{"taxonomy":"product_brand","embeddable":true,"href":"https:\/\/bigbuy.tupique.com\/es\/wp-json\/wp\/v2\/product_brand?post=21331"},{"taxonomy":"product_cat","embeddable":true,"href":"https:\/\/bigbuy.tupique.com\/es\/wp-json\/wp\/v2\/product_cat?post=21331"},{"taxonomy":"product_tag","embeddable":true,"href":"https:\/\/bigbuy.tupique.com\/es\/wp-json\/wp\/v2\/product_tag?post=21331"}],"curies":[{"name":"wp","href":"https:\/\/api.w.org\/{rel}","templated":true}]}}