{"id":21206,"date":"2026-03-29T17:46:14","date_gmt":"2026-03-29T16:46:14","guid":{"rendered":"https:\/\/bigbuy.tupique.com\/produto\/server-hpe-dl360-g11-intel-xeon-silver-4410y-32-gb-ram\/"},"modified":"2026-05-11T19:59:32","modified_gmt":"2026-05-11T17:59:32","slug":"server-hpe-dl360-g11-intel-xeon-silver-4410y-32-gb-ram","status":"publish","type":"product","link":"https:\/\/bigbuy.tupique.com\/es\/produto\/server-hpe-dl360-g11-intel-xeon-silver-4410y-32-gb-ram\/","title":{"rendered":"Serveur HPE DL360 G11 Intel Xeon Silver 4410Y 32 GB RAM"},"content":{"rendered":"<p>Si vous \u00eates passionn\u00e9 d&#8217;<b>informatique et d&#8217;\u00e9lectronique<\/b>, si vous \u00eates \u00e0 la pointe de la technologie et qu&#8217;aucun d\u00e9tail ne vous \u00e9chappe, achetez <b>Serveur HPE DL360 G11 Intel Xeon Silver 4410Y 32 GB RAM<\/b> au meilleur prix.<\/p>\n<ul>\n<li>Disque dur: 32 GB<\/li>\n<li>Produit \u00e0 brancher: Oui<\/li>\n<li>Type de prise: Prise EU<\/li>\n<li>Type:\n<ul>\n<li>Serveur<\/li>\n<li>SATA<\/li>\n<\/ul>\n<\/li>\n<li>Bloc d\u2019Alimentation:\n<ul>\n<li>r\u00e9seau \u00e9lectrique<\/li>\n<li>800 W<\/li>\n<li>800 V<\/li>\n<\/ul>\n<\/li>\n<li>Connexions:\n<ul>\n<li>Ethernet LAN<\/li>\n<li>VGA D-sub<\/li>\n<li>VGA<\/li>\n<li>RJ45<\/li>\n<li>USB-A 3.2<\/li>\n<\/ul>\n<\/li>\n<li>Chipset: Intel C741<\/li>\n<li>Processeur: Intel Xeon Silver 4410Y<\/li>\n<li>M\u00e9moire RAM: 32 GB RAM<\/li>\n<li>Type de m\u00e9moire: DDR5 SDRAM<\/li>\n<li>vitesse:\n<ul>\n<li>2 GHz<\/li>\n<li>4800 MHz<\/li>\n<\/ul>\n<\/li>\n<li>Interface: Gigabit Ethernet<\/li>\n<li>Compatible: 3,5&#8243;<\/li>\n<li>Connectivit\u00e9: Ethernet LAN<\/li>\n<li>Tension: 100 &#8211; 240 V<\/li>\n<li>Syst\u00e8me d&#8217;exploitation: Non<\/li>\n<li>Non Inclus: Type d&#8217;unit\u00e9 optique<\/li>\n<li>Caract\u00e9ristiques: Adaptateur graphique int\u00e9gr\u00e9<\/li>\n<li>Certificat: Certification ENERGY STAR<\/li>\n<li>Fr\u00e9quence: 3,9 GHz<\/li>\n<li>Cache: 30 MB<\/li>\n<li>Noyaux: 12 Noyaux<\/li>\n<li>Famille de processeurs:\n<ul>\n<li>Intel Xeon<\/li>\n<li>Intel<\/li>\n<\/ul>\n<\/li>\n<\/ul>","protected":false},"excerpt":{"rendered":"<p>Si vous \u00eates passionn\u00e9 d&#8217;informatique et d&#8217;\u00e9lectronique, si vous \u00eates \u00e0 la pointe de la technologie et qu&#8217;aucun d\u00e9tail ne vous \u00e9chappe, achetez Serveur HPE DL360 G11 Intel Xeon Silver 4410Y 32 GB RAM au meilleur prix. Disque dur: 32 GB Produit \u00e0 brancher: Oui Type de prise: Prise EU Type: Serveur SATA Bloc d\u2019Alimentation: [&hellip;]<\/p>\n","protected":false},"featured_media":21202,"comment_status":"open","ping_status":"closed","template":"","meta":[],"product_brand":[644],"product_cat":[65,958,959],"product_tag":[106],"class_list":{"0":"post-21206","1":"product","2":"type-product","3":"status-publish","4":"has-post-thumbnail","6":"product_brand-brandp_662","7":"product_cat-informatique-electronique","8":"product_cat-informatique-ordinateurs","9":"product_cat-serveurs","10":"product_tag-tag_1295","12":"first","13":"instock","14":"taxable","15":"shipping-taxable","16":"purchasable","17":"product-type-simple"},"_links":{"self":[{"href":"https:\/\/bigbuy.tupique.com\/es\/wp-json\/wp\/v2\/product\/21206","targetHints":{"allow":["GET"]}}],"collection":[{"href":"https:\/\/bigbuy.tupique.com\/es\/wp-json\/wp\/v2\/product"}],"about":[{"href":"https:\/\/bigbuy.tupique.com\/es\/wp-json\/wp\/v2\/types\/product"}],"replies":[{"embeddable":true,"href":"https:\/\/bigbuy.tupique.com\/es\/wp-json\/wp\/v2\/comments?post=21206"}],"wp:featuredmedia":[{"embeddable":true,"href":"https:\/\/bigbuy.tupique.com\/es\/wp-json\/wp\/v2\/media\/21202"}],"wp:attachment":[{"href":"https:\/\/bigbuy.tupique.com\/es\/wp-json\/wp\/v2\/media?parent=21206"}],"wp:term":[{"taxonomy":"product_brand","embeddable":true,"href":"https:\/\/bigbuy.tupique.com\/es\/wp-json\/wp\/v2\/product_brand?post=21206"},{"taxonomy":"product_cat","embeddable":true,"href":"https:\/\/bigbuy.tupique.com\/es\/wp-json\/wp\/v2\/product_cat?post=21206"},{"taxonomy":"product_tag","embeddable":true,"href":"https:\/\/bigbuy.tupique.com\/es\/wp-json\/wp\/v2\/product_tag?post=21206"}],"curies":[{"name":"wp","href":"https:\/\/api.w.org\/{rel}","templated":true}]}}