{"id":21190,"date":"2026-03-29T17:45:50","date_gmt":"2026-03-29T16:45:50","guid":{"rendered":"https:\/\/bigbuy.tupique.com\/produto\/angle-meter-bosch-gam-270-mfl\/"},"modified":"2026-04-16T16:37:24","modified_gmt":"2026-04-16T15:37:24","slug":"angle-meter-bosch-gam-270-mfl","status":"publish","type":"product","link":"https:\/\/bigbuy.tupique.com\/es\/produto\/angle-meter-bosch-gam-270-mfl\/","title":{"rendered":"Mesureur d&#8217;angles BOSCH GAM 270 MFL"},"content":{"rendered":"<p>Si vous aimez prendre soin de chaque d\u00e9tail de votre maison et d&#8217;\u00eatre \u00e0 la derni\u00e8re mode en mati\u00e8re de produits qui vous rendront la vie plus facile, achetez <b>Mesureur d&#8217;angles BOSCH GAM 270 MFL<\/b> au meilleur prix.<\/p>\n<p>Le <b>niveau \u00e0 bulle Bosch Professional GAM 270 MFL<\/b> est un outil de mesure avanc\u00e9 con\u00e7u pour les professionnels n\u00e9cessitant une grande pr\u00e9cision dans la d\u00e9termination des inclinaisons et des angles. Cet appareil combine la fonctionnalit\u00e9 traditionnelle d\u2019un niveau avec l\u2019int\u00e9gration de la technologie num\u00e9rique, offrant des mesures fiables et rapides pour les travaux de construction, d\u2019installation et d\u2019\u00e9talonnage en int\u00e9rieur comme en ext\u00e9rieur. Il se distingue par sa structure robuste, avec un corps en <b>plastique r\u00e9sistant<\/b> et des finitions en <b>noir et argent\u00e9<\/b>, garantissant durabilit\u00e9 et maniabilit\u00e9. Son alimentation par <b>batterie 6 V<\/b> assure une autonomie prolong\u00e9e pour les longues journ\u00e9es de travail sans interruption. De plus, le GAM 270 MFL propose un \u00e9cran digital clair facilitant la lecture imm\u00e9diate des angles et degr\u00e9s, am\u00e9liorant la pr\u00e9cision par rapport aux niveaux \u00e0 bulle classiques. Son design ergonomique et compact permet un transport ais\u00e9 et un positionnement stable lors de l\u2019utilisation, tandis que sa polyvalence couvre de la mise \u00e0 niveau basique \u00e0 la mesure pr\u00e9cise d\u2019inclinaisons complexes. En r\u00e9sum\u00e9, cet outil de la marque reconnue Bosch s\u2019impose comme une option fiable et pratique pour les techniciens et professionnels recherchant polyvalence et exactitude dans leurs instruments de mesure.<\/p>\n<ul>\n<li>Couleur:\n<ul>\n<li>Argent\u00e9<\/li>\n<li>Bleu<\/li>\n<\/ul>\n<\/li>\n<li>Mati\u00e8re: Plastique<\/li>\n<li>Tension: 6 V<\/li>\n<li>Bloc d\u2019Alimentation: Batterie<\/li>\n<li>Inclut:\n<ul>\n<li>Batterie<\/li>\n<li>Housse de transport<\/li>\n<\/ul>\n<\/li>\n<li>Piles incluses: Oui<\/li>\n<li>Caract\u00e9ristiques: Automatique<\/li>\n<\/ul>","protected":false},"excerpt":{"rendered":"<p>Si vous aimez prendre soin de chaque d\u00e9tail de votre maison et d&#8217;\u00eatre \u00e0 la derni\u00e8re mode en mati\u00e8re de produits qui vous rendront la vie plus facile, achetez Mesureur d&#8217;angles BOSCH GAM 270 MFL au meilleur prix. Le niveau \u00e0 bulle Bosch Professional GAM 270 MFL est un outil de mesure avanc\u00e9 con\u00e7u pour [&hellip;]<\/p>\n","protected":false},"featured_media":21185,"comment_status":"open","ping_status":"closed","template":"","meta":[],"product_brand":[162],"product_cat":[613,239],"product_tag":[59,210],"class_list":{"0":"post-21190","1":"product","2":"type-product","3":"status-publish","4":"has-post-thumbnail","6":"product_brand-brandp_959","7":"product_cat-bricolage-et-materiel","8":"product_cat-maison-jardin","9":"product_tag-tag_1304","10":"product_tag-tag_25","12":"first","13":"instock","14":"taxable","15":"shipping-taxable","16":"purchasable","17":"product-type-simple"},"_links":{"self":[{"href":"https:\/\/bigbuy.tupique.com\/es\/wp-json\/wp\/v2\/product\/21190","targetHints":{"allow":["GET"]}}],"collection":[{"href":"https:\/\/bigbuy.tupique.com\/es\/wp-json\/wp\/v2\/product"}],"about":[{"href":"https:\/\/bigbuy.tupique.com\/es\/wp-json\/wp\/v2\/types\/product"}],"replies":[{"embeddable":true,"href":"https:\/\/bigbuy.tupique.com\/es\/wp-json\/wp\/v2\/comments?post=21190"}],"wp:featuredmedia":[{"embeddable":true,"href":"https:\/\/bigbuy.tupique.com\/es\/wp-json\/wp\/v2\/media\/21185"}],"wp:attachment":[{"href":"https:\/\/bigbuy.tupique.com\/es\/wp-json\/wp\/v2\/media?parent=21190"}],"wp:term":[{"taxonomy":"product_brand","embeddable":true,"href":"https:\/\/bigbuy.tupique.com\/es\/wp-json\/wp\/v2\/product_brand?post=21190"},{"taxonomy":"product_cat","embeddable":true,"href":"https:\/\/bigbuy.tupique.com\/es\/wp-json\/wp\/v2\/product_cat?post=21190"},{"taxonomy":"product_tag","embeddable":true,"href":"https:\/\/bigbuy.tupique.com\/es\/wp-json\/wp\/v2\/product_tag?post=21190"}],"curies":[{"name":"wp","href":"https:\/\/api.w.org\/{rel}","templated":true}]}}