{"id":21118,"date":"2026-03-29T17:33:49","date_gmt":"2026-03-29T16:33:49","guid":{"rendered":"https:\/\/bigbuy.tupique.com\/produto\/angle-grinder-bosch-gwx-18v-10-sc\/"},"modified":"2026-04-16T16:37:25","modified_gmt":"2026-04-16T15:37:25","slug":"angle-grinder-bosch-gwx-18v-10-sc","status":"publish","type":"product","link":"https:\/\/bigbuy.tupique.com\/es\/produto\/angle-grinder-bosch-gwx-18v-10-sc\/","title":{"rendered":"Meuleuse d&#8217;angle BOSCH GWX 18V-10 SC"},"content":{"rendered":"<p>Si vous aimez prendre soin de chaque d\u00e9tail de votre maison et d&#8217;\u00eatre \u00e0 la derni\u00e8re mode en mati\u00e8re de produits qui vous rendront la vie plus facile, achetez <b>Meuleuse d&#8217;angle BOSCH GWX 18V-10 SC<\/b> au meilleur prix.<\/p>\n<p>La <b>meuleuse d\u2019angle BOSCH GWX 18V-10 SC<\/b> est un outil professionnel con\u00e7u pour offrir haute performance et mobilit\u00e9 maximale lors des travaux de coupe, meulage et polissage. Elle fait partie de la gamme <b>BOSCH PROFESSIONAL<\/b> et se distingue par son <b>moteur sans balais puissant<\/b> d\u00e9veloppant une puissance \u00e9quivalente \u00e0 une meuleuse filaire de <b>1000 W<\/b>, permettant d\u2019affronter des t\u00e2ches exigeantes sans perdre en efficacit\u00e9 ni contr\u00f4le. Cet outil fonctionne avec une batterie de <b>18 V<\/b>, garantissant une autonomie adapt\u00e9e et \u00e9liminant les contraintes li\u00e9es aux c\u00e2bles, favorisant la libert\u00e9 de mouvement en atelier ou sur chantier. Son syst\u00e8me <b>X-LOCK<\/b> facilite le changement rapide et sans outil des disques de <b>125 mm<\/b>, optimisant polyvalence et confort d\u2019utilisation, tout en int\u00e9grant la connectivit\u00e9 Bluetooth pour contr\u00f4ler et ajuster les fonctions de mani\u00e8re rapide et s\u00e9curis\u00e9e. De couleur <b>bleue<\/b>, la GWX 18V-10 SC appartient \u00e0 la plateforme ProCORE18V, assurant la compatibilit\u00e9 avec d\u2019autres batteries BOSCH haute performance, maximisant l\u2019investissement en \u00e9quipement professionnel. De plus, son design ergonomique et compact favorise une prise en main efficace et moins fatigante, tandis que le syst\u00e8me \u00e9lectronique int\u00e9gr\u00e9 offre une meilleure protection contre les surcharges et prolonge la dur\u00e9e de vie de l\u2019appareil. Avec prise europ\u00e9enne et alimentation sur batterie, cette meuleuse d\u2019angle se pr\u00e9sente comme une solution robuste, efficace et adaptable pour les professionnels recherchant puissance, pr\u00e9cision et autonomie dans des outils sans fil haut de gamme. En r\u00e9sum\u00e9, la GWX 18V-10 SC incarne l\u2019\u00e9volution et l\u2019innovation technique que BOSCH apporte \u00e0 sa gamme d\u2019outils \u00e9lectriques pour utilisateurs exigeants.<\/p>\n<ul>\n<li>Inclut: Batterie<\/li>\n<li>Capacit\u00e9 de la batterie: 4 Ah<\/li>\n<li>Produit \u00e0 brancher: Oui<\/li>\n<li>Type de prise: Prise EU<\/li>\n<li>Bloc d\u2019Alimentation: r\u00e9seau \u00e9lectrique<\/li>\n<li>Couleur: Bleu<\/li>\n<li>puissance: 1000 W<\/li>\n<li>Tension: 18 V<\/li>\n<\/ul>","protected":false},"excerpt":{"rendered":"<p>Si vous aimez prendre soin de chaque d\u00e9tail de votre maison et d&#8217;\u00eatre \u00e0 la derni\u00e8re mode en mati\u00e8re de produits qui vous rendront la vie plus facile, achetez Meuleuse d&#8217;angle BOSCH GWX 18V-10 SC au meilleur prix. La meuleuse d\u2019angle BOSCH GWX 18V-10 SC est un outil professionnel con\u00e7u pour offrir haute performance et [&hellip;]<\/p>\n","protected":false},"featured_media":21117,"comment_status":"open","ping_status":"closed","template":"","meta":[],"product_brand":[162],"product_cat":[613,239],"product_tag":[59,210],"class_list":{"0":"post-21118","1":"product","2":"type-product","3":"status-publish","4":"has-post-thumbnail","6":"product_brand-brandp_959","7":"product_cat-bricolage-et-materiel","8":"product_cat-maison-jardin","9":"product_tag-tag_1304","10":"product_tag-tag_25","12":"first","13":"instock","14":"taxable","15":"shipping-taxable","16":"purchasable","17":"product-type-simple"},"_links":{"self":[{"href":"https:\/\/bigbuy.tupique.com\/es\/wp-json\/wp\/v2\/product\/21118","targetHints":{"allow":["GET"]}}],"collection":[{"href":"https:\/\/bigbuy.tupique.com\/es\/wp-json\/wp\/v2\/product"}],"about":[{"href":"https:\/\/bigbuy.tupique.com\/es\/wp-json\/wp\/v2\/types\/product"}],"replies":[{"embeddable":true,"href":"https:\/\/bigbuy.tupique.com\/es\/wp-json\/wp\/v2\/comments?post=21118"}],"wp:featuredmedia":[{"embeddable":true,"href":"https:\/\/bigbuy.tupique.com\/es\/wp-json\/wp\/v2\/media\/21117"}],"wp:attachment":[{"href":"https:\/\/bigbuy.tupique.com\/es\/wp-json\/wp\/v2\/media?parent=21118"}],"wp:term":[{"taxonomy":"product_brand","embeddable":true,"href":"https:\/\/bigbuy.tupique.com\/es\/wp-json\/wp\/v2\/product_brand?post=21118"},{"taxonomy":"product_cat","embeddable":true,"href":"https:\/\/bigbuy.tupique.com\/es\/wp-json\/wp\/v2\/product_cat?post=21118"},{"taxonomy":"product_tag","embeddable":true,"href":"https:\/\/bigbuy.tupique.com\/es\/wp-json\/wp\/v2\/product_tag?post=21118"}],"curies":[{"name":"wp","href":"https:\/\/api.w.org\/{rel}","templated":true}]}}