{"id":21033,"date":"2026-03-29T17:31:44","date_gmt":"2026-03-29T16:31:44","guid":{"rendered":"https:\/\/bigbuy.tupique.com\/produto\/tablet-mount-elo-touch-systems-e048069-black-1-unit\/"},"modified":"2026-04-15T02:19:18","modified_gmt":"2026-04-15T01:19:18","slug":"tablet-mount-elo-touch-systems-e048069-black-1-unit","status":"publish","type":"product","link":"https:\/\/bigbuy.tupique.com\/es\/produto\/tablet-mount-elo-touch-systems-e048069-black-1-unit\/","title":{"rendered":"Support de tablette Elo Touch Systems E048069 Noir (1 Unit\u00e9)"},"content":{"rendered":"<p>Si vous \u00eates passionn\u00e9 d&#8217;<b>informatique et d&#8217;\u00e9lectronique<\/b>, si vous \u00eates \u00e0 la pointe de la technologie et qu&#8217;aucun d\u00e9tail ne vous \u00e9chappe, achetez <b>Support de tablette Elo Touch Systems E048069 Noir (1 Unit\u00e9)<\/b> au meilleur prix.<\/p>\n<ul>\n<li>Type:\n<ul>\n<li>Support pour t\u00e9l\u00e9phone portable ou tablette<\/li>\n<li>Support pour le sol<\/li>\n<\/ul>\n<\/li>\n<li>Couleur: Noir<\/li>\n<li>Ecran:\n<ul>\n<li>10&#8243;<\/li>\n<li>22&#8243;<\/li>\n<\/ul>\n<\/li>\n<li>Unit\u00e9s: 1 Unit\u00e9<\/li>\n<\/ul>","protected":false},"excerpt":{"rendered":"<p><span class=\"unit-info\">398.9900 &euro; \/ 1 unit<\/span><\/p>","protected":false},"featured_media":21031,"comment_status":"open","ping_status":"closed","template":"","meta":[],"product_brand":[980],"product_cat":[623,65,973],"product_tag":[566,106,164],"class_list":{"0":"post-21033","1":"product","2":"type-product","3":"status-publish","4":"has-post-thumbnail","6":"product_brand-brandp_4775","7":"product_cat-electronique-gps-et-automobile","8":"product_cat-informatique-electronique","9":"product_cat-supports-pour-portables-et-tablettes","10":"product_tag-tag_547","11":"product_tag-tag_1295","12":"product_tag-tag_152","14":"first","15":"instock","16":"taxable","17":"shipping-taxable","18":"purchasable","19":"product-type-simple"},"_links":{"self":[{"href":"https:\/\/bigbuy.tupique.com\/es\/wp-json\/wp\/v2\/product\/21033","targetHints":{"allow":["GET"]}}],"collection":[{"href":"https:\/\/bigbuy.tupique.com\/es\/wp-json\/wp\/v2\/product"}],"about":[{"href":"https:\/\/bigbuy.tupique.com\/es\/wp-json\/wp\/v2\/types\/product"}],"replies":[{"embeddable":true,"href":"https:\/\/bigbuy.tupique.com\/es\/wp-json\/wp\/v2\/comments?post=21033"}],"wp:featuredmedia":[{"embeddable":true,"href":"https:\/\/bigbuy.tupique.com\/es\/wp-json\/wp\/v2\/media\/21031"}],"wp:attachment":[{"href":"https:\/\/bigbuy.tupique.com\/es\/wp-json\/wp\/v2\/media?parent=21033"}],"wp:term":[{"taxonomy":"product_brand","embeddable":true,"href":"https:\/\/bigbuy.tupique.com\/es\/wp-json\/wp\/v2\/product_brand?post=21033"},{"taxonomy":"product_cat","embeddable":true,"href":"https:\/\/bigbuy.tupique.com\/es\/wp-json\/wp\/v2\/product_cat?post=21033"},{"taxonomy":"product_tag","embeddable":true,"href":"https:\/\/bigbuy.tupique.com\/es\/wp-json\/wp\/v2\/product_tag?post=21033"}],"curies":[{"name":"wp","href":"https:\/\/api.w.org\/{rel}","templated":true}]}}