{"id":21003,"date":"2026-03-29T17:30:54","date_gmt":"2026-03-29T16:30:54","guid":{"rendered":"https:\/\/bigbuy.tupique.com\/produto\/network-card-synology-e10g30-t2\/"},"modified":"2026-04-15T02:19:12","modified_gmt":"2026-04-15T01:19:12","slug":"network-card-synology-e10g30-t2","status":"publish","type":"product","link":"https:\/\/bigbuy.tupique.com\/es\/produto\/network-card-synology-e10g30-t2\/","title":{"rendered":"Carte R\u00e9seau Synology E10G30-T2"},"content":{"rendered":"<p>Si vous \u00eates passionn\u00e9 d&#8217;<b>informatique et d&#8217;\u00e9lectronique<\/b>, si vous \u00eates \u00e0 la pointe de la technologie et qu&#8217;aucun d\u00e9tail ne vous \u00e9chappe, achetez <b>Carte R\u00e9seau Synology E10G30-T2<\/b> au meilleur prix.<\/p>\n<ul>\n<li>vitesse: 10 Gbps<\/li>\n<li>Connexions:\n<ul>\n<li>RJ45 x 1<\/li>\n<li>Ethernet LAN<\/li>\n<li>2<\/li>\n<li>RJ45<\/li>\n<li>PCI Express<\/li>\n<\/ul>\n<\/li>\n<li>Type:\n<ul>\n<li>Carte R\u00e9seau<\/li>\n<li>Avec fil<\/li>\n<\/ul>\n<\/li>\n<li>Interface:\n<ul>\n<li>Ethernet<\/li>\n<li>PCI Express<\/li>\n<\/ul>\n<\/li>\n<li>Transmission de donn\u00e9es: 10000 Mbit\/s<\/li>\n<li>Pays \/ r\u00e9gion de fabrication: Espagne<\/li>\n<li>Bloc d\u2019Alimentation: Avec fil<\/li>\n<\/ul>","protected":false},"excerpt":{"rendered":"<p>Si vous \u00eates passionn\u00e9 d&#8217;informatique et d&#8217;\u00e9lectronique, si vous \u00eates \u00e0 la pointe de la technologie et qu&#8217;aucun d\u00e9tail ne vous \u00e9chappe, achetez Carte R\u00e9seau Synology E10G30-T2 au meilleur prix. vitesse: 10 Gbps Connexions: RJ45 x 1 Ethernet LAN 2 RJ45 PCI Express Type: Carte R\u00e9seau Avec fil Interface: Ethernet PCI Express Transmission de donn\u00e9es: [&hellip;]<\/p>\n","protected":false},"featured_media":21002,"comment_status":"open","ping_status":"closed","template":"","meta":[],"product_brand":[990],"product_cat":[604,65,584],"product_tag":[106],"class_list":{"0":"post-21003","1":"product","2":"type-product","3":"status-publish","4":"has-post-thumbnail","6":"product_brand-brandp_653","7":"product_cat-cartes-pci","8":"product_cat-informatique-electronique","9":"product_cat-informatique-reseaux-et-composants","10":"product_tag-tag_1295","12":"first","13":"instock","14":"taxable","15":"shipping-taxable","16":"purchasable","17":"product-type-simple"},"_links":{"self":[{"href":"https:\/\/bigbuy.tupique.com\/es\/wp-json\/wp\/v2\/product\/21003","targetHints":{"allow":["GET"]}}],"collection":[{"href":"https:\/\/bigbuy.tupique.com\/es\/wp-json\/wp\/v2\/product"}],"about":[{"href":"https:\/\/bigbuy.tupique.com\/es\/wp-json\/wp\/v2\/types\/product"}],"replies":[{"embeddable":true,"href":"https:\/\/bigbuy.tupique.com\/es\/wp-json\/wp\/v2\/comments?post=21003"}],"wp:featuredmedia":[{"embeddable":true,"href":"https:\/\/bigbuy.tupique.com\/es\/wp-json\/wp\/v2\/media\/21002"}],"wp:attachment":[{"href":"https:\/\/bigbuy.tupique.com\/es\/wp-json\/wp\/v2\/media?parent=21003"}],"wp:term":[{"taxonomy":"product_brand","embeddable":true,"href":"https:\/\/bigbuy.tupique.com\/es\/wp-json\/wp\/v2\/product_brand?post=21003"},{"taxonomy":"product_cat","embeddable":true,"href":"https:\/\/bigbuy.tupique.com\/es\/wp-json\/wp\/v2\/product_cat?post=21003"},{"taxonomy":"product_tag","embeddable":true,"href":"https:\/\/bigbuy.tupique.com\/es\/wp-json\/wp\/v2\/product_tag?post=21003"}],"curies":[{"name":"wp","href":"https:\/\/api.w.org\/{rel}","templated":true}]}}