{"id":20911,"date":"2026-03-29T17:28:40","date_gmt":"2026-03-29T16:28:40","guid":{"rendered":"https:\/\/bigbuy.tupique.com\/produto\/cat-litter-box-trixie-53-x-555-x-52-cm-white-plastic\/"},"modified":"2026-05-11T20:02:55","modified_gmt":"2026-05-11T18:02:55","slug":"cat-litter-box-trixie-53-x-555-x-52-cm-white-plastic","status":"publish","type":"product","link":"https:\/\/bigbuy.tupique.com\/es\/produto\/cat-litter-box-trixie-53-x-555-x-52-cm-white-plastic\/","title":{"rendered":"Bac \u00e0 liti\u00e8re pour chats Trixie 53 x 55,5 x 52 cm Blanc Plastique"},"content":{"rendered":"<p>Si vous \u00eates \u00e0 la recherche de nouvelles tendances sur le march\u00e9, nous vous pr\u00e9sentons <b>Bac \u00e0 liti\u00e8re pour chats Trixie 53 x 55,5 x 52 cm Blanc Plastique<\/b> !<\/p>\n<ul>\n<li>Animal de compagnie: Chat<\/li>\n<li>Type: Bac \u00e0 liti\u00e8re pour chats<\/li>\n<li>Dimensions approx.: 53 x 55,5 x 52 cm<\/li>\n<li>Caract\u00e9ristiques:\n<ul>\n<li>Auto-nettoyant<\/li>\n<li>Facile \u00e0 nettoyer<\/li>\n<\/ul>\n<\/li>\n<li>Couleur: Blanc<\/li>\n<li>Mat\u00e9riel: Plastique<\/li>\n<li>Design: Moderne<\/li>\n<\/ul>","protected":false},"excerpt":{"rendered":"<p>Si vous \u00eates \u00e0 la recherche de nouvelles tendances sur le march\u00e9, nous vous pr\u00e9sentons Bac \u00e0 liti\u00e8re pour chats Trixie 53 x 55,5 x 52 cm Blanc Plastique ! Animal de compagnie: Chat Type: Bac \u00e0 liti\u00e8re pour chats Dimensions approx.: 53 x 55,5 x 52 cm Caract\u00e9ristiques: Auto-nettoyant Facile \u00e0 nettoyer Couleur: Blanc [&hellip;]<\/p>\n","protected":false},"featured_media":20910,"comment_status":"open","ping_status":"closed","template":"","meta":[],"product_brand":[445],"product_cat":[621,786,239],"product_tag":[59],"class_list":{"0":"post-20911","1":"product","2":"type-product","3":"status-publish","4":"has-post-thumbnail","6":"product_brand-brandp_3600","7":"product_cat-animaux-de-compagnie","8":"product_cat-jouets","9":"product_cat-maison-jardin","10":"product_tag-tag_1304","12":"first","13":"instock","14":"taxable","15":"shipping-taxable","16":"purchasable","17":"product-type-simple"},"_links":{"self":[{"href":"https:\/\/bigbuy.tupique.com\/es\/wp-json\/wp\/v2\/product\/20911","targetHints":{"allow":["GET"]}}],"collection":[{"href":"https:\/\/bigbuy.tupique.com\/es\/wp-json\/wp\/v2\/product"}],"about":[{"href":"https:\/\/bigbuy.tupique.com\/es\/wp-json\/wp\/v2\/types\/product"}],"replies":[{"embeddable":true,"href":"https:\/\/bigbuy.tupique.com\/es\/wp-json\/wp\/v2\/comments?post=20911"}],"wp:featuredmedia":[{"embeddable":true,"href":"https:\/\/bigbuy.tupique.com\/es\/wp-json\/wp\/v2\/media\/20910"}],"wp:attachment":[{"href":"https:\/\/bigbuy.tupique.com\/es\/wp-json\/wp\/v2\/media?parent=20911"}],"wp:term":[{"taxonomy":"product_brand","embeddable":true,"href":"https:\/\/bigbuy.tupique.com\/es\/wp-json\/wp\/v2\/product_brand?post=20911"},{"taxonomy":"product_cat","embeddable":true,"href":"https:\/\/bigbuy.tupique.com\/es\/wp-json\/wp\/v2\/product_cat?post=20911"},{"taxonomy":"product_tag","embeddable":true,"href":"https:\/\/bigbuy.tupique.com\/es\/wp-json\/wp\/v2\/product_tag?post=20911"}],"curies":[{"name":"wp","href":"https:\/\/api.w.org\/{rel}","templated":true}]}}