{"id":20860,"date":"2026-03-29T17:27:38","date_gmt":"2026-03-29T16:27:38","guid":{"rendered":"https:\/\/bigbuy.tupique.com\/produto\/cordless-vacuum-cleaner-shark-120-w-grey\/"},"modified":"2026-05-11T20:02:56","modified_gmt":"2026-05-11T18:02:56","slug":"cordless-vacuum-cleaner-shark-120-w-grey","status":"publish","type":"product","link":"https:\/\/bigbuy.tupique.com\/es\/produto\/cordless-vacuum-cleaner-shark-120-w-grey\/","title":{"rendered":"Aspirateur sans fil Shark 120 W Gris"},"content":{"rendered":"<p>Si vous recherchez des \u00e9lectrom\u00e9nagers pour votre maison aux meilleurs prix, ne manquez pas <b>Aspirateur sans fil Shark 120 W Gris<\/b> et une large s\u00e9lection de petits \u00e9lectrom\u00e9nagers de qualit\u00e9 !<\/p>\n<ul>\n<li>Type: Aspirateur sans fil<\/li>\n<li>puissance: 120 W<\/li>\n<li>Couleur: Gris<\/li>\n<li>Caract\u00e9ristiques: Sans fils<\/li>\n<li>Capacit\u00e9: 500 ml<\/li>\n<li>Bloc d\u2019Alimentation: Batterie<\/li>\n<li>Mat\u00e9riel: Mousse<\/li>\n<li>Inclut: Manuel de l&#8217;utilisateur<\/li>\n<li>Type de batterie: Batterie au lithium rechargeable<\/li>\n<li>Autonomie approx.: 25 minutes<\/li>\n<\/ul>","protected":false},"excerpt":{"rendered":"<p>Si vous recherchez des \u00e9lectrom\u00e9nagers pour votre maison aux meilleurs prix, ne manquez pas Aspirateur sans fil Shark 120 W Gris et une large s\u00e9lection de petits \u00e9lectrom\u00e9nagers de qualit\u00e9 ! Type: Aspirateur sans fil puissance: 120 W Couleur: Gris Caract\u00e9ristiques: Sans fils Capacit\u00e9: 500 ml Bloc d\u2019Alimentation: Batterie Mat\u00e9riel: Mousse Inclut: Manuel de l&#8217;utilisateur [&hellip;]<\/p>\n","protected":false},"featured_media":20854,"comment_status":"open","ping_status":"closed","template":"","meta":[],"product_brand":[1078],"product_cat":[762,239,240],"product_tag":[59,56,210],"class_list":{"0":"post-20860","1":"product","2":"type-product","3":"status-publish","4":"has-post-thumbnail","6":"product_brand-brandp_5354","7":"product_cat-aspirateurs-et-robots","8":"product_cat-maison-jardin","9":"product_cat-nettoyage-aspirateur-et-repassage","10":"product_tag-tag_1304","11":"product_tag-tag_930","12":"product_tag-tag_25","14":"first","15":"instock","16":"taxable","17":"shipping-taxable","18":"purchasable","19":"product-type-simple"},"_links":{"self":[{"href":"https:\/\/bigbuy.tupique.com\/es\/wp-json\/wp\/v2\/product\/20860","targetHints":{"allow":["GET"]}}],"collection":[{"href":"https:\/\/bigbuy.tupique.com\/es\/wp-json\/wp\/v2\/product"}],"about":[{"href":"https:\/\/bigbuy.tupique.com\/es\/wp-json\/wp\/v2\/types\/product"}],"replies":[{"embeddable":true,"href":"https:\/\/bigbuy.tupique.com\/es\/wp-json\/wp\/v2\/comments?post=20860"}],"wp:featuredmedia":[{"embeddable":true,"href":"https:\/\/bigbuy.tupique.com\/es\/wp-json\/wp\/v2\/media\/20854"}],"wp:attachment":[{"href":"https:\/\/bigbuy.tupique.com\/es\/wp-json\/wp\/v2\/media?parent=20860"}],"wp:term":[{"taxonomy":"product_brand","embeddable":true,"href":"https:\/\/bigbuy.tupique.com\/es\/wp-json\/wp\/v2\/product_brand?post=20860"},{"taxonomy":"product_cat","embeddable":true,"href":"https:\/\/bigbuy.tupique.com\/es\/wp-json\/wp\/v2\/product_cat?post=20860"},{"taxonomy":"product_tag","embeddable":true,"href":"https:\/\/bigbuy.tupique.com\/es\/wp-json\/wp\/v2\/product_tag?post=20860"}],"curies":[{"name":"wp","href":"https:\/\/api.w.org\/{rel}","templated":true}]}}