{"id":20765,"date":"2026-03-29T17:13:58","date_gmt":"2026-03-29T16:13:58","guid":{"rendered":"https:\/\/bigbuy.tupique.com\/produto\/switch-startech-ies1g52up12v\/"},"modified":"2026-05-11T19:58:43","modified_gmt":"2026-05-11T17:58:43","slug":"switch-startech-ies1g52up12v","status":"publish","type":"product","link":"https:\/\/bigbuy.tupique.com\/es\/produto\/switch-startech-ies1g52up12v\/","title":{"rendered":"Switch Startech IES1G52UP12V"},"content":{"rendered":"<p>Si vous \u00eates passionn\u00e9 d&#8217;<b>informatique et d&#8217;\u00e9lectronique<\/b>, si vous \u00eates \u00e0 la pointe de la technologie et qu&#8217;aucun d\u00e9tail ne vous \u00e9chappe, achetez <b>Switch Startech IES1G52UP12V<\/b> au meilleur prix.<\/p>\n<p>Le <b>Switch IES1G52UP12V<\/b> de <b>StarTech<\/b> est un <b>commutateur Ethernet industriel Gigabit<\/b> con\u00e7u pour les environnements n\u00e9cessitant haute fiabilit\u00e9 et flexibilit\u00e9 dans les r\u00e9seaux critiques. Il dispose de six ports pour connecter des appareils : cinq ports <b>RJ45<\/b>, dont quatre offrent une capacit\u00e9 <b>PoE+ avec alimentation jusqu\u2019\u00e0 30 W par port<\/b>, et deux emplacements pour modules <b>SFP<\/b> facilitant les liaisons montantes ou la connexion d\u2019appareils non PoE. Son design compact, avec bo\u00eetier certifi\u00e9 <b>IP-30<\/b>, permet une installation murale ou sur rail DIN, id\u00e9al pour les secteurs industriel, transport ou solaire gr\u00e2ce \u00e0 une alimentation large de <b>12 V \u00e0 56 V CC<\/b>, \u00e9vitant le besoin d\u2019\u00e9quipements d\u2019alimentation suppl\u00e9mentaires. Sa capacit\u00e9 de commutation atteint <b>12 Gbit\/s<\/b> avec prise en charge Ethernet \u00e0 <b>vitesses Gigabit (10\/100\/1000 Mbps)<\/b> et communication en <b>full duplex<\/b>. Il supporte les normes IEEE 802.3, 802.3af et 802.3at, assurant la compatibilit\u00e9 avec les appareils PoE\/IP tels que cam\u00e9ras, capteurs ou points d\u2019acc\u00e8s Wi-Fi. Ce mod\u00e8le offre une redondance via sa double entr\u00e9e d\u2019alimentation et un large intervalle de temp\u00e9rature de fonctionnement de <b>-40 \u00b0C \u00e0 75 \u00b0C<\/b>, adapt\u00e9 aux conditions extr\u00eames. Il est \u00e9galement certifi\u00e9 contre les vibrations, chocs et chutes selon EN 60068, et int\u00e8gre un dissipateur thermique en aluminium am\u00e9liorant le refroidissement passif, garantissant une longue dur\u00e9e de vie avec un MTBF sup\u00e9rieur \u00e0 <b>600 000 heures<\/b>. En r\u00e9sum\u00e9, ce switch non manageable propose une solution robuste et polyvalente pour la mise en place ou l\u2019extension de r\u00e9seaux industriels ou syst\u00e8mes PoE o\u00f9 fiabilit\u00e9, flexibilit\u00e9 \u00e9lectrique et r\u00e9sistance environnementale sont essentielles.<\/p>\n<ul>\n<li>Produit \u00e0 brancher: Oui<\/li>\n<li>Type de prise: Prise EU<\/li>\n<li>Type: Switch<\/li>\n<li>Bloc d\u2019Alimentation: r\u00e9seau \u00e9lectrique<\/li>\n<li>Couleur: Noir<\/li>\n<li>Connexions: RJ45<\/li>\n<li>puissance: 30 W<\/li>\n<li>Tension: 12 V<\/li>\n<\/ul>","protected":false},"excerpt":{"rendered":"<p>Si vous \u00eates passionn\u00e9 d&#8217;informatique et d&#8217;\u00e9lectronique, si vous \u00eates \u00e0 la pointe de la technologie et qu&#8217;aucun d\u00e9tail ne vous \u00e9chappe, achetez Switch Startech IES1G52UP12V au meilleur prix. Le Switch IES1G52UP12V de StarTech est un commutateur Ethernet industriel Gigabit con\u00e7u pour les environnements n\u00e9cessitant haute fiabilit\u00e9 et flexibilit\u00e9 dans les r\u00e9seaux critiques. Il dispose [&hellip;]<\/p>\n","protected":false},"featured_media":20761,"comment_status":"open","ping_status":"closed","template":"","meta":[],"product_brand":[634],"product_cat":[65,584,585],"product_tag":[106],"class_list":{"0":"post-20765","1":"product","2":"type-product","3":"status-publish","4":"has-post-thumbnail","6":"product_brand-brandp_4771","7":"product_cat-informatique-electronique","8":"product_cat-informatique-reseaux-et-composants","9":"product_cat-switch","10":"product_tag-tag_1295","12":"first","13":"instock","14":"taxable","15":"shipping-taxable","16":"purchasable","17":"product-type-simple"},"_links":{"self":[{"href":"https:\/\/bigbuy.tupique.com\/es\/wp-json\/wp\/v2\/product\/20765","targetHints":{"allow":["GET"]}}],"collection":[{"href":"https:\/\/bigbuy.tupique.com\/es\/wp-json\/wp\/v2\/product"}],"about":[{"href":"https:\/\/bigbuy.tupique.com\/es\/wp-json\/wp\/v2\/types\/product"}],"replies":[{"embeddable":true,"href":"https:\/\/bigbuy.tupique.com\/es\/wp-json\/wp\/v2\/comments?post=20765"}],"wp:featuredmedia":[{"embeddable":true,"href":"https:\/\/bigbuy.tupique.com\/es\/wp-json\/wp\/v2\/media\/20761"}],"wp:attachment":[{"href":"https:\/\/bigbuy.tupique.com\/es\/wp-json\/wp\/v2\/media?parent=20765"}],"wp:term":[{"taxonomy":"product_brand","embeddable":true,"href":"https:\/\/bigbuy.tupique.com\/es\/wp-json\/wp\/v2\/product_brand?post=20765"},{"taxonomy":"product_cat","embeddable":true,"href":"https:\/\/bigbuy.tupique.com\/es\/wp-json\/wp\/v2\/product_cat?post=20765"},{"taxonomy":"product_tag","embeddable":true,"href":"https:\/\/bigbuy.tupique.com\/es\/wp-json\/wp\/v2\/product_tag?post=20765"}],"curies":[{"name":"wp","href":"https:\/\/api.w.org\/{rel}","templated":true}]}}