{"id":20670,"date":"2026-03-29T17:11:43","date_gmt":"2026-03-29T16:11:43","guid":{"rendered":"https:\/\/bigbuy.tupique.com\/produto\/gaming-earpiece-with-microphone-logitech-g-pro-x-2-lightspeed\/"},"modified":"2026-04-15T02:18:26","modified_gmt":"2026-04-15T01:18:26","slug":"gaming-earpiece-with-microphone-logitech-g-pro-x-2-lightspeed","status":"publish","type":"product","link":"https:\/\/bigbuy.tupique.com\/es\/produto\/gaming-earpiece-with-microphone-logitech-g-pro-x-2-lightspeed\/","title":{"rendered":"Casque avec Microphone Gaming Logitech G PRO X 2 LIGHTSPEED"},"content":{"rendered":"<p>Si vous \u00eates passionn\u00e9 d&#8217;<b>informatique et d&#8217;\u00e9lectronique<\/b>, si vous \u00eates \u00e0 la pointe de la technologie et qu&#8217;aucun d\u00e9tail ne vous \u00e9chappe, achetez <b>Casque avec Microphone Gaming Logitech G PRO X 2 LIGHTSPEED<\/b> au meilleur prix.<\/p>\n<ul>\n<li>Type:\n<ul>\n<li>Casque avec Microphone Gaming<\/li>\n<li>Sans fil<\/li>\n<\/ul>\n<\/li>\n<li>Connectivit\u00e9: Bluetooth<\/li>\n<li>Fr\u00e9quence: 2,4 GHz<\/li>\n<li>Batterie: Oui<\/li>\n<li>Utilisation recommand\u00e9e: Jeu<\/li>\n<li>Connexions: Jack 3.5 mm<\/li>\n<li>Type de batterie: Litio Ion<\/li>\n<\/ul>","protected":false},"excerpt":{"rendered":"<p>Si vous \u00eates passionn\u00e9 d&#8217;informatique et d&#8217;\u00e9lectronique, si vous \u00eates \u00e0 la pointe de la technologie et qu&#8217;aucun d\u00e9tail ne vous \u00e9chappe, achetez Casque avec Microphone Gaming Logitech G PRO X 2 LIGHTSPEED au meilleur prix. Type: Casque avec Microphone Gaming Sans fil Connectivit\u00e9: Bluetooth Fr\u00e9quence: 2,4 GHz Batterie: Oui Utilisation recommand\u00e9e: Jeu Connexions: Jack [&hellip;]<\/p>\n","protected":false},"featured_media":20668,"comment_status":"open","ping_status":"closed","template":"","meta":[],"product_brand":[647],"product_cat":[1054,65,737],"product_tag":[572],"class_list":{"0":"post-20670","1":"product","2":"type-product","3":"status-publish","4":"has-post-thumbnail","6":"product_brand-brandp_561","7":"product_cat-ecouteurs-gaming","8":"product_cat-informatique-electronique","9":"product_cat-informatique-gaming","10":"product_tag-tag_29","12":"first","13":"instock","14":"taxable","15":"shipping-taxable","16":"purchasable","17":"product-type-simple"},"_links":{"self":[{"href":"https:\/\/bigbuy.tupique.com\/es\/wp-json\/wp\/v2\/product\/20670","targetHints":{"allow":["GET"]}}],"collection":[{"href":"https:\/\/bigbuy.tupique.com\/es\/wp-json\/wp\/v2\/product"}],"about":[{"href":"https:\/\/bigbuy.tupique.com\/es\/wp-json\/wp\/v2\/types\/product"}],"replies":[{"embeddable":true,"href":"https:\/\/bigbuy.tupique.com\/es\/wp-json\/wp\/v2\/comments?post=20670"}],"wp:featuredmedia":[{"embeddable":true,"href":"https:\/\/bigbuy.tupique.com\/es\/wp-json\/wp\/v2\/media\/20668"}],"wp:attachment":[{"href":"https:\/\/bigbuy.tupique.com\/es\/wp-json\/wp\/v2\/media?parent=20670"}],"wp:term":[{"taxonomy":"product_brand","embeddable":true,"href":"https:\/\/bigbuy.tupique.com\/es\/wp-json\/wp\/v2\/product_brand?post=20670"},{"taxonomy":"product_cat","embeddable":true,"href":"https:\/\/bigbuy.tupique.com\/es\/wp-json\/wp\/v2\/product_cat?post=20670"},{"taxonomy":"product_tag","embeddable":true,"href":"https:\/\/bigbuy.tupique.com\/es\/wp-json\/wp\/v2\/product_tag?post=20670"}],"curies":[{"name":"wp","href":"https:\/\/api.w.org\/{rel}","templated":true}]}}