{"id":20604,"date":"2026-03-29T17:10:09","date_gmt":"2026-03-29T16:10:09","guid":{"rendered":"https:\/\/bigbuy.tupique.com\/produto\/stick-vacuum-cleaner-karcher-vc-6-250-w\/"},"modified":"2026-05-11T20:02:43","modified_gmt":"2026-05-11T18:02:43","slug":"stick-vacuum-cleaner-karcher-vc-6-250-w","status":"publish","type":"product","link":"https:\/\/bigbuy.tupique.com\/es\/produto\/stick-vacuum-cleaner-karcher-vc-6-250-w\/","title":{"rendered":"Aspirateur balai K\u00e4rcher VC 6 250 W"},"content":{"rendered":"<p>Si vous recherchez des \u00e9lectrom\u00e9nagers pour votre maison aux meilleurs prix, ne manquez pas <b>Aspirateur balai K\u00e4rcher VC 6 250 W<\/b> et une large s\u00e9lection de petits \u00e9lectrom\u00e9nagers de qualit\u00e9 !<\/p>\n<p>Le <b>K\u00e4rcher VC 6<\/b> est un <b>aspirateur balai<\/b> haute fonctionnalit\u00e9 con\u00e7u pour offrir un nettoyage efficace et confortable \u00e0 la maison. Avec une puissance de <b>250 W<\/b>, il fournit une performance \u00e9quilibr\u00e9e permettant d\u2019\u00e9liminer poussi\u00e8re et salet\u00e9 efficacement sans consommation excessive d\u2019\u00e9nergie. Son r\u00e9servoir a une capacit\u00e9 de <b>800 ml<\/b>, suffisante pour nettoyer plusieurs pi\u00e8ces sans avoir \u00e0 le vider constamment, ce qui augmente la praticit\u00e9 d\u2019utilisation. Son design compact et l\u00e9ger en couleur <b>noir<\/b> facilite la prise en main et le rangement, s\u2019adaptant bien aux espaces r\u00e9duits ou pour un transport facile entre les pi\u00e8ces. Concernant le niveau sonore, le VC 6 maintient un bruit mod\u00e9r\u00e9 de <b>69 dB<\/b>, adapt\u00e9 \u00e0 un usage quotidien sans g\u00eane. Cet aspirateur est pr\u00e9vu pour fonctionner avec <b>prise europ\u00e9enne (EU)<\/b>, garantissant la compatibilit\u00e9 avec la majorit\u00e9 des foyers du continent. En tant qu\u2019aspirateur balai, il combine la maniabilit\u00e9 propre \u00e0 ces appareils avec la technologie K\u00e4rcher, reconnue pour sa fiabilit\u00e9 et sa durabilit\u00e9 dans les \u00e9quipements de nettoyage. Cet appareil s\u2019adresse \u00e0 ceux qui recherchent un \u00e9quilibre entre performance, confort et efficacit\u00e9 dans un aspirateur polyvalent pour usage domestique. En r\u00e9sum\u00e9, le K\u00e4rcher VC 6 se positionne comme une solution pratique et fonctionnelle dans la gamme des aspirateurs balais, id\u00e9ale pour entretenir la propret\u00e9 quotidienne avec un bon compromis entre puissance et maniabilit\u00e9.<\/p>\n<ul>\n<li>Type:\n<ul>\n<li>Aspirateur<\/li>\n<li>Aspirateur \u00e0 main<\/li>\n<li>Aspirateur balai<\/li>\n<\/ul>\n<\/li>\n<li>Capacit\u00e9: 800 ml<\/li>\n<li>puissance: 250 W<\/li>\n<li>Produit \u00e0 brancher: Oui<\/li>\n<li>Type de prise: Prise EU<\/li>\n<li>Bloc d\u2019Alimentation: r\u00e9seau \u00e9lectrique<\/li>\n<li>Couleur:\n<ul>\n<li>Noir<\/li>\n<li>noir<\/li>\n<\/ul>\n<\/li>\n<li>\u00c9lev\u00e9: 113 cm<\/li>\n<li>Tension: 25,2 V<\/li>\n<li>Niveau sonore:\n<ul>\n<li>78 dB<\/li>\n<li>69 dB<\/li>\n<\/ul>\n<\/li>\n<li>Filtre: HEPA 12<\/li>\n<li>Dimensions approx.:\n<ul>\n<li>23,5 cm<\/li>\n<li>26,6 cm<\/li>\n<\/ul>\n<\/li>\n<\/ul>","protected":false},"excerpt":{"rendered":"<p><span class=\"unit-info\">56.1238 &euro; \/ 100 ml<\/span><\/p>","protected":false},"featured_media":20599,"comment_status":"open","ping_status":"closed","template":"","meta":[],"product_brand":[828],"product_cat":[762,239,240],"product_tag":[59,56,210],"class_list":{"0":"post-20604","1":"product","2":"type-product","3":"status-publish","4":"has-post-thumbnail","6":"product_brand-brandp_1299","7":"product_cat-aspirateurs-et-robots","8":"product_cat-maison-jardin","9":"product_cat-nettoyage-aspirateur-et-repassage","10":"product_tag-tag_1304","11":"product_tag-tag_930","12":"product_tag-tag_25","14":"first","15":"instock","16":"taxable","17":"shipping-taxable","18":"purchasable","19":"product-type-simple"},"_links":{"self":[{"href":"https:\/\/bigbuy.tupique.com\/es\/wp-json\/wp\/v2\/product\/20604","targetHints":{"allow":["GET"]}}],"collection":[{"href":"https:\/\/bigbuy.tupique.com\/es\/wp-json\/wp\/v2\/product"}],"about":[{"href":"https:\/\/bigbuy.tupique.com\/es\/wp-json\/wp\/v2\/types\/product"}],"replies":[{"embeddable":true,"href":"https:\/\/bigbuy.tupique.com\/es\/wp-json\/wp\/v2\/comments?post=20604"}],"wp:featuredmedia":[{"embeddable":true,"href":"https:\/\/bigbuy.tupique.com\/es\/wp-json\/wp\/v2\/media\/20599"}],"wp:attachment":[{"href":"https:\/\/bigbuy.tupique.com\/es\/wp-json\/wp\/v2\/media?parent=20604"}],"wp:term":[{"taxonomy":"product_brand","embeddable":true,"href":"https:\/\/bigbuy.tupique.com\/es\/wp-json\/wp\/v2\/product_brand?post=20604"},{"taxonomy":"product_cat","embeddable":true,"href":"https:\/\/bigbuy.tupique.com\/es\/wp-json\/wp\/v2\/product_cat?post=20604"},{"taxonomy":"product_tag","embeddable":true,"href":"https:\/\/bigbuy.tupique.com\/es\/wp-json\/wp\/v2\/product_tag?post=20604"}],"curies":[{"name":"wp","href":"https:\/\/api.w.org\/{rel}","templated":true}]}}