{"id":20491,"date":"2026-03-29T17:07:31","date_gmt":"2026-03-29T16:07:31","guid":{"rendered":"https:\/\/bigbuy.tupique.com\/produto\/blower-stiga-vs-100e-3-in-1-20-v\/"},"modified":"2026-05-11T20:02:55","modified_gmt":"2026-05-11T18:02:55","slug":"blower-stiga-vs-100e-3-in-1-20-v","status":"publish","type":"product","link":"https:\/\/bigbuy.tupique.com\/es\/produto\/blower-stiga-vs-100e-3-in-1-20-v\/","title":{"rendered":"Souffleuse STIGA VS 100e 3-in-1 20 V"},"content":{"rendered":"<p>Si vous aimez prendre soin de chaque d\u00e9tail de votre maison et d&#8217;\u00eatre \u00e0 la derni\u00e8re mode en mati\u00e8re de produits qui vous rendront la vie plus facile, achetez <b>Souffleuse STIGA VS 100e 3-in-1 20 V<\/b> au meilleur prix.<\/p>\n<p>Le <b>STIGA VS 100e 3-en-1<\/b> est un <b>souffleur<\/b> multifonction con\u00e7u pour faciliter les t\u00e2ches de nettoyage et d\u2019entretien ext\u00e9rieur gr\u00e2ce \u00e0 sa triple fonction de souffleur et broyeur. \u00c9quip\u00e9 d\u2019un moteur \u00e9lectrique de <b>600 W<\/b> offrant une performance efficace et constante, cet appareil se distingue par son autonomie gr\u00e2ce \u00e0 sa <b>source d\u2019alimentation par batterie<\/b>, offrant libert\u00e9 de mouvement sans fil et plus de confort lors de l\u2019utilisation dans les jardins ou espaces ouverts. Son corps de <b>couleur jaune<\/b> vif, associ\u00e9 \u00e0 un poids contenu de <b>8 kg<\/b>, le rend maniable et facile \u00e0 transporter pour les particuliers ou professionnels du jardinage l\u00e9ger. L\u2019un des points forts du STIGA VS 100e est sa capacit\u00e9 \u00e0 broyer les d\u00e9chets avec un sac de collecte int\u00e9gr\u00e9 de <b>45 litres<\/b>, permettant de compacter feuilles, branches et r\u00e9sidus v\u00e9g\u00e9taux, r\u00e9duisant significativement le volume des d\u00e9chets et facilitant leur \u00e9limination ou recyclage. Gr\u00e2ce \u00e0 cette combinaison de fonctions, l\u2019appareil peut souffler et rassembler les feuilles efficacement, puis les broyer pour minimiser l\u2019espace occup\u00e9, ce qui constitue un avantage pour l\u2019entretien esth\u00e9tique et fonctionnel de tout espace vert. Son design ergonomique et son syst\u00e8me tout-en-un font du <b>STIGA VS 100e 3-en-1<\/b> une solution pratique et polyvalente pour ceux qui recherchent un \u00e9quipement alliant puissance, autonomie et capacit\u00e9 de collecte en un seul produit. Ce kit repr\u00e9sente un outil utile et accessible pour optimiser les travaux d\u2019entretien ext\u00e9rieur avec un bon \u00e9quilibre entre performance et confort.<\/p>\n<ul>\n<li>Type:\n<ul>\n<li>Souffleuse<\/li>\n<li>D\u00e9chiqueteuse<\/li>\n<\/ul>\n<\/li>\n<li>Tension: 20 V<\/li>\n<li>Capacit\u00e9: 45 L<\/li>\n<li>Poids approx.: 5 kg<\/li>\n<li>Inclut:\n<ul>\n<li>Sac<\/li>\n<li>Batterie<\/li>\n<\/ul>\n<\/li>\n<li>Autonomie approx.: 18 minutes<\/li>\n<li>Produit \u00e0 brancher: Oui<\/li>\n<li>Type de prise: Prise EU<\/li>\n<li>Bloc d\u2019Alimentation:\n<ul>\n<li>r\u00e9seau \u00e9lectrique<\/li>\n<li>Batterie<\/li>\n<\/ul>\n<\/li>\n<li>Couleur: Jaune<\/li>\n<li>puissance: 600 W<\/li>\n<li>Type de batterie: Litio Ion<\/li>\n<\/ul>","protected":false},"excerpt":{"rendered":"<p><span class=\"unit-info\">6.4442 &euro; \/ 1 l<\/span><\/p>","protected":false},"featured_media":20488,"comment_status":"open","ping_status":"closed","template":"","meta":[],"product_brand":[1072],"product_cat":[613,239],"product_tag":[59,210],"class_list":{"0":"post-20491","1":"product","2":"type-product","3":"status-publish","4":"has-post-thumbnail","6":"product_brand-brandp_5987","7":"product_cat-bricolage-et-materiel","8":"product_cat-maison-jardin","9":"product_tag-tag_1304","10":"product_tag-tag_25","12":"first","13":"instock","14":"taxable","15":"shipping-taxable","16":"purchasable","17":"product-type-simple"},"_links":{"self":[{"href":"https:\/\/bigbuy.tupique.com\/es\/wp-json\/wp\/v2\/product\/20491","targetHints":{"allow":["GET"]}}],"collection":[{"href":"https:\/\/bigbuy.tupique.com\/es\/wp-json\/wp\/v2\/product"}],"about":[{"href":"https:\/\/bigbuy.tupique.com\/es\/wp-json\/wp\/v2\/types\/product"}],"replies":[{"embeddable":true,"href":"https:\/\/bigbuy.tupique.com\/es\/wp-json\/wp\/v2\/comments?post=20491"}],"wp:featuredmedia":[{"embeddable":true,"href":"https:\/\/bigbuy.tupique.com\/es\/wp-json\/wp\/v2\/media\/20488"}],"wp:attachment":[{"href":"https:\/\/bigbuy.tupique.com\/es\/wp-json\/wp\/v2\/media?parent=20491"}],"wp:term":[{"taxonomy":"product_brand","embeddable":true,"href":"https:\/\/bigbuy.tupique.com\/es\/wp-json\/wp\/v2\/product_brand?post=20491"},{"taxonomy":"product_cat","embeddable":true,"href":"https:\/\/bigbuy.tupique.com\/es\/wp-json\/wp\/v2\/product_cat?post=20491"},{"taxonomy":"product_tag","embeddable":true,"href":"https:\/\/bigbuy.tupique.com\/es\/wp-json\/wp\/v2\/product_tag?post=20491"}],"curies":[{"name":"wp","href":"https:\/\/api.w.org\/{rel}","templated":true}]}}