{"id":20391,"date":"2026-03-29T16:55:23","date_gmt":"2026-03-29T15:55:23","guid":{"rendered":"https:\/\/bigbuy.tupique.com\/produto\/multifunction-printer-canon-i-sensys-mf463dw\/"},"modified":"2026-05-11T19:59:32","modified_gmt":"2026-05-11T17:59:32","slug":"multifunction-printer-canon-i-sensys-mf463dw","status":"publish","type":"product","link":"https:\/\/bigbuy.tupique.com\/es\/produto\/multifunction-printer-canon-i-sensys-mf463dw\/","title":{"rendered":"Imprimante Multifonction Canon I-SENSYS MF463DW"},"content":{"rendered":"<p>Si vous \u00eates passionn\u00e9 d&#8217;<b>informatique et d&#8217;\u00e9lectronique<\/b>, si vous \u00eates \u00e0 la pointe de la technologie et qu&#8217;aucun d\u00e9tail ne vous \u00e9chappe, achetez <b>Imprimante Multifonction Canon I-SENSYS MF463DW<\/b> au meilleur prix.<\/p>\n<p>La <b>Canon i-SENSYS MF463dw<\/b> est une <b>imprimante multifonction<\/b> laser qui allie efficacit\u00e9 et fonctionnalit\u00e9s pour les environnements professionnels et bureaux aux besoins exigeants en impression et num\u00e9risation. Sa technologie d\u2019<b>impression laser noir et blanc<\/b> permet d\u2019atteindre une vitesse remarquable allant jusqu\u2019\u00e0 <b>40 pages par minute<\/b>, avec une r\u00e9solution maximale de <b>1200 x 1200 DPI<\/b>, garantissant des r\u00e9sultats nets et de haute qualit\u00e9 \u00e0 chaque document. Cette imprimante int\u00e8gre un syst\u00e8me recto verso avanc\u00e9 permettant l\u2019<b>impression, la num\u00e9risation et la copie automatique recto verso<\/b>, optimisant ainsi l\u2019usage du papier et am\u00e9liorant la productivit\u00e9. Pour faciliter l\u2019utilisation, elle dispose d\u2019un <b>\u00e9cran LCD int\u00e9gr\u00e9<\/b> rendant l\u2019acc\u00e8s \u00e0 ses fonctions et la configuration personnalis\u00e9e intuitifs. La i-SENSYS MF463dw offre \u00e9galement des capacit\u00e9s de num\u00e9risation couleur avec une r\u00e9solution optique de <b>600 x 600 DPI<\/b>, \u00e9largissant ses possibilit\u00e9s pour la gestion documentaire num\u00e9rique. C\u00f4t\u00e9 connectivit\u00e9, elle int\u00e8gre le <b>WiFi<\/b> pour une impression sans fil directe depuis appareils mobiles ou ordinateurs, ainsi qu\u2019une connexion USB, assurant une int\u00e9gration polyvalente dans divers environnements de travail. Compatible avec des formats papier standards jusqu\u2019au <b>ISO A4<\/b>, cette imprimante multifonction est con\u00e7ue pour r\u00e9pondre aux besoins d\u2019impression, copie et num\u00e9risation avec une performance constante et fiable. Sa finition en <b>noir et blanc<\/b> apporte un design sobre et professionnel \u00e0 tout espace de travail. En r\u00e9sum\u00e9, la Canon i-SENSYS MF463dw est une solution \u00e9quilibr\u00e9e offrant rapidit\u00e9, qualit\u00e9 et efficacit\u00e9 pour les t\u00e2ches multifonctions en bureaux modernes.<\/p>\n<ul>\n<li>Produit \u00e0 brancher: Oui<\/li>\n<li>Type de prise: Prise EU<\/li>\n<li>Type:\n<ul>\n<li>Imprimante Multifonction<\/li>\n<li>Noir et blanc<\/li>\n<\/ul>\n<\/li>\n<li>Bloc d\u2019Alimentation: r\u00e9seau \u00e9lectrique<\/li>\n<li>Technologie:\n<ul>\n<li>Laser<\/li>\n<li>LCD<\/li>\n<\/ul>\n<\/li>\n<li>Fr\u00e9quence:\n<ul>\n<li>50-60 Hz<\/li>\n<li>1200 Hz<\/li>\n<\/ul>\n<\/li>\n<li>R\u00e9solution d&#8217;image maximale:\n<ul>\n<li>600 x 600 dpi<\/li>\n<li>1200 x 1200 dpi<\/li>\n<\/ul>\n<\/li>\n<li>M\u00e9moire interne: 1 GB<\/li>\n<li>Connectivit\u00e9:\n<ul>\n<li>Wi-Fi<\/li>\n<li>Ethernet LAN<\/li>\n<\/ul>\n<\/li>\n<li>Connexions:\n<ul>\n<li>USB<\/li>\n<li>Ethernet LAN<\/li>\n<\/ul>\n<\/li>\n<li>Caract\u00e9ristiques:\n<ul>\n<li>\u00c9cran integr\u00e9<\/li>\n<li>Scanner Double Face<\/li>\n<li>\u00c9cran LCD<\/li>\n<li>Impression recto verso<\/li>\n<li>Commande tactile<\/li>\n<\/ul>\n<\/li>\n<li>Largeur: 420 mm<\/li>\n<li>Couleur:\n<ul>\n<li>Blanc<\/li>\n<li>Noir<\/li>\n<\/ul>\n<\/li>\n<li>vitesse:\n<ul>\n<li>40 ppm<\/li>\n<li>10\/100\/1000 Mbps<\/li>\n<\/ul>\n<\/li>\n<li>Capacit\u00e9: 250 Volets<\/li>\n<li>Impression couleur: Non<\/li>\n<li>Scanner: 600 x 600 dpi<\/li>\n<li>Compatible: Linux<\/li>\n<li>Papier:\n<ul>\n<li>A4<\/li>\n<li>B5<\/li>\n<\/ul>\n<\/li>\n<li>Fr\u00e9quence d&#8217;entr\u00e9e AC: 50-60 Hz<\/li>\n<li>Plateau: 1<\/li>\n<li>Tension: 220-240 V<\/li>\n<li>Pr\u00e9cision (humidit\u00e9 relative): 20 % &#8211; 80 %<\/li>\n<li>Utilisation recommand\u00e9e: Entreprise et commerce<\/li>\n<li>Disque dur: 1 GB<\/li>\n<\/ul>","protected":false},"excerpt":{"rendered":"<p>Si vous \u00eates passionn\u00e9 d&#8217;informatique et d&#8217;\u00e9lectronique, si vous \u00eates \u00e0 la pointe de la technologie et qu&#8217;aucun d\u00e9tail ne vous \u00e9chappe, achetez Imprimante Multifonction Canon I-SENSYS MF463DW au meilleur prix. La Canon i-SENSYS MF463dw est une imprimante multifonction laser qui allie efficacit\u00e9 et fonctionnalit\u00e9s pour les environnements professionnels et bureaux aux besoins exigeants en [&hellip;]<\/p>\n","protected":false},"featured_media":20385,"comment_status":"open","ping_status":"closed","template":"","meta":[],"product_brand":[637],"product_cat":[592,65,581],"product_tag":[213,106],"class_list":{"0":"post-20391","1":"product","2":"type-product","3":"status-publish","4":"has-post-thumbnail","6":"product_brand-brandp_539","7":"product_cat-imprimantes","8":"product_cat-informatique-electronique","9":"product_cat-informatique-peripheriques-et-consommables","10":"product_tag-tag_933","11":"product_tag-tag_1295","13":"first","14":"instock","15":"taxable","16":"shipping-taxable","17":"purchasable","18":"product-type-simple"},"_links":{"self":[{"href":"https:\/\/bigbuy.tupique.com\/es\/wp-json\/wp\/v2\/product\/20391","targetHints":{"allow":["GET"]}}],"collection":[{"href":"https:\/\/bigbuy.tupique.com\/es\/wp-json\/wp\/v2\/product"}],"about":[{"href":"https:\/\/bigbuy.tupique.com\/es\/wp-json\/wp\/v2\/types\/product"}],"replies":[{"embeddable":true,"href":"https:\/\/bigbuy.tupique.com\/es\/wp-json\/wp\/v2\/comments?post=20391"}],"wp:featuredmedia":[{"embeddable":true,"href":"https:\/\/bigbuy.tupique.com\/es\/wp-json\/wp\/v2\/media\/20385"}],"wp:attachment":[{"href":"https:\/\/bigbuy.tupique.com\/es\/wp-json\/wp\/v2\/media?parent=20391"}],"wp:term":[{"taxonomy":"product_brand","embeddable":true,"href":"https:\/\/bigbuy.tupique.com\/es\/wp-json\/wp\/v2\/product_brand?post=20391"},{"taxonomy":"product_cat","embeddable":true,"href":"https:\/\/bigbuy.tupique.com\/es\/wp-json\/wp\/v2\/product_cat?post=20391"},{"taxonomy":"product_tag","embeddable":true,"href":"https:\/\/bigbuy.tupique.com\/es\/wp-json\/wp\/v2\/product_tag?post=20391"}],"curies":[{"name":"wp","href":"https:\/\/api.w.org\/{rel}","templated":true}]}}