{"id":20334,"date":"2026-03-29T16:54:04","date_gmt":"2026-03-29T15:54:04","guid":{"rendered":"https:\/\/bigbuy.tupique.com\/produto\/induction-hot-plate-bosch-puj611bb5e-60-cm\/"},"modified":"2026-04-16T16:37:32","modified_gmt":"2026-04-16T15:37:32","slug":"induction-hot-plate-bosch-puj611bb5e-60-cm","status":"publish","type":"product","link":"https:\/\/bigbuy.tupique.com\/es\/produto\/induction-hot-plate-bosch-puj611bb5e-60-cm\/","title":{"rendered":"Plaque \u00e0 Induction BOSCH PUJ611BB5E 60 cm"},"content":{"rendered":"<p>Si vous pensez r\u00e9nover votre cuisine, achetez <b>Plaque \u00e0 Induction BOSCH PUJ611BB5E 60 cm<\/b> et d\u00b4autres <b>produits BOSCH<\/b> !<\/p>\n<p>La <b>table de cuisson \u00e0 induction PUJ611BB5E<\/b> de <b>BOSCH<\/b> offre une solution moderne et efficace pour la cuisine gr\u00e2ce \u00e0 ses <b>60 cm de largeur<\/b>, id\u00e9ale pour les espaces domestiques moyens et les cuisines int\u00e9gr\u00e9es. Elle dispose de <b>3 zones de cuisson<\/b> permettant de g\u00e9rer simultan\u00e9ment diff\u00e9rentes pr\u00e9parations avec un contr\u00f4le pr\u00e9cis de la puissance, favorisant l\u2019efficacit\u00e9 \u00e9nerg\u00e9tique et une cuisson rapide, gr\u00e2ce \u00e0 sa <b>puissance totale de 4600 W<\/b>. Sa technologie d\u2019induction chauffe directement le r\u00e9cipient, am\u00e9liorant la s\u00e9curit\u00e9 et r\u00e9duisant la consommation d\u2019\u00e9nergie par rapport aux syst\u00e8mes traditionnels. Pr\u00e9sent\u00e9e dans une finition \u00e9l\u00e9gante <b>noire<\/b>, cette table est con\u00e7ue pour s\u2019int\u00e9grer discr\u00e8tement \u00e0 tout style de cuisine contemporaine. Elle int\u00e8gre des fonctions pratiques comme le <b>minuteur<\/b>, qui permet de programmer individuellement le temps de cuisson de chaque zone, facilitant le contr\u00f4le et \u00e9vitant les surchauffes ou br\u00fblures. Son poids d\u2019environ <b>11,5 kg<\/b> assure stabilit\u00e9 lors de l\u2019utilisation et une installation facile. De plus, la commande tactile est intuitive, adapt\u00e9e pour un usage simple et un nettoyage rapide, la surface lisse ne retenant ni r\u00e9sidus ni salet\u00e9. Ce mod\u00e8le r\u00e9pond aux attentes des utilisateurs recherchant une table \u00e0 induction efficace, s\u00fbre et fonctionnelle, id\u00e9ale pour un usage quotidien ou pour ceux qui appr\u00e9cient un design minimaliste sans renoncer \u00e0 la technologie avanc\u00e9e. La <b>table \u00e0 induction BOSCH PUJ611BB5E<\/b> repr\u00e9sente un choix \u00e9quilibr\u00e9 alliant performances techniques et style adapt\u00e9 \u00e0 la cuisine actuelle.<\/p>\n<ul>\n<li>Produit \u00e0 brancher: Oui<\/li>\n<li>Type de prise: Prise EU<\/li>\n<li>Type:\n<ul>\n<li>Plaque \u00e0 Induction<\/li>\n<li>Int\u00e9gr\u00e9<\/li>\n<\/ul>\n<\/li>\n<li>Couleur:\n<ul>\n<li>Noir<\/li>\n<li>noir<\/li>\n<\/ul>\n<\/li>\n<li>Bloc d\u2019Alimentation:\n<ul>\n<li>r\u00e9seau \u00e9lectrique<\/li>\n<li>C\u00e2ble \u00e9lectrique<\/li>\n<\/ul>\n<\/li>\n<li>Largeur:\n<ul>\n<li>59,2 cm<\/li>\n<li>60 cm<\/li>\n<\/ul>\n<\/li>\n<li>Type d&#8217;installation: Encastrable<\/li>\n<li>Hauteur: 5,1 cm<\/li>\n<li>Zones de cuisson: 3<\/li>\n<li>Poids approx.:\n<ul>\n<li>9,3 kg<\/li>\n<li>11,5 kg<\/li>\n<\/ul>\n<\/li>\n<li>Fonctions: Minuterie<\/li>\n<li>Poids: 11,5 kg<\/li>\n<li>Langue: Anglais<\/li>\n<li>Forme: Rond<\/li>\n<li>Tension:\n<ul>\n<li>230 V<\/li>\n<li>220-240 V<\/li>\n<\/ul>\n<\/li>\n<li>Fr\u00e9quence: 50 &#8211; 60 Hz<\/li>\n<li>Caract\u00e9ristiques: Commande tactile<\/li>\n<li>puissance: 4600 W<\/li>\n<li>Type de commande: Tactile<\/li>\n<\/ul>","protected":false},"excerpt":{"rendered":"<p>Si vous pensez r\u00e9nover votre cuisine, achetez Plaque \u00e0 Induction BOSCH PUJ611BB5E 60 cm et d\u00b4autres produits BOSCH ! La table de cuisson \u00e0 induction PUJ611BB5E de BOSCH offre une solution moderne et efficace pour la cuisine gr\u00e2ce \u00e0 ses 60 cm de largeur, id\u00e9ale pour les espaces domestiques moyens et les cuisines int\u00e9gr\u00e9es. Elle [&hellip;]<\/p>\n","protected":false},"featured_media":20330,"comment_status":"open","ping_status":"closed","template":"","meta":[],"product_brand":[162],"product_cat":[60,77,78],"product_tag":[55,59,56],"class_list":{"0":"post-20334","1":"product","2":"type-product","3":"status-publish","4":"has-post-thumbnail","6":"product_brand-brandp_959","7":"product_cat-cuisine-gourmet","8":"product_cat-petit-electromenager","9":"product_cat-plaques-de-cuisson","10":"product_tag-tag_926","11":"product_tag-tag_1304","12":"product_tag-tag_930","14":"first","15":"instock","16":"taxable","17":"shipping-taxable","18":"purchasable","19":"product-type-simple"},"_links":{"self":[{"href":"https:\/\/bigbuy.tupique.com\/es\/wp-json\/wp\/v2\/product\/20334","targetHints":{"allow":["GET"]}}],"collection":[{"href":"https:\/\/bigbuy.tupique.com\/es\/wp-json\/wp\/v2\/product"}],"about":[{"href":"https:\/\/bigbuy.tupique.com\/es\/wp-json\/wp\/v2\/types\/product"}],"replies":[{"embeddable":true,"href":"https:\/\/bigbuy.tupique.com\/es\/wp-json\/wp\/v2\/comments?post=20334"}],"wp:featuredmedia":[{"embeddable":true,"href":"https:\/\/bigbuy.tupique.com\/es\/wp-json\/wp\/v2\/media\/20330"}],"wp:attachment":[{"href":"https:\/\/bigbuy.tupique.com\/es\/wp-json\/wp\/v2\/media?parent=20334"}],"wp:term":[{"taxonomy":"product_brand","embeddable":true,"href":"https:\/\/bigbuy.tupique.com\/es\/wp-json\/wp\/v2\/product_brand?post=20334"},{"taxonomy":"product_cat","embeddable":true,"href":"https:\/\/bigbuy.tupique.com\/es\/wp-json\/wp\/v2\/product_cat?post=20334"},{"taxonomy":"product_tag","embeddable":true,"href":"https:\/\/bigbuy.tupique.com\/es\/wp-json\/wp\/v2\/product_tag?post=20334"}],"curies":[{"name":"wp","href":"https:\/\/api.w.org\/{rel}","templated":true}]}}