{"id":20311,"date":"2026-03-29T16:53:30","date_gmt":"2026-03-29T15:53:30","guid":{"rendered":"https:\/\/bigbuy.tupique.com\/produto\/induction-hot-plate-candy-60-cm-7000-w\/"},"modified":"2026-04-16T16:37:32","modified_gmt":"2026-04-16T15:37:32","slug":"induction-hot-plate-candy-60-cm-7000-w","status":"publish","type":"product","link":"https:\/\/bigbuy.tupique.com\/es\/produto\/induction-hot-plate-candy-60-cm-7000-w\/","title":{"rendered":"Plaque \u00e0 Induction Candy 60 cm 7000 W"},"content":{"rendered":"<p>Si vous pensez r\u00e9nover votre cuisine, achetez <b>Plaque \u00e0 Induction Candy 60 cm 7000 W<\/b> et d\u00b4autres <b>produits Candy<\/b> !<\/p>\n<p>La <b>plaque \u00e0 induction<\/b> Candy CI633CBB\/1 est une solution efficace et moderne pour la cuisine, con\u00e7ue avec une <b>largeur de 60 cm<\/b> facilitant son installation sur des plans de travail standards, offrant fonctionnalit\u00e9 sans compromettre l\u2019espace. Elle pr\u00e9sente une finition en <b>couleur noire<\/b> alliant sobri\u00e9t\u00e9 et \u00e9l\u00e9gance, s\u2019adaptant \u00e0 tout style d\u00e9coratif contemporain. Cette plaque dispose de <b>3 foyers<\/b>, permettant de cuisiner plusieurs plats simultan\u00e9ment et d\u2019optimiser les temps de pr\u00e9paration. Sa technologie \u00e0 induction assure un transfert rapide et pr\u00e9cis de la chaleur directement aux r\u00e9cipients compatibles, augmentant l\u2019efficacit\u00e9 \u00e9nerg\u00e9tique et la s\u00e9curit\u00e9 d\u2019utilisation, car la surface ne chauffe qu\u2019au contact de la casserole ou de la po\u00eale. Elle est aliment\u00e9e par un <b>c\u00e2ble \u00e9lectrique avec prise europ\u00e9enne (EU)<\/b>, garantissant une connexion simple et adapt\u00e9e aux installations \u00e9lectriques domestiques courantes en France et dans d\u2019autres pays europ\u00e9ens. Cette configuration est pratique pour les utilisateurs recherchant un appareil fiable et facile \u00e0 int\u00e9grer dans leur cuisine sans installation complexe. L\u2019association d\u2019une marque reconnue comme Candy et d\u2019un design fonctionnel r\u00e9pondant aux attentes essentielles d\u2019une plaque \u00e0 induction positionne ce mod\u00e8le comme une alternative accessible et performante pour ceux qui exigent un bon rendement au quotidien. En r\u00e9sum\u00e9, cette plaque \u00e0 induction offre un \u00e9quilibre entre design, facilit\u00e9 d\u2019usage et technologie efficace, id\u00e9ale pour les environnements domestiques modernes.<\/p>\n<ul>\n<li>Produit \u00e0 brancher: Oui<\/li>\n<li>Type de prise: Prise EU<\/li>\n<li>Type: Plaque \u00e0 Induction<\/li>\n<li>Couleur: Noir<\/li>\n<li>Bloc d\u2019Alimentation:\n<ul>\n<li>r\u00e9seau \u00e9lectrique<\/li>\n<li>C\u00e2ble \u00e9lectrique<\/li>\n<\/ul>\n<\/li>\n<li>Largeur: 60 cm<\/li>\n<li>puissance: 7000 W<\/li>\n<li>Mati\u00e8re: verre<\/li>\n<li>Poids approx.: 8,3 Kg<\/li>\n<\/ul>","protected":false},"excerpt":{"rendered":"<p>Si vous pensez r\u00e9nover votre cuisine, achetez Plaque \u00e0 Induction Candy 60 cm 7000 W et d\u00b4autres produits Candy ! La plaque \u00e0 induction Candy CI633CBB\/1 est une solution efficace et moderne pour la cuisine, con\u00e7ue avec une largeur de 60 cm facilitant son installation sur des plans de travail standards, offrant fonctionnalit\u00e9 sans compromettre [&hellip;]<\/p>\n","protected":false},"featured_media":147888,"comment_status":"open","ping_status":"closed","template":"","meta":[],"product_brand":[995],"product_cat":[60,77,78],"product_tag":[55,59,56],"class_list":{"0":"post-20311","1":"product","2":"type-product","3":"status-publish","4":"has-post-thumbnail","6":"product_brand-brandp_1688","7":"product_cat-cuisine-gourmet","8":"product_cat-petit-electromenager","9":"product_cat-plaques-de-cuisson","10":"product_tag-tag_926","11":"product_tag-tag_1304","12":"product_tag-tag_930","14":"first","15":"instock","16":"taxable","17":"shipping-taxable","18":"purchasable","19":"product-type-simple"},"_links":{"self":[{"href":"https:\/\/bigbuy.tupique.com\/es\/wp-json\/wp\/v2\/product\/20311","targetHints":{"allow":["GET"]}}],"collection":[{"href":"https:\/\/bigbuy.tupique.com\/es\/wp-json\/wp\/v2\/product"}],"about":[{"href":"https:\/\/bigbuy.tupique.com\/es\/wp-json\/wp\/v2\/types\/product"}],"replies":[{"embeddable":true,"href":"https:\/\/bigbuy.tupique.com\/es\/wp-json\/wp\/v2\/comments?post=20311"}],"wp:featuredmedia":[{"embeddable":true,"href":"https:\/\/bigbuy.tupique.com\/es\/wp-json\/wp\/v2\/media\/147888"}],"wp:attachment":[{"href":"https:\/\/bigbuy.tupique.com\/es\/wp-json\/wp\/v2\/media?parent=20311"}],"wp:term":[{"taxonomy":"product_brand","embeddable":true,"href":"https:\/\/bigbuy.tupique.com\/es\/wp-json\/wp\/v2\/product_brand?post=20311"},{"taxonomy":"product_cat","embeddable":true,"href":"https:\/\/bigbuy.tupique.com\/es\/wp-json\/wp\/v2\/product_cat?post=20311"},{"taxonomy":"product_tag","embeddable":true,"href":"https:\/\/bigbuy.tupique.com\/es\/wp-json\/wp\/v2\/product_tag?post=20311"}],"curies":[{"name":"wp","href":"https:\/\/api.w.org\/{rel}","templated":true}]}}