{"id":20277,"date":"2026-03-29T16:52:42","date_gmt":"2026-03-29T15:52:42","guid":{"rendered":"https:\/\/bigbuy.tupique.com\/produto\/baby-hammock-cybex-grey\/"},"modified":"2026-04-16T17:15:52","modified_gmt":"2026-04-16T16:15:52","slug":"baby-hammock-cybex-grey","status":"publish","type":"product","link":"https:\/\/bigbuy.tupique.com\/es\/produto\/baby-hammock-cybex-grey\/","title":{"rendered":"Hamac pour B\u00e9b\u00e9 Cybex Gris"},"content":{"rendered":"<p>Les enfants m\u00e9ritent ce qu\u2019il y a de mieux, nous vous pr\u00e9sentons donc <b>Hamac pour B\u00e9b\u00e9 Cybex Gris<\/b>, id\u00e9al pour ceux qui cherchent des produits de qualit\u00e9 pour les plus petits ! Procurez-vous <b>Cybex<\/b> et bien d\u2019autres marques et licences aux meilleurs prix !<\/p>\n<ul>\n<li>Type: Hamac<\/li>\n<li>Couleur: Gris<\/li>\n<li>Mat\u00e9riel: Polyester<\/li>\n<\/ul>","protected":false},"excerpt":{"rendered":"<p>Les enfants m\u00e9ritent ce qu\u2019il y a de mieux, nous vous pr\u00e9sentons donc Hamac pour B\u00e9b\u00e9 Cybex Gris, id\u00e9al pour ceux qui cherchent des produits de qualit\u00e9 pour les plus petits ! Procurez-vous Cybex et bien d\u2019autres marques et licences aux meilleurs prix ! Type: Hamac Couleur: Gris Mat\u00e9riel: Polyester<\/p>","protected":false},"featured_media":20271,"comment_status":"open","ping_status":"closed","template":"","meta":[],"product_brand":[856],"product_cat":[251,252,157,158],"product_tag":[59],"class_list":{"0":"post-20277","1":"product","2":"type-product","3":"status-publish","4":"has-post-thumbnail","6":"product_brand-brandp_2860","7":"product_cat-bebes-et-enfants","8":"product_cat-detente-et-distraction","9":"product_cat-jouets-deguisements","10":"product_cat-jouets-et-jeux","11":"product_tag-tag_1304","13":"first","14":"instock","15":"taxable","16":"shipping-taxable","17":"purchasable","18":"product-type-simple"},"_links":{"self":[{"href":"https:\/\/bigbuy.tupique.com\/es\/wp-json\/wp\/v2\/product\/20277","targetHints":{"allow":["GET"]}}],"collection":[{"href":"https:\/\/bigbuy.tupique.com\/es\/wp-json\/wp\/v2\/product"}],"about":[{"href":"https:\/\/bigbuy.tupique.com\/es\/wp-json\/wp\/v2\/types\/product"}],"replies":[{"embeddable":true,"href":"https:\/\/bigbuy.tupique.com\/es\/wp-json\/wp\/v2\/comments?post=20277"}],"wp:featuredmedia":[{"embeddable":true,"href":"https:\/\/bigbuy.tupique.com\/es\/wp-json\/wp\/v2\/media\/20271"}],"wp:attachment":[{"href":"https:\/\/bigbuy.tupique.com\/es\/wp-json\/wp\/v2\/media?parent=20277"}],"wp:term":[{"taxonomy":"product_brand","embeddable":true,"href":"https:\/\/bigbuy.tupique.com\/es\/wp-json\/wp\/v2\/product_brand?post=20277"},{"taxonomy":"product_cat","embeddable":true,"href":"https:\/\/bigbuy.tupique.com\/es\/wp-json\/wp\/v2\/product_cat?post=20277"},{"taxonomy":"product_tag","embeddable":true,"href":"https:\/\/bigbuy.tupique.com\/es\/wp-json\/wp\/v2\/product_tag?post=20277"}],"curies":[{"name":"wp","href":"https:\/\/api.w.org\/{rel}","templated":true}]}}