{"id":20225,"date":"2026-03-29T16:51:29","date_gmt":"2026-03-29T15:51:29","guid":{"rendered":"https:\/\/bigbuy.tupique.com\/produto\/access-point-hpe-s1t23a-white\/"},"modified":"2026-04-15T01:27:50","modified_gmt":"2026-04-15T00:27:50","slug":"access-point-hpe-s1t23a-white","status":"publish","type":"product","link":"https:\/\/bigbuy.tupique.com\/es\/produto\/access-point-hpe-s1t23a-white\/","title":{"rendered":"Point d&#8217;Acc\u00e8s HPE S1T23A Blanc"},"content":{"rendered":"<p>Si vous \u00eates passionn\u00e9 d&#8217;<b>informatique et d&#8217;\u00e9lectronique<\/b>, si vous \u00eates \u00e0 la pointe de la technologie et qu&#8217;aucun d\u00e9tail ne vous \u00e9chappe, achetez <b>Point d&#8217;Acc\u00e8s HPE S1T23A Blanc<\/b> au meilleur prix.<\/p>\n<p>Le <b>point d\u2019acc\u00e8s<\/b> <b>S1T23A<\/b> de la marque <b>HPE Aruba<\/b> est un appareil con\u00e7u pour les r\u00e9seaux sans fil \u00e0 haute densit\u00e9 dans des environnements professionnels tels que bureaux, restaurants et espaces polyvalents. Cet \u00e9quipement se distingue par l\u2019int\u00e9gration de la technologie <b>Wi-Fi CERTIFIED 6E<\/b>, qui inclut les bandes de fr\u00e9quence 2,4 GHz, 5 GHz et 6 GHz selon la norme 802.11ax (Wi-Fi 6), offrant une connectivit\u00e9 plus rapide, efficace et avec moins d\u2019interf\u00e9rences. Parmi ses caract\u00e9ristiques techniques, on note un <b>port Ethernet uplink 2,5 Gigabit<\/b> garantissant une connexion stable et \u00e0 haute capacit\u00e9 de transfert. Il est \u00e9galement compatible avec les versions ant\u00e9rieures de Wi-Fi pour faciliter l\u2019int\u00e9gration dans des infrastructures mixtes. Sa technologie <b>Smart Mesh<\/b> permet d\u2019\u00e9tendre la couverture sans fil sans c\u00e2blage suppl\u00e9mentaire, tandis que son syst\u00e8me <b>ClientMatch<\/b> optimise la gestion des appareils connect\u00e9s pour r\u00e9partir la charge et am\u00e9liorer l\u2019exp\u00e9rience utilisateur finale. Ce point d\u2019acc\u00e8s supporte jusqu\u2019\u00e0 <b>75 appareils actifs simultan\u00e9ment<\/b>, id\u00e9al pour les environnements \u00e0 forte densit\u00e9 d\u2019utilisateurs. Les d\u00e9bits maximums atteignent <b>3,6 Gbps<\/b>, avec une configuration 2&#215;2 MIMO qui am\u00e9liore l\u2019efficacit\u00e9 et la vitesse du signal. Il se distingue aussi par son design compact et l\u00e9ger, avec des dimensions de <b>160 x 160 x 39 mm<\/b> et un poids de <b>520 grammes<\/b>, facilitant son installation dans divers espaces. L\u2019alimentation peut se faire via <b>PoE (Power over Ethernet) norme 802.3bt\/802.2at<\/b> fournissant jusqu\u2019\u00e0 12,9 W, ou alternativement par une alimentation secteur de 11 W, offrant une flexibilit\u00e9 en milieu professionnel. Il dispose \u00e9galement de connectivit\u00e9 physique via des ports <b>RJ45<\/b> et un support USB 2.0. La finition ext\u00e9rieure en <b>blanc<\/b> s\u2019int\u00e8gre facilement \u00e0 l\u2019esth\u00e9tique habituelle des installations r\u00e9seau professionnelles. En r\u00e9sum\u00e9, ce point d\u2019acc\u00e8s <b>S1T23A<\/b> combine des technologies avanc\u00e9es pour maximiser la couverture, la vitesse et la stabilit\u00e9 du r\u00e9seau sans fil, constituant une solution robuste pour les environnements de travail \u00e0 forte demande d\u2019appareils connect\u00e9s.<\/p>\n<ul>\n<li>Produit \u00e0 brancher: Oui<\/li>\n<li>Type de prise: Prise EU<\/li>\n<li>Type: Point d&#8217;Acc\u00e8s<\/li>\n<li>Bloc d\u2019Alimentation:\n<ul>\n<li>r\u00e9seau \u00e9lectrique<\/li>\n<li>CC<\/li>\n<\/ul>\n<\/li>\n<li>Couleur: Blanc<\/li>\n<li>Connexions:\n<ul>\n<li>USB 2.0<\/li>\n<li>RJ45<\/li>\n<li>PoE x 1<\/li>\n<\/ul>\n<\/li>\n<li>vitesse:\n<ul>\n<li>1200 Mbit\/s<\/li>\n<li>2400 MB\/s<\/li>\n<\/ul>\n<\/li>\n<li>Fr\u00e9quence:\n<ul>\n<li>5 GHz<\/li>\n<li>2,4 GHz<\/li>\n<\/ul>\n<\/li>\n<li>consommation d&#8217;\u00e9nergie: 11 kWh<\/li>\n<li>Connecteurs: Kensington<\/li>\n<\/ul>","protected":false},"excerpt":{"rendered":"<p>Si vous \u00eates passionn\u00e9 d&#8217;informatique et d&#8217;\u00e9lectronique, si vous \u00eates \u00e0 la pointe de la technologie et qu&#8217;aucun d\u00e9tail ne vous \u00e9chappe, achetez Point d&#8217;Acc\u00e8s HPE S1T23A Blanc au meilleur prix. Le point d\u2019acc\u00e8s S1T23A de la marque HPE Aruba est un appareil con\u00e7u pour les r\u00e9seaux sans fil \u00e0 haute densit\u00e9 dans des environnements [&hellip;]<\/p>\n","protected":false},"featured_media":20224,"comment_status":"open","ping_status":"closed","template":"","meta":[],"product_brand":[644],"product_cat":[65,584,591],"product_tag":[106],"class_list":{"0":"post-20225","1":"product","2":"type-product","3":"status-publish","4":"has-post-thumbnail","6":"product_brand-brandp_662","7":"product_cat-informatique-electronique","8":"product_cat-informatique-reseaux-et-composants","9":"product_cat-points-d-acces","10":"product_tag-tag_1295","12":"first","13":"instock","14":"taxable","15":"shipping-taxable","16":"purchasable","17":"product-type-simple"},"_links":{"self":[{"href":"https:\/\/bigbuy.tupique.com\/es\/wp-json\/wp\/v2\/product\/20225","targetHints":{"allow":["GET"]}}],"collection":[{"href":"https:\/\/bigbuy.tupique.com\/es\/wp-json\/wp\/v2\/product"}],"about":[{"href":"https:\/\/bigbuy.tupique.com\/es\/wp-json\/wp\/v2\/types\/product"}],"replies":[{"embeddable":true,"href":"https:\/\/bigbuy.tupique.com\/es\/wp-json\/wp\/v2\/comments?post=20225"}],"wp:featuredmedia":[{"embeddable":true,"href":"https:\/\/bigbuy.tupique.com\/es\/wp-json\/wp\/v2\/media\/20224"}],"wp:attachment":[{"href":"https:\/\/bigbuy.tupique.com\/es\/wp-json\/wp\/v2\/media?parent=20225"}],"wp:term":[{"taxonomy":"product_brand","embeddable":true,"href":"https:\/\/bigbuy.tupique.com\/es\/wp-json\/wp\/v2\/product_brand?post=20225"},{"taxonomy":"product_cat","embeddable":true,"href":"https:\/\/bigbuy.tupique.com\/es\/wp-json\/wp\/v2\/product_cat?post=20225"},{"taxonomy":"product_tag","embeddable":true,"href":"https:\/\/bigbuy.tupique.com\/es\/wp-json\/wp\/v2\/product_tag?post=20225"}],"curies":[{"name":"wp","href":"https:\/\/api.w.org\/{rel}","templated":true}]}}