{"id":20174,"date":"2026-03-29T16:50:22","date_gmt":"2026-03-29T15:50:22","guid":{"rendered":"https:\/\/bigbuy.tupique.com\/produto\/dehumidifier-delonghi-2\/"},"modified":"2026-04-16T17:15:53","modified_gmt":"2026-04-16T16:15:53","slug":"dehumidifier-delonghi-2","status":"publish","type":"product","link":"https:\/\/bigbuy.tupique.com\/es\/produto\/dehumidifier-delonghi-2\/","title":{"rendered":"D\u00e9shumidificateur DeLonghi"},"content":{"rendered":"<p>Si vous recherchez des \u00e9lectrom\u00e9nagers pour votre maison aux meilleurs prix, ne manquez pas <b>D\u00e9shumidificateur DeLonghi<\/b> et une large s\u00e9lection de petits \u00e9lectrom\u00e9nagers de qualit\u00e9 !<\/p>\n<p>Le <b>d\u00e9shumidificateur<\/b> DeLonghi, pr\u00e9sent\u00e9 dans une \u00e9l\u00e9gante finition <b>blanche<\/b>, est une solution efficace et fiable pour contr\u00f4ler l\u2019humidit\u00e9 ambiante dans les maisons ou bureaux de taille moyenne. Con\u00e7u avec une combinaison de <b>m\u00e9tal et plastique<\/b> de haute qualit\u00e9, ce mod\u00e8le offre robustesse et durabilit\u00e9 tout en conservant un poids maniable de <b>10,5 kg<\/b>, ce qui facilite son d\u00e9placement entre diff\u00e9rentes pi\u00e8ces. Avec une puissante <b>capacit\u00e9 d\u2019extraction allant jusqu\u2019\u00e0 14 litres par jour<\/b>, il devient un alli\u00e9 id\u00e9al pour \u00e9liminer l\u2019exc\u00e8s d\u2019humidit\u00e9, pr\u00e9venant l\u2019apparition de moisissures, de mauvaises odeurs ou la d\u00e9t\u00e9rioration des meubles et des structures. Le r\u00e9servoir de <b>2,1 litres<\/b> permet de recueillir une quantit\u00e9 importante d\u2019eau avant de devoir \u00eatre vid\u00e9, optimisant ainsi l\u2019entretien et l\u2019autonomie de l\u2019appareil. Son <b>niveau sonore de seulement 40 dB<\/b> garantit un fonctionnement silencieux, ce qui le rend adapt\u00e9 aux espaces o\u00f9 le repos et la tranquillit\u00e9 sont essentiels, comme les chambres ou les bureaux. DeLonghi, marque reconnue pour son innovation en climatisation, dote ce d\u00e9shumidificateur de fonctionnalit\u00e9s \u00e9quilibr\u00e9es et d\u2019un design qui s\u2019int\u00e8gre discr\u00e8tement \u00e0 tout type de d\u00e9coration. Ainsi, cet appareil se distingue comme une option pratique et efficace pour r\u00e9guler l\u2019humidit\u00e9, assurant confort et pr\u00e9servation de l\u2019environnement int\u00e9rieur avec une faible consommation et un fonctionnement discret.<\/p>\n<ul>\n<li>Type: D\u00e9shumidificateur<\/li>\n<li>Niveau sonore: 40 dB<\/li>\n<li>Capacit\u00e9: 2,1 L<\/li>\n<li>Couleur: Blanc<\/li>\n<li>Mat\u00e9riel: Plastique<\/li>\n<li>Poids: 10,5 kg<\/li>\n<\/ul>","protected":false},"excerpt":{"rendered":"<p>Si vous recherchez des \u00e9lectrom\u00e9nagers pour votre maison aux meilleurs prix, ne manquez pas D\u00e9shumidificateur DeLonghi et une large s\u00e9lection de petits \u00e9lectrom\u00e9nagers de qualit\u00e9 ! Le d\u00e9shumidificateur DeLonghi, pr\u00e9sent\u00e9 dans une \u00e9l\u00e9gante finition blanche, est une solution efficace et fiable pour contr\u00f4ler l\u2019humidit\u00e9 ambiante dans les maisons ou bureaux de taille moyenne. Con\u00e7u avec [&hellip;]<\/p>\n","protected":false},"featured_media":20168,"comment_status":"open","ping_status":"closed","template":"","meta":[],"product_brand":[299],"product_cat":[732,733,239],"product_tag":[59,208,210],"class_list":{"0":"post-20174","1":"product","2":"type-product","3":"status-publish","4":"has-post-thumbnail","6":"product_brand-brandp_5487","7":"product_cat-climatisation-et-chauffage","8":"product_cat-humidificateurs","9":"product_cat-maison-jardin","10":"product_tag-tag_1304","11":"product_tag-tag_587","12":"product_tag-tag_25","14":"first","15":"instock","16":"taxable","17":"shipping-taxable","18":"purchasable","19":"product-type-simple"},"_links":{"self":[{"href":"https:\/\/bigbuy.tupique.com\/es\/wp-json\/wp\/v2\/product\/20174","targetHints":{"allow":["GET"]}}],"collection":[{"href":"https:\/\/bigbuy.tupique.com\/es\/wp-json\/wp\/v2\/product"}],"about":[{"href":"https:\/\/bigbuy.tupique.com\/es\/wp-json\/wp\/v2\/types\/product"}],"replies":[{"embeddable":true,"href":"https:\/\/bigbuy.tupique.com\/es\/wp-json\/wp\/v2\/comments?post=20174"}],"wp:featuredmedia":[{"embeddable":true,"href":"https:\/\/bigbuy.tupique.com\/es\/wp-json\/wp\/v2\/media\/20168"}],"wp:attachment":[{"href":"https:\/\/bigbuy.tupique.com\/es\/wp-json\/wp\/v2\/media?parent=20174"}],"wp:term":[{"taxonomy":"product_brand","embeddable":true,"href":"https:\/\/bigbuy.tupique.com\/es\/wp-json\/wp\/v2\/product_brand?post=20174"},{"taxonomy":"product_cat","embeddable":true,"href":"https:\/\/bigbuy.tupique.com\/es\/wp-json\/wp\/v2\/product_cat?post=20174"},{"taxonomy":"product_tag","embeddable":true,"href":"https:\/\/bigbuy.tupique.com\/es\/wp-json\/wp\/v2\/product_tag?post=20174"}],"curies":[{"name":"wp","href":"https:\/\/api.w.org\/{rel}","templated":true}]}}