{"id":19871,"date":"2026-03-29T16:34:36","date_gmt":"2026-03-29T15:34:36","guid":{"rendered":"https:\/\/bigbuy.tupique.com\/produto\/kvm-switch-startech-p2dd46a2\/"},"modified":"2026-04-15T01:27:25","modified_gmt":"2026-04-15T00:27:25","slug":"kvm-switch-startech-p2dd46a2","status":"publish","type":"product","link":"https:\/\/bigbuy.tupique.com\/es\/produto\/kvm-switch-startech-p2dd46a2\/","title":{"rendered":"Switch KVM Startech P2DD46A2"},"content":{"rendered":"<p>Si vous \u00eates passionn\u00e9 d&#8217;<b>informatique et d&#8217;\u00e9lectronique<\/b>, si vous \u00eates \u00e0 la pointe de la technologie et qu&#8217;aucun d\u00e9tail ne vous \u00e9chappe, achetez <b>Switch KVM Startech P2DD46A2<\/b> au meilleur prix.<\/p>\n<p>Le <b>Startech P2DD46A2-KVM-SWITCH<\/b> est un <b>switch KVM<\/b> haute performance con\u00e7u pour partager efficacement un clavier, une souris, un concentrateur USB et deux \u00e9crans DisplayPort entre deux ordinateurs avec connectivit\u00e9 USB-A et DisplayPort. Son principal atout est la prise en charge simultan\u00e9e de deux \u00e9crans 4K Ultra HD \u00e0 60 Hz via <b>DisplayPort 1.2<\/b>, garantissant une qualit\u00e9 d\u2019image exceptionnelle pour les environnements graphiques ou audiovisuels exigeants. \u00c9quip\u00e9 de deux ports USB 3.2 Gen 1 offrant un d\u00e9bit de transfert jusqu\u2019\u00e0 <b>5 Gbps<\/b>, il permet de connecter rapidement des p\u00e9riph\u00e9riques, tandis que deux ports USB 2.0 HID sont d\u00e9di\u00e9s exclusivement au clavier et \u00e0 la souris pour une exp\u00e9rience de contr\u00f4le optimis\u00e9e. La technologie d\u2019<b>\u00e9mulation USB<\/b> permet une commutation rapide entre les ordinateurs, assurant la compatibilit\u00e9 avec les claviers et souris, y compris ceux avec touches suppl\u00e9mentaires ou fonctions sp\u00e9ciales. De plus, l\u2019appareil est prot\u00e9g\u00e9 contre les d\u00e9charges \u00e9lectrostatiques (ESD) jusqu\u2019\u00e0 8 kV par air et 6 kV par contact, garantissant durabilit\u00e9 et stabilit\u00e9 face aux interf\u00e9rences \u00e9lectriques. Pour s\u2019adapter \u00e0 diff\u00e9rents besoins, ce switch KVM offre des options de commutation via boutons physiques ou touches de raccourci permettant de changer ind\u00e9pendamment la vid\u00e9o, l\u2019USB et l\u2019audio, avec confirmation sonore et indication visuelle par LED, facilitant son usage en multit\u00e2che. Son design en <b>noir<\/b> et la longueur maximale de c\u00e2ble prise en charge de 7,5 m\u00e8tres offrent une grande flexibilit\u00e9 d\u2019installation. Il fonctionne avec une alimentation DC 12 V et b\u00e9n\u00e9ficie des certifications RoHS attestant de sa qualit\u00e9 et conformit\u00e9 environnementale. En bonus, il est compatible avec le logiciel StarTech.com Connectivity Tools, qui permet de personnaliser des configurations avanc\u00e9es sous Windows, de surveiller les \u00e9v\u00e9nements USB ou de g\u00e9rer la s\u00e9curit\u00e9 r\u00e9seau via des utilitaires d\u00e9di\u00e9s, am\u00e9liorant ainsi la gestion des p\u00e9riph\u00e9riques connect\u00e9s. En r\u00e9sum\u00e9, ce <b>switch KVM 2 ports DisplayPort<\/b> StarTech est une solution fiable et polyvalente pour les professionnels n\u00e9cessitant une commutation rapide entre deux syst\u00e8mes avec prise en charge double \u00e9cran 4K et connectivit\u00e9 USB avanc\u00e9e.<\/p>\n<ul>\n<li>Type: Switch KVM<\/li>\n<li>Couleur: Noir<\/li>\n<li>Caract\u00e9ristiques:\n<ul>\n<li>Connexion USB<\/li>\n<li>Guide d&#8217;installation inclus<\/li>\n<li>Plug and play<\/li>\n<li>T\u00e9moin de fonctionnement LED<\/li>\n<\/ul>\n<\/li>\n<li>Connexions:\n<ul>\n<li>USB<\/li>\n<li>DisplayPort<\/li>\n<li>2<\/li>\n<li>DisplayPort 1.2<\/li>\n<\/ul>\n<\/li>\n<li>R\u00e9solution: 4K Ultra HD<\/li>\n<li>Tension:\n<ul>\n<li>12 V<\/li>\n<li>100 &#8211; 240 V<\/li>\n<\/ul>\n<\/li>\n<li>Amp\u00e9rage: 1 A<\/li>\n<li>Certificat: RoHS<\/li>\n<li>Largeur: 10 cm<\/li>\n<li>\u00c9cran integr\u00e9: Non<\/li>\n<li>Bloc d\u2019Alimentation:\n<ul>\n<li>CC<\/li>\n<li>DC<\/li>\n<\/ul>\n<\/li>\n<li>Pr\u00e9cision (humidit\u00e9 relative): 0 % &#8211; 90 %<\/li>\n<li>R\u00e9solution (px): 3840 x 2160 px<\/li>\n<\/ul>","protected":false},"excerpt":{"rendered":"<p>Si vous \u00eates passionn\u00e9 d&#8217;informatique et d&#8217;\u00e9lectronique, si vous \u00eates \u00e0 la pointe de la technologie et qu&#8217;aucun d\u00e9tail ne vous \u00e9chappe, achetez Switch KVM Startech P2DD46A2 au meilleur prix. Le Startech P2DD46A2-KVM-SWITCH est un switch KVM haute performance con\u00e7u pour partager efficacement un clavier, une souris, un concentrateur USB et deux \u00e9crans DisplayPort entre [&hellip;]<\/p>\n","protected":false},"featured_media":19867,"comment_status":"open","ping_status":"closed","template":"","meta":[],"product_brand":[634],"product_cat":[598,65,608],"product_tag":[106],"class_list":{"0":"post-19871","1":"product","2":"type-product","3":"status-publish","4":"has-post-thumbnail","6":"product_brand-brandp_4771","7":"product_cat-informatique-cables-et-adaptateurs","8":"product_cat-informatique-electronique","9":"product_cat-switch-kvm","10":"product_tag-tag_1295","12":"first","13":"instock","14":"taxable","15":"shipping-taxable","16":"purchasable","17":"product-type-simple"},"_links":{"self":[{"href":"https:\/\/bigbuy.tupique.com\/es\/wp-json\/wp\/v2\/product\/19871","targetHints":{"allow":["GET"]}}],"collection":[{"href":"https:\/\/bigbuy.tupique.com\/es\/wp-json\/wp\/v2\/product"}],"about":[{"href":"https:\/\/bigbuy.tupique.com\/es\/wp-json\/wp\/v2\/types\/product"}],"replies":[{"embeddable":true,"href":"https:\/\/bigbuy.tupique.com\/es\/wp-json\/wp\/v2\/comments?post=19871"}],"wp:featuredmedia":[{"embeddable":true,"href":"https:\/\/bigbuy.tupique.com\/es\/wp-json\/wp\/v2\/media\/19867"}],"wp:attachment":[{"href":"https:\/\/bigbuy.tupique.com\/es\/wp-json\/wp\/v2\/media?parent=19871"}],"wp:term":[{"taxonomy":"product_brand","embeddable":true,"href":"https:\/\/bigbuy.tupique.com\/es\/wp-json\/wp\/v2\/product_brand?post=19871"},{"taxonomy":"product_cat","embeddable":true,"href":"https:\/\/bigbuy.tupique.com\/es\/wp-json\/wp\/v2\/product_cat?post=19871"},{"taxonomy":"product_tag","embeddable":true,"href":"https:\/\/bigbuy.tupique.com\/es\/wp-json\/wp\/v2\/product_tag?post=19871"}],"curies":[{"name":"wp","href":"https:\/\/api.w.org\/{rel}","templated":true}]}}