{"id":19823,"date":"2026-03-29T16:33:24","date_gmt":"2026-03-29T15:33:24","guid":{"rendered":"https:\/\/bigbuy.tupique.com\/produto\/converter-adapter-startech-st12mhdlan4k\/"},"modified":"2026-04-15T01:27:23","modified_gmt":"2026-04-15T00:27:23","slug":"converter-adapter-startech-st12mhdlan4k","status":"publish","type":"product","link":"https:\/\/bigbuy.tupique.com\/es\/produto\/converter-adapter-startech-st12mhdlan4k\/","title":{"rendered":"Convertisseur\/Adaptateur Startech ST12MHDLAN4K"},"content":{"rendered":"<p>Si vous \u00eates passionn\u00e9 d&#8217;<b>informatique et d&#8217;\u00e9lectronique<\/b>, si vous \u00eates \u00e0 la pointe de la technologie et qu&#8217;aucun d\u00e9tail ne vous \u00e9chappe, achetez <b>Convertisseur\/Adaptateur Startech ST12MHDLAN4K        <\/b> au meilleur prix.<\/p>\n<ul>\n<li>Type:\n<ul>\n<li>IP<\/li>\n<li>Avec fil<\/li>\n<li>Prise M\u00e2le\/Prise M\u00e2le<\/li>\n<\/ul>\n<\/li>\n<li>Couleur: Noir<\/li>\n<li>Mati\u00e8re: Aluminium<\/li>\n<li>Tension: 100-240 V<\/li>\n<li>Port\u00e9e: 100 m<\/li>\n<li>consommation d&#8217;\u00e9nergie: 18 W<\/li>\n<li>Caract\u00e9ristiques: Guide d&#8217;installation inclus<\/li>\n<li>Connexions:\n<ul>\n<li>HDMI<\/li>\n<li>RJ45<\/li>\n<li>SATA<\/li>\n<\/ul>\n<\/li>\n<li>Ports: 4<\/li>\n<li>Certificat: RoHS<\/li>\n<li>Tension d&#8217;entr\u00e9e AC: 100 &#8211; 240 V<\/li>\n<li>Amp\u00e9rage:\n<ul>\n<li>1,5 A<\/li>\n<li>0,6 A<\/li>\n<\/ul>\n<\/li>\n<li>Inclut: Supports de montage<\/li>\n<li>R\u00e9solution (px): 3840 x 2160 px<\/li>\n<\/ul>","protected":false},"excerpt":{"rendered":"<p>Si vous \u00eates passionn\u00e9 d&#8217;informatique et d&#8217;\u00e9lectronique, si vous \u00eates \u00e0 la pointe de la technologie et qu&#8217;aucun d\u00e9tail ne vous \u00e9chappe, achetez Convertisseur\/Adaptateur Startech ST12MHDLAN4K au meilleur prix. Type: IP Avec fil Prise M\u00e2le\/Prise M\u00e2le Couleur: Noir Mati\u00e8re: Aluminium Tension: 100-240 V Port\u00e9e: 100 m consommation d&#8217;\u00e9nergie: 18 W Caract\u00e9ristiques: Guide d&#8217;installation inclus Connexions: [&hellip;]<\/p>\n","protected":false},"featured_media":19820,"comment_status":"open","ping_status":"closed","template":"","meta":[],"product_brand":[634],"product_cat":[596,589,65],"product_tag":[],"class_list":{"0":"post-19823","1":"product","2":"type-product","3":"status-publish","4":"has-post-thumbnail","6":"product_brand-brandp_4771","7":"product_cat-cables-audio-et-video","8":"product_cat-electronique-television","9":"product_cat-informatique-electronique","11":"first","12":"instock","13":"taxable","14":"shipping-taxable","15":"purchasable","16":"product-type-simple"},"_links":{"self":[{"href":"https:\/\/bigbuy.tupique.com\/es\/wp-json\/wp\/v2\/product\/19823","targetHints":{"allow":["GET"]}}],"collection":[{"href":"https:\/\/bigbuy.tupique.com\/es\/wp-json\/wp\/v2\/product"}],"about":[{"href":"https:\/\/bigbuy.tupique.com\/es\/wp-json\/wp\/v2\/types\/product"}],"replies":[{"embeddable":true,"href":"https:\/\/bigbuy.tupique.com\/es\/wp-json\/wp\/v2\/comments?post=19823"}],"wp:featuredmedia":[{"embeddable":true,"href":"https:\/\/bigbuy.tupique.com\/es\/wp-json\/wp\/v2\/media\/19820"}],"wp:attachment":[{"href":"https:\/\/bigbuy.tupique.com\/es\/wp-json\/wp\/v2\/media?parent=19823"}],"wp:term":[{"taxonomy":"product_brand","embeddable":true,"href":"https:\/\/bigbuy.tupique.com\/es\/wp-json\/wp\/v2\/product_brand?post=19823"},{"taxonomy":"product_cat","embeddable":true,"href":"https:\/\/bigbuy.tupique.com\/es\/wp-json\/wp\/v2\/product_cat?post=19823"},{"taxonomy":"product_tag","embeddable":true,"href":"https:\/\/bigbuy.tupique.com\/es\/wp-json\/wp\/v2\/product_tag?post=19823"}],"curies":[{"name":"wp","href":"https:\/\/api.w.org\/{rel}","templated":true}]}}