{"id":19771,"date":"2026-03-29T16:32:14","date_gmt":"2026-03-29T15:32:14","guid":{"rendered":"https:\/\/bigbuy.tupique.com\/produto\/joystick-turtle-beach-tbs-0715-02\/"},"modified":"2026-04-16T21:43:37","modified_gmt":"2026-04-16T20:43:37","slug":"joystick-turtle-beach-tbs-0715-02","status":"publish","type":"product","link":"https:\/\/bigbuy.tupique.com\/es\/produto\/joystick-turtle-beach-tbs-0715-02\/","title":{"rendered":"Joystick Turtle Beach TBS-0715-02"},"content":{"rendered":"<p>Si vous \u00eates passionn\u00e9 d&#8217;<b>informatique et d&#8217;\u00e9lectronique<\/b>, si vous \u00eates \u00e0 la pointe de la technologie et qu&#8217;aucun d\u00e9tail ne vous \u00e9chappe, achetez <b>Joystick Turtle Beach TBS-0715-02<\/b> au meilleur prix.<\/p>\n<p>Le <b>joystick VelocityOne Flight<\/b> de <b>Turtle Beach<\/b> est une manette sp\u00e9cialement con\u00e7ue pour les simulateurs de vol sur PC, compatible avec les <b>syst\u00e8mes Windows<\/b>. Sa construction en couleur <b>noir<\/b> met en valeur un design ergonomique pens\u00e9 pour de longues sessions de jeu, offrant une prise en main confortable et pr\u00e9cise. Il se connecte via une interface <b>USB filaire<\/b>, garantissant une communication stable et sans latence avec l\u2019ordinateur. Cet appareil se distingue dans la cat\u00e9gorie des <b>joysticks ou manches de commande<\/b> par son \u00e9quilibre entre fonctionnalit\u00e9 et ergonomie, id\u00e9al aussi bien pour les utilisateurs amateurs que pour les pilotes virtuels exp\u00e9riment\u00e9s recherchant un contr\u00f4le fiable et sensible. La disposition de ses commandes et boutons facilite une exp\u00e9rience de vol r\u00e9aliste, tandis que la qualit\u00e9 des mat\u00e9riaux assure durabilit\u00e9 et r\u00e9sistance \u00e0 une utilisation intensive. De plus, sa configuration en langue <b>anglais<\/b> convient \u00e0 la plupart des logiciels et jeux de simulation populaires. En r\u00e9sum\u00e9, le VelocityOne Flight offre une solution compl\u00e8te pour optimiser l\u2019exp\u00e9rience sur simulateurs gr\u00e2ce \u00e0 un contr\u00f4le pr\u00e9cis et confortable, confirmant l\u2019engagement de Turtle Beach envers des accessoires de jeu de qualit\u00e9.<\/p>\n<ul>\n<li>Type:\n<ul>\n<li>Joysticks\/Manette<\/li>\n<li>Analogique\/Num\u00e9rique<\/li>\n<\/ul>\n<\/li>\n<li>Couleur: Noir<\/li>\n<li>Caract\u00e9ristiques:\n<ul>\n<li>Ergonomique<\/li>\n<li>T\u00e9moin de fonctionnement LED<\/li>\n<li>Plug &amp; Play<\/li>\n<\/ul>\n<\/li>\n<li>Connexions: USB<\/li>\n<li>Langue: Anglais<\/li>\n<li>Bloc d\u2019Alimentation: Avec fil<\/li>\n<li>Compatible: Windows<\/li>\n<li>Inclut:\n<ul>\n<li>C\u00e2ble USB<\/li>\n<li>Ecran<\/li>\n<li>Sortie d&#8217;\u00e9couteurs<\/li>\n<li>Manuel de l&#8217;utilisateur<\/li>\n<\/ul>\n<\/li>\n<\/ul>","protected":false},"excerpt":{"rendered":"<p>Si vous \u00eates passionn\u00e9 d&#8217;informatique et d&#8217;\u00e9lectronique, si vous \u00eates \u00e0 la pointe de la technologie et qu&#8217;aucun d\u00e9tail ne vous \u00e9chappe, achetez Joystick Turtle Beach TBS-0715-02 au meilleur prix. Le joystick VelocityOne Flight de Turtle Beach est une manette sp\u00e9cialement con\u00e7ue pour les simulateurs de vol sur PC, compatible avec les syst\u00e8mes Windows. Sa [&hellip;]<\/p>\n","protected":false},"featured_media":19770,"comment_status":"open","ping_status":"closed","template":"","meta":[],"product_brand":[842],"product_cat":[609,65,610],"product_tag":[59,572],"class_list":{"0":"post-19771","1":"product","2":"type-product","3":"status-publish","4":"has-post-thumbnail","6":"product_brand-brandp_5689","7":"product_cat-electronique-jouets-electroniques","8":"product_cat-informatique-electronique","9":"product_cat-jeux-video","10":"product_tag-tag_1304","11":"product_tag-tag_29","13":"first","14":"instock","15":"taxable","16":"shipping-taxable","17":"purchasable","18":"product-type-simple"},"_links":{"self":[{"href":"https:\/\/bigbuy.tupique.com\/es\/wp-json\/wp\/v2\/product\/19771","targetHints":{"allow":["GET"]}}],"collection":[{"href":"https:\/\/bigbuy.tupique.com\/es\/wp-json\/wp\/v2\/product"}],"about":[{"href":"https:\/\/bigbuy.tupique.com\/es\/wp-json\/wp\/v2\/types\/product"}],"replies":[{"embeddable":true,"href":"https:\/\/bigbuy.tupique.com\/es\/wp-json\/wp\/v2\/comments?post=19771"}],"wp:featuredmedia":[{"embeddable":true,"href":"https:\/\/bigbuy.tupique.com\/es\/wp-json\/wp\/v2\/media\/19770"}],"wp:attachment":[{"href":"https:\/\/bigbuy.tupique.com\/es\/wp-json\/wp\/v2\/media?parent=19771"}],"wp:term":[{"taxonomy":"product_brand","embeddable":true,"href":"https:\/\/bigbuy.tupique.com\/es\/wp-json\/wp\/v2\/product_brand?post=19771"},{"taxonomy":"product_cat","embeddable":true,"href":"https:\/\/bigbuy.tupique.com\/es\/wp-json\/wp\/v2\/product_cat?post=19771"},{"taxonomy":"product_tag","embeddable":true,"href":"https:\/\/bigbuy.tupique.com\/es\/wp-json\/wp\/v2\/product_tag?post=19771"}],"curies":[{"name":"wp","href":"https:\/\/api.w.org\/{rel}","templated":true}]}}