{"id":19736,"date":"2026-03-29T16:31:30","date_gmt":"2026-03-29T15:31:30","guid":{"rendered":"https:\/\/bigbuy.tupique.com\/produto\/in-ear-bluetooth-headphones-poly-free-60-black\/"},"modified":"2026-04-16T09:17:11","modified_gmt":"2026-04-16T08:17:11","slug":"in-ear-bluetooth-headphones-poly-free-60-black","status":"publish","type":"product","link":"https:\/\/bigbuy.tupique.com\/es\/produto\/in-ear-bluetooth-headphones-poly-free-60-black\/","title":{"rendered":"\u00c9couteurs in Ear Bluetooth Poly FREE 60+ Noir"},"content":{"rendered":"<p>Si vous \u00eates passionn\u00e9 d&#8217;<b>informatique et d&#8217;\u00e9lectronique<\/b>, si vous \u00eates \u00e0 la pointe de la technologie et qu&#8217;aucun d\u00e9tail ne vous \u00e9chappe, achetez <b>\u00c9couteurs in Ear Bluetooth Poly FREE 60+ Noir<\/b> au meilleur prix.<\/p>\n<p>Les <b>\u00c9couteurs In Ear Bluetooth<\/b> Poly mod\u00e8le <b>7Y8H0AA<\/b> offrent une solution polyvalente pour ceux qui recherchent qualit\u00e9 et fonctionnalit\u00e9 dans des appareils audio sans fil. Con\u00e7us en couleur <b>noir<\/b> et fabriqu\u00e9s avec des mat\u00e9riaux r\u00e9sistants comme le <b>plastique<\/b>, ces \u00e9couteurs intra-auriculaires assurent un usage confortable et discret gr\u00e2ce \u00e0 leur taille compacte avec des haut-parleurs de <b>16 mm<\/b> garantissant une bonne restitution sonore. \u00c9quip\u00e9s de la technologie <b>Bluetooth<\/b> et d\u2019une connectivit\u00e9 totalement <b>sans fil<\/b>, ils permettent une libert\u00e9 de mouvement sans c\u00e2ble, avec une port\u00e9e maximale de <b>30 m\u00e8tres<\/b>, id\u00e9ale pour les visioconf\u00e9rences comme pour l\u2019\u00e9coute musicale. De plus, leur design int\u00e8gre un microphone d\u00e9di\u00e9 aux appels, facilitant une communication claire et efficace, adapt\u00e9e aux environnements professionnels et de loisirs. Le pack comprend un \u00e9tui de charge avec \u00e9cran tactile et un adaptateur USB-C BT700, assurant une recharge rapide et pratique ainsi qu\u2019une connexion stable et moderne. Ces \u00e9couteurs sont recommand\u00e9s pour les utilisateurs recherchant polyvalence tant pour les <b>appels<\/b> que pour profiter de contenus multim\u00e9dias confortablement et sans interruption. Leur finition noir carbone apporte une touche \u00e9l\u00e9gante et sobre en accord avec leur fonction professionnelle. En r\u00e9sum\u00e9, les Poly 7Y8H0AA sont des \u00e9couteurs sans fil alliant qualit\u00e9 sonore, confort et technologie avanc\u00e9e pour r\u00e9pondre aux exigences du travail quotidien et du divertissement.<\/p>\n<ul>\n<li>Type:\n<ul>\n<li>\u00c9couteur<\/li>\n<li>Sans fil<\/li>\n<li>Casques avec Microphone<\/li>\n<\/ul>\n<\/li>\n<li>Couleur: Noir<\/li>\n<li>Caract\u00e9ristiques:\n<ul>\n<li>Batterie int\u00e9gr\u00e9e<\/li>\n<li>\u00c9tui<\/li>\n<li>Microphone int\u00e9gr\u00e9<\/li>\n<li>Sans fil<\/li>\n<\/ul>\n<\/li>\n<li>Connexions:\n<ul>\n<li>USB-C<\/li>\n<li>Jack 3.5 mm<\/li>\n<li>USB<\/li>\n<\/ul>\n<\/li>\n<li>Connectivit\u00e9: Bluetooth<\/li>\n<li>Port\u00e9e: 30 m<\/li>\n<li>Type de casque: Internet intra-auriculaires<\/li>\n<li>Compatible:\n<ul>\n<li>Mac OS<\/li>\n<li>Android, iOS<\/li>\n<\/ul>\n<\/li>\n<li>Temps de charge approx.: 2 heures<\/li>\n<li>Type de commande: Tactile<\/li>\n<li>Batterie: Oui<\/li>\n<li>Casque: Binaural<\/li>\n<li>Utilisation recommand\u00e9e: Appels et musique<\/li>\n<li>Type de batterie: Litio Ion<\/li>\n<\/ul>","protected":false},"excerpt":{"rendered":"<p>Si vous \u00eates passionn\u00e9 d&#8217;informatique et d&#8217;\u00e9lectronique, si vous \u00eates \u00e0 la pointe de la technologie et qu&#8217;aucun d\u00e9tail ne vous \u00e9chappe, achetez \u00c9couteurs in Ear Bluetooth Poly FREE 60+ Noir au meilleur prix. Les \u00c9couteurs In Ear Bluetooth Poly mod\u00e8le 7Y8H0AA offrent une solution polyvalente pour ceux qui recherchent qualit\u00e9 et fonctionnalit\u00e9 dans des [&hellip;]<\/p>\n","protected":false},"featured_media":19731,"comment_status":"open","ping_status":"closed","template":"","meta":[],"product_brand":[1002],"product_cat":[756,755,65],"product_tag":[566,106],"class_list":{"0":"post-19736","1":"product","2":"type-product","3":"status-publish","4":"has-post-thumbnail","6":"product_brand-brandp_4768","7":"product_cat-casque-sans-fil","8":"product_cat-electronique-son","9":"product_cat-informatique-electronique","10":"product_tag-tag_547","11":"product_tag-tag_1295","13":"first","14":"instock","15":"taxable","16":"shipping-taxable","17":"purchasable","18":"product-type-simple"},"_links":{"self":[{"href":"https:\/\/bigbuy.tupique.com\/es\/wp-json\/wp\/v2\/product\/19736","targetHints":{"allow":["GET"]}}],"collection":[{"href":"https:\/\/bigbuy.tupique.com\/es\/wp-json\/wp\/v2\/product"}],"about":[{"href":"https:\/\/bigbuy.tupique.com\/es\/wp-json\/wp\/v2\/types\/product"}],"replies":[{"embeddable":true,"href":"https:\/\/bigbuy.tupique.com\/es\/wp-json\/wp\/v2\/comments?post=19736"}],"wp:featuredmedia":[{"embeddable":true,"href":"https:\/\/bigbuy.tupique.com\/es\/wp-json\/wp\/v2\/media\/19731"}],"wp:attachment":[{"href":"https:\/\/bigbuy.tupique.com\/es\/wp-json\/wp\/v2\/media?parent=19736"}],"wp:term":[{"taxonomy":"product_brand","embeddable":true,"href":"https:\/\/bigbuy.tupique.com\/es\/wp-json\/wp\/v2\/product_brand?post=19736"},{"taxonomy":"product_cat","embeddable":true,"href":"https:\/\/bigbuy.tupique.com\/es\/wp-json\/wp\/v2\/product_cat?post=19736"},{"taxonomy":"product_tag","embeddable":true,"href":"https:\/\/bigbuy.tupique.com\/es\/wp-json\/wp\/v2\/product_tag?post=19736"}],"curies":[{"name":"wp","href":"https:\/\/api.w.org\/{rel}","templated":true}]}}