{"id":19703,"date":"2026-03-29T16:30:44","date_gmt":"2026-03-29T15:30:44","guid":{"rendered":"https:\/\/bigbuy.tupique.com\/produto\/jet-wash-zeuz-160-bar-450-l-h\/"},"modified":"2026-04-16T21:10:04","modified_gmt":"2026-04-16T20:10:04","slug":"jet-wash-zeuz-160-bar-450-l-h","status":"publish","type":"product","link":"https:\/\/bigbuy.tupique.com\/es\/produto\/jet-wash-zeuz-160-bar-450-l-h\/","title":{"rendered":"Nettoyeur haute pression ZEUZ 160 bar 450 L\/H"},"content":{"rendered":"<p>Si vous aimez prendre soin de chaque d\u00e9tail de votre maison et d&#8217;\u00eatre \u00e0 la derni\u00e8re mode en mati\u00e8re de produits qui vous rendront la vie plus facile, achetez <b>Nettoyeur haute pression ZEUZ 160 bar 450 L\/H<\/b> au meilleur prix.<\/p>\n<ul>\n<li>Moteur: Moteur \u00e0 quatre temps<\/li>\n<li>Bloc d\u2019Alimentation: Essence<\/li>\n<li>Couleur:\n<ul>\n<li>Noir<\/li>\n<li>Rouge<\/li>\n<\/ul>\n<\/li>\n<li>Caract\u00e9ristiques:\n<ul>\n<li>Avec des roues<\/li>\n<li>Anse de transport<\/li>\n<\/ul>\n<\/li>\n<li>Inclut:\n<ul>\n<li>Tuyau d&#8217;arrosage<\/li>\n<li>Lance de nettoyage<\/li>\n<\/ul>\n<\/li>\n<li>Type: Nettoyeur haute pression<\/li>\n<li>Mat\u00e9riel:\n<ul>\n<li>Acier inoxydable<\/li>\n<li>Aluminium<\/li>\n<\/ul>\n<\/li>\n<li>Pression: 160 bar<\/li>\n<li>D\u00e9bit d&#8217;eau: 450 L\/H<\/li>\n<\/ul>","protected":false},"excerpt":{"rendered":"<p>Si vous aimez prendre soin de chaque d\u00e9tail de votre maison et d&#8217;\u00eatre \u00e0 la derni\u00e8re mode en mati\u00e8re de produits qui vous rendront la vie plus facile, achetez Nettoyeur haute pression ZEUZ 160 bar 450 L\/H au meilleur prix. Moteur: Moteur \u00e0 quatre temps Bloc d\u2019Alimentation: Essence Couleur: Noir Rouge Caract\u00e9ristiques: Avec des roues [&hellip;]<\/p>\n","protected":false},"featured_media":19700,"comment_status":"open","ping_status":"closed","template":"","meta":[],"product_brand":[1004],"product_cat":[613,239],"product_tag":[59,210],"class_list":{"0":"post-19703","1":"product","2":"type-product","3":"status-publish","4":"has-post-thumbnail","6":"product_brand-brandp_9145","7":"product_cat-bricolage-et-materiel","8":"product_cat-maison-jardin","9":"product_tag-tag_1304","10":"product_tag-tag_25","12":"first","13":"instock","14":"taxable","15":"shipping-taxable","16":"purchasable","17":"product-type-simple"},"_links":{"self":[{"href":"https:\/\/bigbuy.tupique.com\/es\/wp-json\/wp\/v2\/product\/19703","targetHints":{"allow":["GET"]}}],"collection":[{"href":"https:\/\/bigbuy.tupique.com\/es\/wp-json\/wp\/v2\/product"}],"about":[{"href":"https:\/\/bigbuy.tupique.com\/es\/wp-json\/wp\/v2\/types\/product"}],"replies":[{"embeddable":true,"href":"https:\/\/bigbuy.tupique.com\/es\/wp-json\/wp\/v2\/comments?post=19703"}],"wp:featuredmedia":[{"embeddable":true,"href":"https:\/\/bigbuy.tupique.com\/es\/wp-json\/wp\/v2\/media\/19700"}],"wp:attachment":[{"href":"https:\/\/bigbuy.tupique.com\/es\/wp-json\/wp\/v2\/media?parent=19703"}],"wp:term":[{"taxonomy":"product_brand","embeddable":true,"href":"https:\/\/bigbuy.tupique.com\/es\/wp-json\/wp\/v2\/product_brand?post=19703"},{"taxonomy":"product_cat","embeddable":true,"href":"https:\/\/bigbuy.tupique.com\/es\/wp-json\/wp\/v2\/product_cat?post=19703"},{"taxonomy":"product_tag","embeddable":true,"href":"https:\/\/bigbuy.tupique.com\/es\/wp-json\/wp\/v2\/product_tag?post=19703"}],"curies":[{"name":"wp","href":"https:\/\/api.w.org\/{rel}","templated":true}]}}