{"id":19677,"date":"2026-03-29T16:21:37","date_gmt":"2026-03-29T15:21:37","guid":{"rendered":"https:\/\/bigbuy.tupique.com\/produto\/table-saw-metabo-kgs305m-2000-w-305-mm-110-mm\/"},"modified":"2026-05-11T20:02:50","modified_gmt":"2026-05-11T18:02:50","slug":"table-saw-metabo-kgs305m-2000-w-305-mm-110-mm","status":"publish","type":"product","link":"https:\/\/bigbuy.tupique.com\/es\/produto\/table-saw-metabo-kgs305m-2000-w-305-mm-110-mm\/","title":{"rendered":"Scie de table Metabo KGS305M 2000 W 305 mm 110 mm"},"content":{"rendered":"<p>Si vous aimez prendre soin de chaque d\u00e9tail de votre maison et d&#8217;\u00eatre \u00e0 la derni\u00e8re mode en mati\u00e8re de produits qui vous rendront la vie plus facile, achetez <b>Scie de table Metabo KGS305M 2000 W 305 mm 110 mm<\/b> au meilleur prix.<\/p>\n<p>La <b>scie sur table KGS305M<\/b> de la marque reconnue Metabo est un outil con\u00e7u pour offrir pr\u00e9cision et puissance lors de coupes exigeantes. Ce mod\u00e8le int\u00e8gre un moteur puissant avec deux niveaux de puissance, <b>1600 W et 2000 W<\/b>, permettant de s\u2019adapter \u00e0 diff\u00e9rents mat\u00e9riaux et types de travaux, offrant ainsi polyvalence et performance efficace. Elle fonctionne avec une <b>tension de 230 V<\/b>, compatible avec les installations \u00e9lectriques standard, et dispose d\u2019une lame d\u2019environ <b>50 cm<\/b>, id\u00e9ale pour les travaux n\u00e9cessitant des coupes profondes et pr\u00e9cises. Pour optimiser l\u2019exp\u00e9rience utilisateur, elle inclut un <b>guide de coupe<\/b> facilitant l\u2019alignement et am\u00e9liorant la pr\u00e9cision \u00e0 chaque utilisation. De plus, elle est \u00e9quip\u00e9e d\u2019un sac \u00e0 poussi\u00e8re, outil essentiel pour maintenir la zone propre et am\u00e9liorer la visibilit\u00e9 pendant l\u2019usage. Son design robuste et pratique est compl\u00e9t\u00e9 par un c\u00e2ble \u00e9lectrique garantissant une mobilit\u00e9 ais\u00e9e dans l\u2019atelier. La scie sur table Metabo KGS305M repr\u00e9sente un choix \u00e9quilibr\u00e9 entre puissance, fonctionnalit\u00e9 et pr\u00e9cision dans le secteur des outils \u00e9lectriques professionnels.<\/p>\n<ul>\n<li>Bloc d\u2019Alimentation:\n<ul>\n<li>C\u00e2ble \u00e9lectrique<\/li>\n<li>r\u00e9seau \u00e9lectrique<\/li>\n<\/ul>\n<\/li>\n<li>Type de prise: Prise EU<\/li>\n<li>Produit \u00e0 brancher: Oui<\/li>\n<li>Inclut:\n<ul>\n<li>Sac \u00e0 poussi\u00e8re<\/li>\n<li>Guide de coupe<\/li>\n<li>Lame dentel\u00e9e<\/li>\n<\/ul>\n<\/li>\n<li>Type:\n<ul>\n<li>Scie de table<\/li>\n<li>Scie circulaire<\/li>\n<\/ul>\n<\/li>\n<li>Utilisation recommand\u00e9e: Bois<\/li>\n<li>Couleur: Vert<\/li>\n<li>puissance:\n<ul>\n<li>1600 W<\/li>\n<li>2000 W<\/li>\n<\/ul>\n<\/li>\n<li>Tension: 230 V<\/li>\n<li>diam\u00e8tre approx.: 305 mm<\/li>\n<li>Taille de coupe: 110 mm<\/li>\n<li>Profondeur: 50 cm<\/li>\n<li>Longueur du c\u00e2ble: 2 m<\/li>\n<li>vitesse: 3700 rpm<\/li>\n<\/ul>","protected":false},"excerpt":{"rendered":"<p>Si vous aimez prendre soin de chaque d\u00e9tail de votre maison et d&#8217;\u00eatre \u00e0 la derni\u00e8re mode en mati\u00e8re de produits qui vous rendront la vie plus facile, achetez Scie de table Metabo KGS305M 2000 W 305 mm 110 mm au meilleur prix. La scie sur table KGS305M de la marque reconnue Metabo est un [&hellip;]<\/p>\n","protected":false},"featured_media":192755,"comment_status":"open","ping_status":"closed","template":"","meta":[],"product_brand":[1003],"product_cat":[613,239],"product_tag":[59,210],"class_list":{"0":"post-19677","1":"product","2":"type-product","3":"status-publish","4":"has-post-thumbnail","6":"product_brand-brandp_6129","7":"product_cat-bricolage-et-materiel","8":"product_cat-maison-jardin","9":"product_tag-tag_1304","10":"product_tag-tag_25","12":"first","13":"instock","14":"taxable","15":"shipping-taxable","16":"purchasable","17":"product-type-simple"},"_links":{"self":[{"href":"https:\/\/bigbuy.tupique.com\/es\/wp-json\/wp\/v2\/product\/19677","targetHints":{"allow":["GET"]}}],"collection":[{"href":"https:\/\/bigbuy.tupique.com\/es\/wp-json\/wp\/v2\/product"}],"about":[{"href":"https:\/\/bigbuy.tupique.com\/es\/wp-json\/wp\/v2\/types\/product"}],"replies":[{"embeddable":true,"href":"https:\/\/bigbuy.tupique.com\/es\/wp-json\/wp\/v2\/comments?post=19677"}],"wp:featuredmedia":[{"embeddable":true,"href":"https:\/\/bigbuy.tupique.com\/es\/wp-json\/wp\/v2\/media\/192755"}],"wp:attachment":[{"href":"https:\/\/bigbuy.tupique.com\/es\/wp-json\/wp\/v2\/media?parent=19677"}],"wp:term":[{"taxonomy":"product_brand","embeddable":true,"href":"https:\/\/bigbuy.tupique.com\/es\/wp-json\/wp\/v2\/product_brand?post=19677"},{"taxonomy":"product_cat","embeddable":true,"href":"https:\/\/bigbuy.tupique.com\/es\/wp-json\/wp\/v2\/product_cat?post=19677"},{"taxonomy":"product_tag","embeddable":true,"href":"https:\/\/bigbuy.tupique.com\/es\/wp-json\/wp\/v2\/product_tag?post=19677"}],"curies":[{"name":"wp","href":"https:\/\/api.w.org\/{rel}","templated":true}]}}