{"id":19646,"date":"2026-03-29T16:20:44","date_gmt":"2026-03-29T15:20:44","guid":{"rendered":"https:\/\/bigbuy.tupique.com\/produto\/portable-bluetooth-speakers-hp-772c2aa-black-black-grey-60-w\/"},"modified":"2026-04-16T09:17:11","modified_gmt":"2026-04-16T08:17:11","slug":"portable-bluetooth-speakers-hp-772c2aa-black-black-grey-60-w","status":"publish","type":"product","link":"https:\/\/bigbuy.tupique.com\/es\/produto\/portable-bluetooth-speakers-hp-772c2aa-black-black-grey-60-w\/","title":{"rendered":"Haut-parleurs bluetooth portables HP 772C2AA Noir Noir\/Gris 60 W"},"content":{"rendered":"<p>Si vous \u00eates passionn\u00e9 d&#8217;<b>informatique et d&#8217;\u00e9lectronique<\/b>, si vous \u00eates \u00e0 la pointe de la technologie et qu&#8217;aucun d\u00e9tail ne vous \u00e9chappe, achetez <b>Haut-parleurs bluetooth portables HP 772C2AA Noir Noir\/Gris 60 W<\/b> au meilleur prix.<\/p>\n<ul>\n<li>Type:\n<ul>\n<li>Haut-parleurs bluetooth<\/li>\n<li>Sans fil<\/li>\n<li>Barre audio<\/li>\n<\/ul>\n<\/li>\n<li>Type de batterie: Litio Ion<\/li>\n<li>Couleur: Noir<\/li>\n<li>Caract\u00e9ristiques:\n<ul>\n<li>R\u00e9duction du bruit<\/li>\n<li>Interrupteur marche\/arr\u00eat<\/li>\n<li>T\u00e9moin de fonctionnement LED<\/li>\n<\/ul>\n<\/li>\n<li>Connectivit\u00e9:\n<ul>\n<li>Bluetooth<\/li>\n<li>Bluetooth 5.1<\/li>\n<li>Bluetooth Low Energy<\/li>\n<\/ul>\n<\/li>\n<li>Bloc d\u2019Alimentation: C\u00e2ble \u00e9lectrique<\/li>\n<li>Compatible:\n<ul>\n<li>Windows<\/li>\n<li>macOS<\/li>\n<\/ul>\n<\/li>\n<li>Longueur du c\u00e2ble: 1,5 m<\/li>\n<li>Type de commande: Tactile<\/li>\n<li>puissance: 60 W<\/li>\n<li>Certificat: CE &amp; RoHS, FCC<\/li>\n<\/ul>","protected":false},"excerpt":{"rendered":"<p>Si vous \u00eates passionn\u00e9 d&#8217;informatique et d&#8217;\u00e9lectronique, si vous \u00eates \u00e0 la pointe de la technologie et qu&#8217;aucun d\u00e9tail ne vous \u00e9chappe, achetez Haut-parleurs bluetooth portables HP 772C2AA Noir Noir\/Gris 60 W au meilleur prix. Type: Haut-parleurs bluetooth Sans fil Barre audio Type de batterie: Litio Ion Couleur: Noir Caract\u00e9ristiques: R\u00e9duction du bruit Interrupteur marche\/arr\u00eat [&hellip;]<\/p>\n","protected":false},"featured_media":19642,"comment_status":"open","ping_status":"closed","template":"","meta":[],"product_brand":[630],"product_cat":[755,772,65],"product_tag":[566],"class_list":{"0":"post-19646","1":"product","2":"type-product","3":"status-publish","4":"has-post-thumbnail","6":"product_brand-brandp_909","7":"product_cat-electronique-son","8":"product_cat-haut-parleurs-bluetooth","9":"product_cat-informatique-electronique","10":"product_tag-tag_547","12":"first","13":"instock","14":"taxable","15":"shipping-taxable","16":"purchasable","17":"product-type-simple"},"_links":{"self":[{"href":"https:\/\/bigbuy.tupique.com\/es\/wp-json\/wp\/v2\/product\/19646","targetHints":{"allow":["GET"]}}],"collection":[{"href":"https:\/\/bigbuy.tupique.com\/es\/wp-json\/wp\/v2\/product"}],"about":[{"href":"https:\/\/bigbuy.tupique.com\/es\/wp-json\/wp\/v2\/types\/product"}],"replies":[{"embeddable":true,"href":"https:\/\/bigbuy.tupique.com\/es\/wp-json\/wp\/v2\/comments?post=19646"}],"wp:featuredmedia":[{"embeddable":true,"href":"https:\/\/bigbuy.tupique.com\/es\/wp-json\/wp\/v2\/media\/19642"}],"wp:attachment":[{"href":"https:\/\/bigbuy.tupique.com\/es\/wp-json\/wp\/v2\/media?parent=19646"}],"wp:term":[{"taxonomy":"product_brand","embeddable":true,"href":"https:\/\/bigbuy.tupique.com\/es\/wp-json\/wp\/v2\/product_brand?post=19646"},{"taxonomy":"product_cat","embeddable":true,"href":"https:\/\/bigbuy.tupique.com\/es\/wp-json\/wp\/v2\/product_cat?post=19646"},{"taxonomy":"product_tag","embeddable":true,"href":"https:\/\/bigbuy.tupique.com\/es\/wp-json\/wp\/v2\/product_tag?post=19646"}],"curies":[{"name":"wp","href":"https:\/\/api.w.org\/{rel}","templated":true}]}}