{"id":195903,"date":"2026-04-17T00:44:05","date_gmt":"2026-04-16T23:44:05","guid":{"rendered":"https:\/\/bigbuy.tupique.com\/produto\/set-de-construction-lego-3\/"},"modified":"2026-05-11T20:01:57","modified_gmt":"2026-05-11T18:01:57","slug":"set-de-construction-lego-3","status":"publish","type":"product","link":"https:\/\/bigbuy.tupique.com\/es\/produto\/set-de-construction-lego-3\/","title":{"rendered":"Set de construction Lego"},"content":{"rendered":"<p>Si vous \u00eates \u00e0 la recherche de nouvelles tendances sur le march\u00e9, nous vous pr\u00e9sentons <b>Set de construction Lego<\/b> !<\/p>\n<p>Le <b>jeu de construction<\/b> LEGO ONE PIECE 75636 Bar du Village Fuchsia est un set con\u00e7u pour les enfants \u00e0 partir de <b>8 ans<\/b>, qui stimule la cr\u00e9ativit\u00e9 et la concentration par la construction manuelle. Fabriqu\u00e9 en <b>plastique de haute qualit\u00e9<\/b>, ce jeu pr\u00e9sente une combinaison de <b>couleurs multicolores<\/b> permettant de recr\u00e9er avec pr\u00e9cision et r\u00e9alisme des sc\u00e8nes de l\u2019univers ONE PIECE, offrant une exp\u00e9rience ludique attrayante et \u00e9ducative. Ce set appartient \u00e0 la marque reconnue <b>LEGO<\/b>, synonyme de pi\u00e8ces embo\u00eetables facilitant le montage et garantissant la durabilit\u00e9 du produit. Son design modulaire aide \u00e0 d\u00e9velopper la motricit\u00e9 fine et l\u2019imagination, permettant aux enfants de construire et personnaliser leur propre Bar du Village Fuchsia, un lieu embl\u00e9matique du jeu. En tant que <b>jeu de construction<\/b>, il est id\u00e9al pour encourager l\u2019apprentissage actif et le divertissement simultan\u00e9ment. Ce produit se distingue par son \u00e9quilibre entre qualit\u00e9, d\u00e9tail et ad\u00e9quation \u00e0 une tranche d\u2019\u00e2ge recommand\u00e9e, assurant une utilisation s\u00fbre et p\u00e9dagogique. En r\u00e9sum\u00e9, le LEGO ONE PIECE 75636 est une option recommand\u00e9e pour ceux qui recherchent un jeu alliant divertissement et d\u00e9veloppement cognitif et manuel.<\/p>\n<ul>\n<li>Mati\u00e8re: Plastique<\/li>\n<li>\u00c2ge recommand\u00e9: + 8 Ans<\/li>\n<li>Non Inclus: Batterie<\/li>\n<\/ul>","protected":false},"excerpt":{"rendered":"<p>Si vous \u00eates \u00e0 la recherche de nouvelles tendances sur le march\u00e9, nous vous pr\u00e9sentons Set de construction Lego ! Le jeu de construction LEGO ONE PIECE 75636 Bar du Village Fuchsia est un set con\u00e7u pour les enfants \u00e0 partir de 8 ans, qui stimule la cr\u00e9ativit\u00e9 et la concentration par la construction manuelle. [&hellip;]<\/p>\n","protected":false},"featured_media":195887,"comment_status":"open","ping_status":"closed","template":"","meta":[],"product_brand":[819],"product_cat":[157,158,761],"product_tag":[57,59],"class_list":{"0":"post-195903","1":"product","2":"type-product","3":"status-publish","4":"has-post-thumbnail","6":"product_brand-brandp_2854","7":"product_cat-jouets-deguisements","8":"product_cat-jouets-et-jeux","9":"product_cat-puzzles-et-constructions","10":"product_tag-tag_1275","11":"product_tag-tag_1304","13":"first","14":"instock","15":"taxable","16":"shipping-taxable","17":"purchasable","18":"product-type-simple"},"_links":{"self":[{"href":"https:\/\/bigbuy.tupique.com\/es\/wp-json\/wp\/v2\/product\/195903","targetHints":{"allow":["GET"]}}],"collection":[{"href":"https:\/\/bigbuy.tupique.com\/es\/wp-json\/wp\/v2\/product"}],"about":[{"href":"https:\/\/bigbuy.tupique.com\/es\/wp-json\/wp\/v2\/types\/product"}],"replies":[{"embeddable":true,"href":"https:\/\/bigbuy.tupique.com\/es\/wp-json\/wp\/v2\/comments?post=195903"}],"wp:featuredmedia":[{"embeddable":true,"href":"https:\/\/bigbuy.tupique.com\/es\/wp-json\/wp\/v2\/media\/195887"}],"wp:attachment":[{"href":"https:\/\/bigbuy.tupique.com\/es\/wp-json\/wp\/v2\/media?parent=195903"}],"wp:term":[{"taxonomy":"product_brand","embeddable":true,"href":"https:\/\/bigbuy.tupique.com\/es\/wp-json\/wp\/v2\/product_brand?post=195903"},{"taxonomy":"product_cat","embeddable":true,"href":"https:\/\/bigbuy.tupique.com\/es\/wp-json\/wp\/v2\/product_cat?post=195903"},{"taxonomy":"product_tag","embeddable":true,"href":"https:\/\/bigbuy.tupique.com\/es\/wp-json\/wp\/v2\/product_tag?post=195903"}],"curies":[{"name":"wp","href":"https:\/\/api.w.org\/{rel}","templated":true}]}}