{"id":195635,"date":"2026-04-16T22:28:57","date_gmt":"2026-04-16T21:28:57","guid":{"rendered":"https:\/\/bigbuy.tupique.com\/produto\/trottinette-smoby\/"},"modified":"2026-04-16T22:28:57","modified_gmt":"2026-04-16T21:28:57","slug":"trottinette-smoby","status":"publish","type":"product","link":"https:\/\/bigbuy.tupique.com\/es\/produto\/trottinette-smoby\/","title":{"rendered":"Trottinette Smoby"},"content":{"rendered":"<p>Restez en forme et d\u00e9couvrez les derni\u00e8res nouveaut\u00e9s du secteur pour faire du sport avec les meilleures garanties ! Achetez <b>Trottinette Smoby<\/b> au meilleur prix et profitez d&#8217;une vie saine !<\/p>\n<p>Le <b>Patinete Smoby<\/b> est sp\u00e9cialement con\u00e7u pour les enfants \u00e0 partir de 3 ans, alliant s\u00e9curit\u00e9 et robustesse gr\u00e2ce \u00e0 des mat\u00e9riaux de haute qualit\u00e9. Principalement fabriqu\u00e9 en <b>m\u00e9tal<\/b>, ce trottinette offre une structure solide et durable, supportant l\u2019usage quotidien des plus jeunes, garantissant stabilit\u00e9 et \u00e9quilibre \u00e0 chaque d\u00e9placement. Son design vise \u00e0 initier les enfants \u00e0 la mobilit\u00e9 urbaine et \u00e0 l\u2019activit\u00e9 physique en plein air de mani\u00e8re s\u00fbre et ludique. De plus, la simplicit\u00e9 de sa structure facilite l\u2019apprentissage et la prise en main, s\u2019adaptant aux premi\u00e8res \u00e9tapes du d\u00e9veloppement moteur. Ce mod\u00e8le se distingue par sa l\u00e9g\u00e8ret\u00e9 et sa maniabilit\u00e9, id\u00e9al pour les petits qui commencent \u00e0 explorer leurs capacit\u00e9s de coordination et d\u2019\u00e9quilibre sur roues. Sa configuration basique et ses mat\u00e9riaux robustes assurent un produit pratique et fiable pour les enfants qui gagnent en exp\u00e9rience avec les trottinettes. En r\u00e9sum\u00e9, le patinete Smoby est une option adapt\u00e9e pour offrir des heures de jeu actif et d\u2019apprentissage dans un environnement s\u00fbr et contr\u00f4l\u00e9.<\/p>\n<ul>\n<li>Type: Trottinette<\/li>\n<li>Mati\u00e8re: M\u00e9tal<\/li>\n<li>\u00c2ge recommand\u00e9: + 3 ans<\/li>\n<li>roues: 3<\/li>\n<\/ul>","protected":false},"excerpt":{"rendered":"<p>Restez en forme et d\u00e9couvrez les derni\u00e8res nouveaut\u00e9s du secteur pour faire du sport avec les meilleures garanties ! Achetez Trottinette Smoby au meilleur prix et profitez d&#8217;une vie saine ! Le Patinete Smoby est sp\u00e9cialement con\u00e7u pour les enfants \u00e0 partir de 3 ans, alliant s\u00e9curit\u00e9 et robustesse gr\u00e2ce \u00e0 des mat\u00e9riaux de haute [&hellip;]<\/p>\n","protected":false},"featured_media":195625,"comment_status":"open","ping_status":"closed","template":"","meta":[],"product_brand":[1233],"product_cat":[157,158,726],"product_tag":[59,163],"class_list":{"0":"post-195635","1":"product","2":"type-product","3":"status-publish","4":"has-post-thumbnail","6":"product_brand-brandp_1931","7":"product_cat-jouets-deguisements","8":"product_cat-jouets-et-jeux","9":"product_cat-trotinettes-et-tricycles","10":"product_tag-tag_1304","11":"product_tag-tag_17","13":"first","14":"instock","15":"taxable","16":"shipping-taxable","17":"purchasable","18":"product-type-simple"},"_links":{"self":[{"href":"https:\/\/bigbuy.tupique.com\/es\/wp-json\/wp\/v2\/product\/195635","targetHints":{"allow":["GET"]}}],"collection":[{"href":"https:\/\/bigbuy.tupique.com\/es\/wp-json\/wp\/v2\/product"}],"about":[{"href":"https:\/\/bigbuy.tupique.com\/es\/wp-json\/wp\/v2\/types\/product"}],"replies":[{"embeddable":true,"href":"https:\/\/bigbuy.tupique.com\/es\/wp-json\/wp\/v2\/comments?post=195635"}],"wp:featuredmedia":[{"embeddable":true,"href":"https:\/\/bigbuy.tupique.com\/es\/wp-json\/wp\/v2\/media\/195625"}],"wp:attachment":[{"href":"https:\/\/bigbuy.tupique.com\/es\/wp-json\/wp\/v2\/media?parent=195635"}],"wp:term":[{"taxonomy":"product_brand","embeddable":true,"href":"https:\/\/bigbuy.tupique.com\/es\/wp-json\/wp\/v2\/product_brand?post=195635"},{"taxonomy":"product_cat","embeddable":true,"href":"https:\/\/bigbuy.tupique.com\/es\/wp-json\/wp\/v2\/product_cat?post=195635"},{"taxonomy":"product_tag","embeddable":true,"href":"https:\/\/bigbuy.tupique.com\/es\/wp-json\/wp\/v2\/product_tag?post=195635"}],"curies":[{"name":"wp","href":"https:\/\/api.w.org\/{rel}","templated":true}]}}