{"id":19516,"date":"2026-03-29T16:17:34","date_gmt":"2026-03-29T15:17:34","guid":{"rendered":"https:\/\/bigbuy.tupique.com\/produto\/video-conferencing-system-barco-clickshare-cx-30-gen-2\/"},"modified":"2026-04-16T12:00:45","modified_gmt":"2026-04-16T11:00:45","slug":"video-conferencing-system-barco-clickshare-cx-30-gen-2","status":"publish","type":"product","link":"https:\/\/bigbuy.tupique.com\/es\/produto\/video-conferencing-system-barco-clickshare-cx-30-gen-2\/","title":{"rendered":"Syst\u00e8me de Vid\u00e9oconf\u00e9rence Barco ClickShare CX\u201130 Gen 2"},"content":{"rendered":"<p>Si vous \u00eates passionn\u00e9 d&#8217;<b>informatique et d&#8217;\u00e9lectronique<\/b>, si vous \u00eates \u00e0 la pointe de la technologie et qu&#8217;aucun d\u00e9tail ne vous \u00e9chappe, achetez <b>Syst\u00e8me de Vid\u00e9oconf\u00e9rence Barco ClickShare CX\u201130 Gen 2<\/b> au meilleur prix.<\/p>\n<ul>\n<li>Connexions:\n<ul>\n<li>Ethernet LAN<\/li>\n<li>HDMI<\/li>\n<li>USB<\/li>\n<li>USB-C<\/li>\n<li>USB 2.0<\/li>\n<li>RJ45<\/li>\n<li>USB 3.2<\/li>\n<li>HDMI 1.4<\/li>\n<li>USB-C 3.2 Gen 1 (3.1 Gen 1)<\/li>\n<\/ul>\n<\/li>\n<li>Type:\n<ul>\n<li>Syst\u00e8me de Vid\u00e9oconf\u00e9rence<\/li>\n<li>Bureau<\/li>\n<\/ul>\n<\/li>\n<li>Couleur: Noir<\/li>\n<li>Connectivit\u00e9:\n<ul>\n<li>Wi-Fi<\/li>\n<li>Wi-Fi 5 GHz<\/li>\n<\/ul>\n<\/li>\n<li>R\u00e9solution: 4K Ultra HD<\/li>\n<li>Bloc d\u2019Alimentation: Courant alternatif<\/li>\n<li>consommation d&#8217;\u00e9nergie: 10 W<\/li>\n<li>Tension: 110-220 V<\/li>\n<li>Connecteurs: Kensington<\/li>\n<li>R\u00e9solution (px): 3840 x 2160 px<\/li>\n<\/ul>","protected":false},"excerpt":{"rendered":"<p>Si vous \u00eates passionn\u00e9 d&#8217;informatique et d&#8217;\u00e9lectronique, si vous \u00eates \u00e0 la pointe de la technologie et qu&#8217;aucun d\u00e9tail ne vous \u00e9chappe, achetez Syst\u00e8me de Vid\u00e9oconf\u00e9rence Barco ClickShare CX\u201130 Gen 2 au meilleur prix. Connexions: Ethernet LAN HDMI USB USB-C USB 2.0 RJ45 USB 3.2 HDMI 1.4 USB-C 3.2 Gen 1 (3.1 Gen 1) Type: [&hellip;]<\/p>\n","protected":false},"featured_media":19513,"comment_status":"open","ping_status":"closed","template":"","meta":[],"product_brand":[987],"product_cat":[65,581,607],"product_tag":[213,106],"class_list":{"0":"post-19516","1":"product","2":"type-product","3":"status-publish","4":"has-post-thumbnail","6":"product_brand-brandp_8790","7":"product_cat-informatique-electronique","8":"product_cat-informatique-peripheriques-et-consommables","9":"product_cat-webcam","10":"product_tag-tag_933","11":"product_tag-tag_1295","13":"first","14":"instock","15":"taxable","16":"shipping-taxable","17":"purchasable","18":"product-type-simple"},"_links":{"self":[{"href":"https:\/\/bigbuy.tupique.com\/es\/wp-json\/wp\/v2\/product\/19516","targetHints":{"allow":["GET"]}}],"collection":[{"href":"https:\/\/bigbuy.tupique.com\/es\/wp-json\/wp\/v2\/product"}],"about":[{"href":"https:\/\/bigbuy.tupique.com\/es\/wp-json\/wp\/v2\/types\/product"}],"replies":[{"embeddable":true,"href":"https:\/\/bigbuy.tupique.com\/es\/wp-json\/wp\/v2\/comments?post=19516"}],"wp:featuredmedia":[{"embeddable":true,"href":"https:\/\/bigbuy.tupique.com\/es\/wp-json\/wp\/v2\/media\/19513"}],"wp:attachment":[{"href":"https:\/\/bigbuy.tupique.com\/es\/wp-json\/wp\/v2\/media?parent=19516"}],"wp:term":[{"taxonomy":"product_brand","embeddable":true,"href":"https:\/\/bigbuy.tupique.com\/es\/wp-json\/wp\/v2\/product_brand?post=19516"},{"taxonomy":"product_cat","embeddable":true,"href":"https:\/\/bigbuy.tupique.com\/es\/wp-json\/wp\/v2\/product_cat?post=19516"},{"taxonomy":"product_tag","embeddable":true,"href":"https:\/\/bigbuy.tupique.com\/es\/wp-json\/wp\/v2\/product_tag?post=19516"}],"curies":[{"name":"wp","href":"https:\/\/api.w.org\/{rel}","templated":true}]}}