{"id":19503,"date":"2026-03-29T16:17:16","date_gmt":"2026-03-29T15:17:16","guid":{"rendered":"https:\/\/bigbuy.tupique.com\/produto\/monitor-aoc-u34e2m-34-full-hd-hd-lcd-wide-quad-hd\/"},"modified":"2026-04-15T18:43:53","modified_gmt":"2026-04-15T17:43:53","slug":"monitor-aoc-u34e2m-34-full-hd-hd-lcd-wide-quad-hd","status":"publish","type":"product","link":"https:\/\/bigbuy.tupique.com\/es\/produto\/monitor-aoc-u34e2m-34-full-hd-hd-lcd-wide-quad-hd\/","title":{"rendered":"\u00c9cran AOC U34E2M 34&#8243; Full HD HD LCD Wide Quad HD"},"content":{"rendered":"<p>Si vous \u00eates passionn\u00e9 d&#8217;<b>informatique et d&#8217;\u00e9lectronique<\/b>, si vous \u00eates \u00e0 la pointe de la technologie et qu&#8217;aucun d\u00e9tail ne vous \u00e9chappe, achetez <b>\u00c9cran AOC U34E2M 34&#8243; Full HD HD LCD Wide Quad HD<\/b> au meilleur prix.<\/p>\n<p>Le moniteur <b>AOC U34E2M<\/b> est un appareil con\u00e7u pour offrir une exp\u00e9rience visuelle panoramique gr\u00e2ce \u00e0 son <b>\u00e9cran ultralarge de 34 pouces<\/b> au format <b>21:9<\/b>, id\u00e9al pour les professionnels et les utilisateurs n\u00e9cessitant de grands espaces de travail ou une immersion accrue dans le divertissement. Il utilise la technologie de dalle <b>VA (Vertical Alignment)<\/b>, qui offre des couleurs plus profondes et un meilleur contraste compar\u00e9 aux dalles LED classiques, ainsi que la technologie <b>Flicker Free<\/b> pour r\u00e9duire le scintillement de l\u2019\u00e9cran, diminuant ainsi la fatigue oculaire lors de longues sessions. Sa <b>r\u00e9solution Full HD<\/b> et une r\u00e9solution horizontale optimis\u00e9e de <b>3440 pixels<\/b> garantissent des images nettes et pr\u00e9cises, tandis que le <b>temps de r\u00e9ponse de 4 ms<\/b> convient aux activit\u00e9s multim\u00e9dias, y compris vid\u00e9o et jeux occasionnels, sans retards notables. Esth\u00e9tiquement, il pr\u00e9sente un design noir sobre et \u00e9l\u00e9gant, avec des fonctions pratiques comme l\u2019inclinaison r\u00e9glable et amovible, facilitant son adaptation ergonomique au poste de travail. C\u00f4t\u00e9 connectivit\u00e9, il dispose de <b>deux ports HDMI<\/b> et de connexions USB permettant une liaison simple avec divers appareils, des ordinateurs aux consoles ou p\u00e9riph\u00e9riques additionnels. Bien qu\u2019il ne propose pas de r\u00e9glage en hauteur ni de fonction pivotante, son format et ses caract\u00e9ristiques en font une option polyvalente pour un usage professionnel et domestique privil\u00e9giant une qualit\u00e9 visuelle large et confortable. En r\u00e9sum\u00e9, le <b>moniteur AOC U34E2M<\/b> repr\u00e9sente une solution \u00e9quilibr\u00e9e pour les utilisateurs recherchant un \u00e9cran panoramique avec une bonne qualit\u00e9 d\u2019image, des technologies protectrices pour les yeux et une connectivit\u00e9 adapt\u00e9e \u00e0 un prix comp\u00e9titif, sans fonctions tactiles ni r\u00e9glages complexes.<\/p>\n<ul>\n<li>Ecran tactile: Non<\/li>\n<li>Diagonale de l&#8217;\u00e9cran (cm): 86,4 cm<\/li>\n<li>Ports: 2<\/li>\n<li>R\u00e9solution (px): 3440 x 1440 px<\/li>\n<li>Ecran: 34&#8243;<\/li>\n<li>Jeux: Non<\/li>\n<li>Type: \u00c9cran<\/li>\n<li>Produit \u00e0 brancher: Oui<\/li>\n<li>Type de prise: Prise EU<\/li>\n<li>Classification \u00e9nerg\u00e9tique: F<\/li>\n<li>Caract\u00e9ristiques:\n<ul>\n<li>\u00c9cran plat<\/li>\n<li>Plaque Tournante<\/li>\n<li>Inclinaison r\u00e9glable<\/li>\n<li>D\u00e9montable<\/li>\n<\/ul>\n<\/li>\n<li>Connexions:\n<ul>\n<li>DisplayPort 1.2<\/li>\n<li>HDMI<\/li>\n<li>DisplayPort<\/li>\n<li>HDMI 2.0<\/li>\n<li>2<\/li>\n<li>USB<\/li>\n<li>USB 2.0<\/li>\n<li>DisplayPort x 1<\/li>\n<li>HDMI x 2<\/li>\n<li>USB 3.0 x 2<\/li>\n<\/ul>\n<\/li>\n<li>Bloc d\u2019Alimentation: r\u00e9seau \u00e9lectrique<\/li>\n<li>Couleur: Noir<\/li>\n<li>Temps de r\u00e9ponse: 4 ms<\/li>\n<li>consommation d&#8217;\u00e9nergie:\n<ul>\n<li>35 W<\/li>\n<li>35 kWh<\/li>\n<li>32 kWh<\/li>\n<\/ul>\n<\/li>\n<li>Compatible:\n<ul>\n<li>VESA 100 x 100 mm<\/li>\n<li>VESA<\/li>\n<\/ul>\n<\/li>\n<li>VESA: 10 x 10 cm<\/li>\n<li>Rapport d&#8217;aspect: 21:9<\/li>\n<li>Fr\u00e9quence: 100 Hz<\/li>\n<li>R\u00e9solution:\n<ul>\n<li>Full HD<\/li>\n<li>HD<\/li>\n<li>LCD<\/li>\n<li>Wide Quad HD<\/li>\n<\/ul>\n<\/li>\n<li>Tension: 5 V<\/li>\n<li>Rapport de contraste: 4000:1<\/li>\n<li>Disque dur: 128 GB SSD<\/li>\n<li>Technologie:\n<ul>\n<li>VA<\/li>\n<li>Flicker free<\/li>\n<\/ul>\n<\/li>\n<li>Inclut: Sortie d&#8217;\u00e9couteurs<\/li>\n<li>Angle: 178\u00ba<\/li>\n<li>Connecteurs: Kensington<\/li>\n<li>Montage: VESA<\/li>\n<li>Utilisation recommand\u00e9e: Maison<\/li>\n<\/ul>","protected":false},"excerpt":{"rendered":"<p>Si vous \u00eates passionn\u00e9 d&#8217;informatique et d&#8217;\u00e9lectronique, si vous \u00eates \u00e0 la pointe de la technologie et qu&#8217;aucun d\u00e9tail ne vous \u00e9chappe, achetez \u00c9cran AOC U34E2M 34&#8243; Full HD HD LCD Wide Quad HD au meilleur prix. Le moniteur AOC U34E2M est un appareil con\u00e7u pour offrir une exp\u00e9rience visuelle panoramique gr\u00e2ce \u00e0 son \u00e9cran [&hellip;]<\/p>\n","protected":false},"featured_media":19497,"comment_status":"open","ping_status":"closed","template":"","meta":[],"product_brand":[1000],"product_cat":[65,581,616],"product_tag":[213,106],"class_list":{"0":"post-19503","1":"product","2":"type-product","3":"status-publish","4":"has-post-thumbnail","6":"product_brand-brandp_4564","7":"product_cat-informatique-electronique","8":"product_cat-informatique-peripheriques-et-consommables","9":"product_cat-moniteurs","10":"product_tag-tag_933","11":"product_tag-tag_1295","13":"first","14":"instock","15":"taxable","16":"shipping-taxable","17":"purchasable","18":"product-type-simple"},"_links":{"self":[{"href":"https:\/\/bigbuy.tupique.com\/es\/wp-json\/wp\/v2\/product\/19503","targetHints":{"allow":["GET"]}}],"collection":[{"href":"https:\/\/bigbuy.tupique.com\/es\/wp-json\/wp\/v2\/product"}],"about":[{"href":"https:\/\/bigbuy.tupique.com\/es\/wp-json\/wp\/v2\/types\/product"}],"replies":[{"embeddable":true,"href":"https:\/\/bigbuy.tupique.com\/es\/wp-json\/wp\/v2\/comments?post=19503"}],"wp:featuredmedia":[{"embeddable":true,"href":"https:\/\/bigbuy.tupique.com\/es\/wp-json\/wp\/v2\/media\/19497"}],"wp:attachment":[{"href":"https:\/\/bigbuy.tupique.com\/es\/wp-json\/wp\/v2\/media?parent=19503"}],"wp:term":[{"taxonomy":"product_brand","embeddable":true,"href":"https:\/\/bigbuy.tupique.com\/es\/wp-json\/wp\/v2\/product_brand?post=19503"},{"taxonomy":"product_cat","embeddable":true,"href":"https:\/\/bigbuy.tupique.com\/es\/wp-json\/wp\/v2\/product_cat?post=19503"},{"taxonomy":"product_tag","embeddable":true,"href":"https:\/\/bigbuy.tupique.com\/es\/wp-json\/wp\/v2\/product_tag?post=19503"}],"curies":[{"name":"wp","href":"https:\/\/api.w.org\/{rel}","templated":true}]}}