{"id":19482,"date":"2026-03-29T16:16:45","date_gmt":"2026-03-29T15:16:45","guid":{"rendered":"https:\/\/bigbuy.tupique.com\/produto\/lawn-mower-ryobi-5133002347-1800-w\/"},"modified":"2026-04-16T20:42:11","modified_gmt":"2026-04-16T19:42:11","slug":"lawn-mower-ryobi-5133002347-1800-w","status":"publish","type":"product","link":"https:\/\/bigbuy.tupique.com\/es\/produto\/lawn-mower-ryobi-5133002347-1800-w\/","title":{"rendered":"Tondeuse \u00e0 gazon Ryobi 5133002347 1800 W"},"content":{"rendered":"<p>Si vous aimez prendre soin de chaque d\u00e9tail de votre maison et d&#8217;\u00eatre \u00e0 la derni\u00e8re mode en mati\u00e8re de produits qui vous rendront la vie plus facile, achetez <b>Tondeuse \u00e0 gazon Ryobi 5133002347 1800 W<\/b> au meilleur prix.<\/p>\n<p>La <b>tondeuse \u00e0 gazon<\/b> Ryobi offre une solution efficace et pratique pour l\u2019entretien des jardins de taille moyenne, alliant une <b>puissance robuste de 1800 W<\/b> \u00e0 une <b>alimentation double<\/b> permettant de fonctionner aussi bien sur <b>batterie 18 V<\/b> que sur <b>secteur<\/b>, s\u2019adaptant ainsi \u00e0 diff\u00e9rents besoins d\u2019utilisation et d\u2019autonomie. Son design compact et l\u00e9ger facilite la maniabilit\u00e9, permettant de travailler pr\u00e9cis\u00e9ment dans les zones difficiles d\u2019acc\u00e8s. Ce mod\u00e8le dispose d\u2019une <b>largeur de coupe de 40 cm<\/b>, optimis\u00e9e pour un travail rapide et moins de passages, acc\u00e9l\u00e9rant l\u2019entretien des pelouses domestiques. Fabriqu\u00e9e en <b>m\u00e9tal et ABS haute r\u00e9sistance<\/b>, la tondeuse Ryobi garantit durabilit\u00e9 et r\u00e9sistance \u00e0 l\u2019usure ext\u00e9rieure, tandis que sa couleur <b>verte<\/b> s\u2019int\u00e8gre discr\u00e8tement dans le jardin. Elle est \u00e9quip\u00e9e de la fonction <b>mulching<\/b>, qui broie finement l\u2019herbe coup\u00e9e pour la restituer comme engrais naturel, favorisant la d\u00e9composition et l\u2019am\u00e9lioration du gazon en une semaine. L\u2019<b>indicateur de niveau de remplissage<\/b> du bac permet un contr\u00f4le continu pendant l\u2019utilisation, \u00e9vitant les interruptions inattendues. En r\u00e9sum\u00e9, cette tondeuse Ryobi se distingue par sa puissance, sa praticit\u00e9 et son design intelligent, constituant un choix efficace pour ceux qui recherchent des r\u00e9sultats professionnels dans l\u2019entretien des espaces verts domestiques.<\/p>\n<ul>\n<li>Produit \u00e0 brancher: Oui<\/li>\n<li>Type de prise: Prise EU<\/li>\n<li>Type: Tondeuse \u00e0 gazon<\/li>\n<li>Bloc d\u2019Alimentation:\n<ul>\n<li>r\u00e9seau \u00e9lectrique<\/li>\n<li>Batterie<\/li>\n<\/ul>\n<\/li>\n<li>Couleur: Vert<\/li>\n<li>puissance: 1800 W<\/li>\n<li>Tension: 18 V<\/li>\n<li>Taille de coupe: 40 cm<\/li>\n<li>Indice de r\u00e9parabilit\u00e9: 7.4<\/li>\n<li>Mati\u00e8re: M\u00e9tal<\/li>\n<li>roues: 4<\/li>\n<\/ul>","protected":false},"excerpt":{"rendered":"<p>Si vous aimez prendre soin de chaque d\u00e9tail de votre maison et d&#8217;\u00eatre \u00e0 la derni\u00e8re mode en mati\u00e8re de produits qui vous rendront la vie plus facile, achetez Tondeuse \u00e0 gazon Ryobi 5133002347 1800 W au meilleur prix. La tondeuse \u00e0 gazon Ryobi offre une solution efficace et pratique pour l\u2019entretien des jardins de [&hellip;]<\/p>\n","protected":false},"featured_media":19481,"comment_status":"open","ping_status":"closed","template":"","meta":[],"product_brand":[830],"product_cat":[613,239],"product_tag":[59,210],"class_list":{"0":"post-19482","1":"product","2":"type-product","3":"status-publish","4":"has-post-thumbnail","6":"product_brand-brandp_3104","7":"product_cat-bricolage-et-materiel","8":"product_cat-maison-jardin","9":"product_tag-tag_1304","10":"product_tag-tag_25","12":"first","13":"instock","14":"taxable","15":"shipping-taxable","16":"purchasable","17":"product-type-simple"},"_links":{"self":[{"href":"https:\/\/bigbuy.tupique.com\/es\/wp-json\/wp\/v2\/product\/19482","targetHints":{"allow":["GET"]}}],"collection":[{"href":"https:\/\/bigbuy.tupique.com\/es\/wp-json\/wp\/v2\/product"}],"about":[{"href":"https:\/\/bigbuy.tupique.com\/es\/wp-json\/wp\/v2\/types\/product"}],"replies":[{"embeddable":true,"href":"https:\/\/bigbuy.tupique.com\/es\/wp-json\/wp\/v2\/comments?post=19482"}],"wp:featuredmedia":[{"embeddable":true,"href":"https:\/\/bigbuy.tupique.com\/es\/wp-json\/wp\/v2\/media\/19481"}],"wp:attachment":[{"href":"https:\/\/bigbuy.tupique.com\/es\/wp-json\/wp\/v2\/media?parent=19482"}],"wp:term":[{"taxonomy":"product_brand","embeddable":true,"href":"https:\/\/bigbuy.tupique.com\/es\/wp-json\/wp\/v2\/product_brand?post=19482"},{"taxonomy":"product_cat","embeddable":true,"href":"https:\/\/bigbuy.tupique.com\/es\/wp-json\/wp\/v2\/product_cat?post=19482"},{"taxonomy":"product_tag","embeddable":true,"href":"https:\/\/bigbuy.tupique.com\/es\/wp-json\/wp\/v2\/product_tag?post=19482"}],"curies":[{"name":"wp","href":"https:\/\/api.w.org\/{rel}","templated":true}]}}