{"id":19461,"date":"2026-03-29T16:16:19","date_gmt":"2026-03-29T15:16:19","guid":{"rendered":"https:\/\/bigbuy.tupique.com\/produto\/business-card-covers-montblanc-129909\/"},"modified":"2026-04-15T01:26:27","modified_gmt":"2026-04-15T00:26:27","slug":"business-card-covers-montblanc-129909","status":"publish","type":"product","link":"https:\/\/bigbuy.tupique.com\/es\/produto\/business-card-covers-montblanc-129909\/","title":{"rendered":"Pochettes pour cartes de visite Montblanc 129909"},"content":{"rendered":"<p>Vous aimez la mode et \u00eates fan d\u00b4accessoires? Nous vous pr\u00e9sentons <b>Pochettes pour cartes de visite Montblanc 129909<\/b> ainsi qu\u00b4une large gamme de sacs et de portefeuilles pour \u00eatre \u00e0 la derni\u00e8re mode!<\/p>\n<ul>\n<li>Type: Porte-cartes<\/li>\n<li>Genre:\n<ul>\n<li>Unisexe<\/li>\n<li>Adultes unisexes<\/li>\n<\/ul>\n<\/li>\n<\/ul>","protected":false},"excerpt":{"rendered":"<p>Vous aimez la mode et \u00eates fan d\u00b4accessoires? Nous vous pr\u00e9sentons Pochettes pour cartes de visite Montblanc 129909 ainsi qu\u00b4une large gamme de sacs et de portefeuilles pour \u00eatre \u00e0 la derni\u00e8re mode! Type: Porte-cartes Genre: Unisexe Adultes unisexes<\/p>","protected":false},"featured_media":19459,"comment_status":"open","ping_status":"closed","template":"","meta":[],"product_brand":[846],"product_cat":[547,544,970],"product_tag":[],"class_list":{"0":"post-19461","1":"product","2":"type-product","3":"status-publish","4":"has-post-thumbnail","6":"product_brand-brandp_437","7":"product_cat-accessoires","8":"product_cat-mode-accessoires","9":"product_cat-sacs-a-main-et-porte-monnaies","11":"first","12":"instock","13":"taxable","14":"shipping-taxable","15":"purchasable","16":"product-type-simple"},"_links":{"self":[{"href":"https:\/\/bigbuy.tupique.com\/es\/wp-json\/wp\/v2\/product\/19461","targetHints":{"allow":["GET"]}}],"collection":[{"href":"https:\/\/bigbuy.tupique.com\/es\/wp-json\/wp\/v2\/product"}],"about":[{"href":"https:\/\/bigbuy.tupique.com\/es\/wp-json\/wp\/v2\/types\/product"}],"replies":[{"embeddable":true,"href":"https:\/\/bigbuy.tupique.com\/es\/wp-json\/wp\/v2\/comments?post=19461"}],"wp:featuredmedia":[{"embeddable":true,"href":"https:\/\/bigbuy.tupique.com\/es\/wp-json\/wp\/v2\/media\/19459"}],"wp:attachment":[{"href":"https:\/\/bigbuy.tupique.com\/es\/wp-json\/wp\/v2\/media?parent=19461"}],"wp:term":[{"taxonomy":"product_brand","embeddable":true,"href":"https:\/\/bigbuy.tupique.com\/es\/wp-json\/wp\/v2\/product_brand?post=19461"},{"taxonomy":"product_cat","embeddable":true,"href":"https:\/\/bigbuy.tupique.com\/es\/wp-json\/wp\/v2\/product_cat?post=19461"},{"taxonomy":"product_tag","embeddable":true,"href":"https:\/\/bigbuy.tupique.com\/es\/wp-json\/wp\/v2\/product_tag?post=19461"}],"curies":[{"name":"wp","href":"https:\/\/api.w.org\/{rel}","templated":true}]}}