{"id":19448,"date":"2026-03-29T16:15:58","date_gmt":"2026-03-29T15:15:58","guid":{"rendered":"https:\/\/bigbuy.tupique.com\/produto\/video-conferencing-system-cisco-cs-kit-eq-k9\/"},"modified":"2026-04-16T09:21:25","modified_gmt":"2026-04-16T08:21:25","slug":"video-conferencing-system-cisco-cs-kit-eq-k9","status":"publish","type":"product","link":"https:\/\/bigbuy.tupique.com\/es\/produto\/video-conferencing-system-cisco-cs-kit-eq-k9\/","title":{"rendered":"Syst\u00e8me de Vid\u00e9oconf\u00e9rence CISCO CS-KIT-EQ-K9"},"content":{"rendered":"<p>Si vous \u00eates passionn\u00e9 d&#8217;<b>informatique et d&#8217;\u00e9lectronique<\/b>, si vous \u00eates \u00e0 la pointe de la technologie et qu&#8217;aucun d\u00e9tail ne vous \u00e9chappe, achetez <b>Syst\u00e8me de Vid\u00e9oconf\u00e9rence CISCO CS-KIT-EQ-K9<\/b> au meilleur prix.<\/p>\n<ul>\n<li>Type: Syst\u00e8me de Vid\u00e9oconf\u00e9rence<\/li>\n<li>Couleur: Gris<\/li>\n<li>Caract\u00e9ristiques: Haut-parleurs int\u00e9gr\u00e9s<\/li>\n<li>Connexions:\n<ul>\n<li>USB-C<\/li>\n<li>RJ45<\/li>\n<li>Ethernet LAN<\/li>\n<li>USB x 4<\/li>\n<li>PoE x 4<\/li>\n<li>3<\/li>\n<li>HDMI x 3<\/li>\n<\/ul>\n<\/li>\n<li>Cam\u00e9ra\/Appareil Photo: 20 Mp<\/li>\n<li>R\u00e9solution: 5K Ultra HD<\/li>\n<li>Bloc d\u2019Alimentation: Courant alternatif<\/li>\n<\/ul>","protected":false},"excerpt":{"rendered":"<p>Si vous \u00eates passionn\u00e9 d&#8217;informatique et d&#8217;\u00e9lectronique, si vous \u00eates \u00e0 la pointe de la technologie et qu&#8217;aucun d\u00e9tail ne vous \u00e9chappe, achetez Syst\u00e8me de Vid\u00e9oconf\u00e9rence CISCO CS-KIT-EQ-K9 au meilleur prix. Type: Syst\u00e8me de Vid\u00e9oconf\u00e9rence Couleur: Gris Caract\u00e9ristiques: Haut-parleurs int\u00e9gr\u00e9s Connexions: USB-C RJ45 Ethernet LAN USB x 4 PoE x 4 3 HDMI x 3 [&hellip;]<\/p>\n","protected":false},"featured_media":19447,"comment_status":"open","ping_status":"closed","template":"","meta":[],"product_brand":[656],"product_cat":[65,581,607],"product_tag":[213,106],"class_list":{"0":"post-19448","1":"product","2":"type-product","3":"status-publish","4":"has-post-thumbnail","6":"product_brand-brandp_1036","7":"product_cat-informatique-electronique","8":"product_cat-informatique-peripheriques-et-consommables","9":"product_cat-webcam","10":"product_tag-tag_933","11":"product_tag-tag_1295","13":"first","14":"instock","15":"taxable","16":"shipping-taxable","17":"purchasable","18":"product-type-simple"},"_links":{"self":[{"href":"https:\/\/bigbuy.tupique.com\/es\/wp-json\/wp\/v2\/product\/19448","targetHints":{"allow":["GET"]}}],"collection":[{"href":"https:\/\/bigbuy.tupique.com\/es\/wp-json\/wp\/v2\/product"}],"about":[{"href":"https:\/\/bigbuy.tupique.com\/es\/wp-json\/wp\/v2\/types\/product"}],"replies":[{"embeddable":true,"href":"https:\/\/bigbuy.tupique.com\/es\/wp-json\/wp\/v2\/comments?post=19448"}],"wp:featuredmedia":[{"embeddable":true,"href":"https:\/\/bigbuy.tupique.com\/es\/wp-json\/wp\/v2\/media\/19447"}],"wp:attachment":[{"href":"https:\/\/bigbuy.tupique.com\/es\/wp-json\/wp\/v2\/media?parent=19448"}],"wp:term":[{"taxonomy":"product_brand","embeddable":true,"href":"https:\/\/bigbuy.tupique.com\/es\/wp-json\/wp\/v2\/product_brand?post=19448"},{"taxonomy":"product_cat","embeddable":true,"href":"https:\/\/bigbuy.tupique.com\/es\/wp-json\/wp\/v2\/product_cat?post=19448"},{"taxonomy":"product_tag","embeddable":true,"href":"https:\/\/bigbuy.tupique.com\/es\/wp-json\/wp\/v2\/product_tag?post=19448"}],"curies":[{"name":"wp","href":"https:\/\/api.w.org\/{rel}","templated":true}]}}