{"id":194394,"date":"2026-04-16T16:28:59","date_gmt":"2026-04-16T15:28:59","guid":{"rendered":"https:\/\/bigbuy.tupique.com\/produto\/smartphone-cubot-cubkk11blk\/"},"modified":"2026-04-16T16:28:59","modified_gmt":"2026-04-16T15:28:59","slug":"smartphone-cubot-cubkk11blk","status":"publish","type":"product","link":"https:\/\/bigbuy.tupique.com\/es\/produto\/smartphone-cubot-cubkk11blk\/","title":{"rendered":"Smartphone Cubot CUBKK11BLK"},"content":{"rendered":"<p>Si vous \u00eates \u00e0 la recherche de nouvelles tendances sur le march\u00e9, nous vous pr\u00e9sentons <b>Smartphone Cubot CUBKK11BLK<\/b> !<\/p>\n<p>Le <b>King Kong 11<\/b> de Cubot est un <b>smartphone<\/b> robuste dot\u00e9 d\u2019un profil technique con\u00e7u pour les utilisateurs qui privil\u00e9gient la puissance et la connectivit\u00e9 avanc\u00e9e au quotidien. Ce mod\u00e8le, en <b>noir<\/b>, int\u00e8gre une g\u00e9n\u00e9reuse <b>m\u00e9moire RAM de 16 Go<\/b> \u2014 certaines versions atteignent m\u00eame <b>32 Go de RAM<\/b> \u2014 pour g\u00e9rer plusieurs applications et t\u00e2ches exigeantes sans ralentissement, ce qui en fait un choix adapt\u00e9 au multit\u00e2che et \u00e0 une utilisation intensive. Il dispose de <b>256 Go de stockage interne<\/b>, offrant un espace suffisant pour photos, vid\u00e9os, fichiers et applications, id\u00e9al pour \u00e9viter de d\u00e9pendre d\u2019un stockage externe. L\u2019exp\u00e9rience visuelle est fluide gr\u00e2ce \u00e0 son <b>\u00e9cran de 6,72 pouces avec taux de rafra\u00eechissement de 120 Hz<\/b>, garantissant des images nettes et un d\u00e9filement fluide, parfait pour le multim\u00e9dia, les jeux ou la navigation web. C\u00f4t\u00e9 connectivit\u00e9, le <b>King Kong 11<\/b> est compatible avec les <b>r\u00e9seaux 5G<\/b>, permettant des t\u00e9l\u00e9chargements ultra-rapides, du streaming de haute qualit\u00e9 et une navigation efficace, assurant ainsi p\u00e9rennit\u00e9 et polyvalence en milieu urbain ou professionnel. Cet appareil se recharge via le <b>secteur<\/b>, favorisant une charge rapide et fiable pour ceux qui recherchent une utilisation continue sur de longues p\u00e9riodes. Sa structure, alli\u00e9e \u00e0 l\u2019expertise reconnue de Cubot dans les t\u00e9l\u00e9phones r\u00e9sistants, positionne ce smartphone comme une option durable et performante dans sa cat\u00e9gorie. En r\u00e9sum\u00e9, le Cubot King Kong 11 se distingue par son \u00e9quilibre entre performance, capacit\u00e9 de stockage et connectivit\u00e9, offrant une solution robuste \u00e0 ceux qui recherchent un appareil fiable et avanc\u00e9.<\/p>\n<ul>\n<li>Produit \u00e0 brancher: Oui<\/li>\n<li>Type: Smartphone<\/li>\n<li>Bloc d\u2019Alimentation: r\u00e9seau \u00e9lectrique<\/li>\n<li>M\u00e9moire RAM:\n<ul>\n<li>16 GB<\/li>\n<li>32 GB<\/li>\n<li>16 GB RAM<\/li>\n<\/ul>\n<\/li>\n<li>M\u00e9moire interne: 256 GB<\/li>\n<li>Couleur: Noir<\/li>\n<li>Connectivit\u00e9: 5G<\/li>\n<li>Fr\u00e9quence: 120 Hz<\/li>\n<\/ul>","protected":false},"excerpt":{"rendered":"<p>Si vous \u00eates \u00e0 la recherche de nouvelles tendances sur le march\u00e9, nous vous pr\u00e9sentons Smartphone Cubot CUBKK11BLK ! Le King Kong 11 de Cubot est un smartphone robuste dot\u00e9 d\u2019un profil technique con\u00e7u pour les utilisateurs qui privil\u00e9gient la puissance et la connectivit\u00e9 avanc\u00e9e au quotidien. Ce mod\u00e8le, en noir, int\u00e8gre une g\u00e9n\u00e9reuse m\u00e9moire [&hellip;]<\/p>\n","protected":false},"featured_media":194384,"comment_status":"open","ping_status":"closed","template":"","meta":[],"product_brand":[1714],"product_cat":[575,65,960],"product_tag":[213,566,106],"class_list":{"0":"post-194394","1":"product","2":"type-product","3":"status-publish","4":"has-post-thumbnail","6":"product_brand-brandp_1070","7":"product_cat-electronique-telephonie-et-tablettes","8":"product_cat-informatique-electronique","9":"product_cat-telephones-portables","10":"product_tag-tag_933","11":"product_tag-tag_547","12":"product_tag-tag_1295","14":"first","15":"instock","16":"taxable","17":"shipping-taxable","18":"purchasable","19":"product-type-simple"},"_links":{"self":[{"href":"https:\/\/bigbuy.tupique.com\/es\/wp-json\/wp\/v2\/product\/194394","targetHints":{"allow":["GET"]}}],"collection":[{"href":"https:\/\/bigbuy.tupique.com\/es\/wp-json\/wp\/v2\/product"}],"about":[{"href":"https:\/\/bigbuy.tupique.com\/es\/wp-json\/wp\/v2\/types\/product"}],"replies":[{"embeddable":true,"href":"https:\/\/bigbuy.tupique.com\/es\/wp-json\/wp\/v2\/comments?post=194394"}],"wp:featuredmedia":[{"embeddable":true,"href":"https:\/\/bigbuy.tupique.com\/es\/wp-json\/wp\/v2\/media\/194384"}],"wp:attachment":[{"href":"https:\/\/bigbuy.tupique.com\/es\/wp-json\/wp\/v2\/media?parent=194394"}],"wp:term":[{"taxonomy":"product_brand","embeddable":true,"href":"https:\/\/bigbuy.tupique.com\/es\/wp-json\/wp\/v2\/product_brand?post=194394"},{"taxonomy":"product_cat","embeddable":true,"href":"https:\/\/bigbuy.tupique.com\/es\/wp-json\/wp\/v2\/product_cat?post=194394"},{"taxonomy":"product_tag","embeddable":true,"href":"https:\/\/bigbuy.tupique.com\/es\/wp-json\/wp\/v2\/product_tag?post=194394"}],"curies":[{"name":"wp","href":"https:\/\/api.w.org\/{rel}","templated":true}]}}