{"id":19436,"date":"2026-03-29T16:15:43","date_gmt":"2026-03-29T15:15:43","guid":{"rendered":"https:\/\/bigbuy.tupique.com\/produto\/dockstation-kensington-k33603eu-black\/"},"modified":"2026-05-11T19:59:34","modified_gmt":"2026-05-11T17:59:34","slug":"dockstation-kensington-k33603eu-black","status":"publish","type":"product","link":"https:\/\/bigbuy.tupique.com\/es\/produto\/dockstation-kensington-k33603eu-black\/","title":{"rendered":"Station d&#8217;acceuil Kensington K33603EU Noir"},"content":{"rendered":"<p>Si vous \u00eates passionn\u00e9 d&#8217;<b>informatique et d&#8217;\u00e9lectronique<\/b>, si vous \u00eates \u00e0 la pointe de la technologie et qu&#8217;aucun d\u00e9tail ne vous \u00e9chappe, achetez <b>Station d&#8217;acceuil Kensington K33603EU Noir<\/b> au meilleur prix.<\/p>\n<p>Le <b>Kensington K33603EU<\/b> est une <b>station d\u2019accueil<\/b> haute performance con\u00e7ue pour les professionnels recherchant une solution polyvalente et durable pour \u00e9tendre la connectivit\u00e9 de leurs ordinateurs portables. Compatible avec les ordinateurs utilisant USB-C\u00ae et USB-A, ce r\u00e9p\u00e9teur de ports prend en charge les syst\u00e8mes d\u2019exploitation Windows 7 et ult\u00e9rieurs, macOS 10.14 et suivants ainsi que Chrome OS 44 ou sup\u00e9rieur, garantissant une large compatibilit\u00e9 avec les appareils les plus utilis\u00e9s en milieu professionnel. Fabriqu\u00e9 avec 73 % de plastique recycl\u00e9 post-consommation (PCR), il met l\u2019accent sur la <b>durabilit\u00e9<\/b> sans compromettre la qualit\u00e9 ni la robustesse. Parmi ses caract\u00e9ristiques techniques figurent de multiples connexions, dont <b>un port USB-C avec des vitesses de transfert jusqu\u2019\u00e0 10 Gbps<\/b>, ainsi que cinq ports USB-A pour connecter ais\u00e9ment divers accessoires. Pour la transmission vid\u00e9o, il dispose de deux ports DisplayPort 1.2 (DP++) et deux ports HDMI 2.0, permettant de choisir la connexion selon la configuration de l\u2019\u00e9cran et de connecter simultan\u00e9ment jusqu\u2019\u00e0 deux \u00e9crans 4K externes \u00e0 60 Hz, m\u00eame sur les MacBook M1, M2 et M3, assurant la compatibilit\u00e9 avec les derni\u00e8res technologies d\u2019affichage. Il int\u00e8gre \u00e9galement un port Gigabit Ethernet (RJ45) offrant des vitesses r\u00e9seau de 10\/100\/1000 Mbps pour des connexions filaires rapides et stables, ainsi qu\u2019une prise audio 3,5 mm pour les p\u00e9riph\u00e9riques sonores. Le c\u00e2ble principal USB-C est \u00e9quip\u00e9 d\u2019un syst\u00e8me de verrouillage \u00e0 vis garantissant la s\u00e9curit\u00e9 physique et la stabilit\u00e9 de la connexion, id\u00e9al dans les espaces de travail fr\u00e9quent\u00e9s. L\u2019appareil prend en charge <b>l\u2019alimentation (Power Delivery) jusqu\u2019\u00e0 100 W<\/b> pour charger l\u2019ordinateur portable et alimenter les p\u00e9riph\u00e9riques connect\u00e9s, optimisant ainsi la gestion de l\u2019espace et l\u2019efficacit\u00e9 \u00e9nerg\u00e9tique ; les ordinateurs avec USB-A n\u00e9cessitent une alimentation suppl\u00e9mentaire. Son design noir int\u00e8gre des voyants LED et est livr\u00e9 avec un guide d\u2019installation facilitant sa mise en service. Pour optimiser l\u2019espace, un support de montage est disponible en option, et il offre des fentes pour cadenas de s\u00e9curit\u00e9, accessoires vendus s\u00e9par\u00e9ment permettant de prot\u00e9ger l\u2019\u00e9quipement en environnement professionnel. En r\u00e9sum\u00e9, le Kensington K33603EU est une solution compl\u00e8te et \u00e9cologique, id\u00e9ale pour ceux qui souhaitent \u00e9tendre les capacit\u00e9s de connexion de leur portable avec une station d\u2019accueil fiable, moderne et respectueuse de la durabilit\u00e9.<\/p>\n<ul>\n<li>Couleur: Noir<\/li>\n<li>Connexions:\n<ul>\n<li>USB-A<\/li>\n<li>DisplayPort x 2<\/li>\n<li>HDMI x 2<\/li>\n<li>USB-C<\/li>\n<li>RJ45<\/li>\n<li>HDMI 2.0<\/li>\n<li>6<\/li>\n<li>USB<\/li>\n<li>Jack 3.5 mm<\/li>\n<li>USB 3.2<\/li>\n<li>USB-C 3.2 Gen 2 (3.1 Gen 2)<\/li>\n<li>USB A 3.2 Gen 1 (3.1 Gen 1) x 4<\/li>\n<li>DisplayPort 1.2<\/li>\n<li>C\u00e2ble jack 3,3 mm<\/li>\n<\/ul>\n<\/li>\n<li>Compatible: USB-C<\/li>\n<li>R\u00e9solution: 4K Ultra HD<\/li>\n<li>Produit \u00e0 brancher: Oui<\/li>\n<li>Type de prise: Prise EU<\/li>\n<li>Bloc d\u2019Alimentation:\n<ul>\n<li>r\u00e9seau \u00e9lectrique<\/li>\n<li>CC<\/li>\n<li>DC<\/li>\n<li>Avec fil<\/li>\n<\/ul>\n<\/li>\n<li>Type: Avec fil<\/li>\n<li>Poids: 395 g<\/li>\n<li>Tension de sortie: 20 V<\/li>\n<li>Caract\u00e9ristiques:\n<ul>\n<li>Garantie<\/li>\n<li>T\u00e9moin LED<\/li>\n<li>Guide d&#8217;installation inclus<\/li>\n<\/ul>\n<\/li>\n<li>puissance: 100 W<\/li>\n<li>Tension:\n<ul>\n<li>20 V<\/li>\n<li>100 &#8211; 240 V<\/li>\n<\/ul>\n<\/li>\n<li>Connectivit\u00e9: Ethernet LAN<\/li>\n<li>vitesse: 10\/100\/1000 Mbps<\/li>\n<li>Non Inclus: Adaptateur AC<\/li>\n<li>Amp\u00e9rage: 1,8 A<\/li>\n<\/ul>","protected":false},"excerpt":{"rendered":"<p>Si vous \u00eates passionn\u00e9 d&#8217;informatique et d&#8217;\u00e9lectronique, si vous \u00eates \u00e0 la pointe de la technologie et qu&#8217;aucun d\u00e9tail ne vous \u00e9chappe, achetez Station d&#8217;acceuil Kensington K33603EU Noir au meilleur prix. Le Kensington K33603EU est une station d\u2019accueil haute performance con\u00e7ue pour les professionnels recherchant une solution polyvalente et durable pour \u00e9tendre la connectivit\u00e9 de [&hellip;]<\/p>\n","protected":false},"featured_media":19435,"comment_status":"open","ping_status":"closed","template":"","meta":[],"product_brand":[997],"product_cat":[966,65,958],"product_tag":[213,106],"class_list":{"0":"post-19436","1":"product","2":"type-product","3":"status-publish","4":"has-post-thumbnail","6":"product_brand-brandp_910","7":"product_cat-accessoires-informatiques","8":"product_cat-informatique-electronique","9":"product_cat-informatique-ordinateurs","10":"product_tag-tag_933","11":"product_tag-tag_1295","13":"first","14":"instock","15":"taxable","16":"shipping-taxable","17":"purchasable","18":"product-type-simple"},"_links":{"self":[{"href":"https:\/\/bigbuy.tupique.com\/es\/wp-json\/wp\/v2\/product\/19436","targetHints":{"allow":["GET"]}}],"collection":[{"href":"https:\/\/bigbuy.tupique.com\/es\/wp-json\/wp\/v2\/product"}],"about":[{"href":"https:\/\/bigbuy.tupique.com\/es\/wp-json\/wp\/v2\/types\/product"}],"replies":[{"embeddable":true,"href":"https:\/\/bigbuy.tupique.com\/es\/wp-json\/wp\/v2\/comments?post=19436"}],"wp:featuredmedia":[{"embeddable":true,"href":"https:\/\/bigbuy.tupique.com\/es\/wp-json\/wp\/v2\/media\/19435"}],"wp:attachment":[{"href":"https:\/\/bigbuy.tupique.com\/es\/wp-json\/wp\/v2\/media?parent=19436"}],"wp:term":[{"taxonomy":"product_brand","embeddable":true,"href":"https:\/\/bigbuy.tupique.com\/es\/wp-json\/wp\/v2\/product_brand?post=19436"},{"taxonomy":"product_cat","embeddable":true,"href":"https:\/\/bigbuy.tupique.com\/es\/wp-json\/wp\/v2\/product_cat?post=19436"},{"taxonomy":"product_tag","embeddable":true,"href":"https:\/\/bigbuy.tupique.com\/es\/wp-json\/wp\/v2\/product_tag?post=19436"}],"curies":[{"name":"wp","href":"https:\/\/api.w.org\/{rel}","templated":true}]}}