{"id":193744,"date":"2026-04-16T13:49:15","date_gmt":"2026-04-16T12:49:15","guid":{"rendered":"https:\/\/bigbuy.tupique.com\/produto\/monitor-gaming-lenovo-63d6uar3eu-quad-hd-27\/"},"modified":"2026-04-16T23:44:45","modified_gmt":"2026-04-16T22:44:45","slug":"monitor-gaming-lenovo-63d6uar3eu-quad-hd-27","status":"publish","type":"product","link":"https:\/\/bigbuy.tupique.com\/es\/produto\/monitor-gaming-lenovo-63d6uar3eu-quad-hd-27\/","title":{"rendered":"Monitor Gaming Lenovo 63D6UAR3EU Quad HD 27&#8243;"},"content":{"rendered":"<p>Si vous \u00eates \u00e0 la recherche de nouvelles tendances sur le march\u00e9, nous vous pr\u00e9sentons <b>Monitor Gaming Lenovo 63D6UAR3EU Quad HD 27&#8243;<\/b> !<\/p>\n<ul>\n<li>Diagonale de l&#8217;\u00e9cran (cm): 68,6 cm<\/li>\n<li>Ecran: 27&#8243;<\/li>\n<li>Couleur: Noir<\/li>\n<li>Temps de r\u00e9ponse:\n<ul>\n<li>4 ms<\/li>\n<li>6 ms<\/li>\n<\/ul>\n<\/li>\n<li>VESA: 10 x 10 cm<\/li>\n<li>Brille: 300 cd\/m\u00b2<\/li>\n<li>Longueur du c\u00e2ble: 1,8 m<\/li>\n<li>R\u00e9solution (px): 2560 x 1440 px<\/li>\n<li>Tension: 100-240 V<\/li>\n<li>R\u00e9solution: Quad HD<\/li>\n<li>Rapport d&#8217;aspect: 16:9<\/li>\n<li>Connexions:\n<ul>\n<li>HDMI<\/li>\n<li>DisplayPort<\/li>\n<li>Ethernet LAN<\/li>\n<\/ul>\n<\/li>\n<li>Caract\u00e9ristiques: Plaque Tournante<\/li>\n<li>Technologie:\n<ul>\n<li>LED<\/li>\n<li>IPS<\/li>\n<\/ul>\n<\/li>\n<li>Fr\u00e9quence:\n<ul>\n<li>50 &#8211; 60 Hz<\/li>\n<li>75 Hz<\/li>\n<\/ul>\n<\/li>\n<\/ul>","protected":false},"excerpt":{"rendered":"<p>Si vous \u00eates \u00e0 la recherche de nouvelles tendances sur le march\u00e9, nous vous pr\u00e9sentons Monitor Gaming Lenovo 63D6UAR3EU Quad HD 27&#8243; ! Diagonale de l&#8217;\u00e9cran (cm): 68,6 cm Ecran: 27&#8243; Couleur: Noir Temps de r\u00e9ponse: 4 ms 6 ms VESA: 10 x 10 cm Brille: 300 cd\/m\u00b2 Longueur du c\u00e2ble: 1,8 m R\u00e9solution (px): [&hellip;]<\/p>\n","protected":false},"featured_media":195490,"comment_status":"open","ping_status":"closed","template":"","meta":[],"product_brand":[661],"product_cat":[65,581,616],"product_tag":[213,106],"class_list":{"0":"post-193744","1":"product","2":"type-product","3":"status-publish","4":"has-post-thumbnail","6":"product_brand-brandp_558","7":"product_cat-informatique-electronique","8":"product_cat-informatique-peripheriques-et-consommables","9":"product_cat-moniteurs","10":"product_tag-tag_933","11":"product_tag-tag_1295","13":"first","14":"instock","15":"taxable","16":"shipping-taxable","17":"purchasable","18":"product-type-simple"},"_links":{"self":[{"href":"https:\/\/bigbuy.tupique.com\/es\/wp-json\/wp\/v2\/product\/193744","targetHints":{"allow":["GET"]}}],"collection":[{"href":"https:\/\/bigbuy.tupique.com\/es\/wp-json\/wp\/v2\/product"}],"about":[{"href":"https:\/\/bigbuy.tupique.com\/es\/wp-json\/wp\/v2\/types\/product"}],"replies":[{"embeddable":true,"href":"https:\/\/bigbuy.tupique.com\/es\/wp-json\/wp\/v2\/comments?post=193744"}],"wp:featuredmedia":[{"embeddable":true,"href":"https:\/\/bigbuy.tupique.com\/es\/wp-json\/wp\/v2\/media\/195490"}],"wp:attachment":[{"href":"https:\/\/bigbuy.tupique.com\/es\/wp-json\/wp\/v2\/media?parent=193744"}],"wp:term":[{"taxonomy":"product_brand","embeddable":true,"href":"https:\/\/bigbuy.tupique.com\/es\/wp-json\/wp\/v2\/product_brand?post=193744"},{"taxonomy":"product_cat","embeddable":true,"href":"https:\/\/bigbuy.tupique.com\/es\/wp-json\/wp\/v2\/product_cat?post=193744"},{"taxonomy":"product_tag","embeddable":true,"href":"https:\/\/bigbuy.tupique.com\/es\/wp-json\/wp\/v2\/product_tag?post=193744"}],"curies":[{"name":"wp","href":"https:\/\/api.w.org\/{rel}","templated":true}]}}