{"id":193652,"date":"2026-04-16T13:37:22","date_gmt":"2026-04-16T12:37:22","guid":{"rendered":"https:\/\/bigbuy.tupique.com\/produto\/unite-dosmose-inverse-osmofilter\/"},"modified":"2026-04-17T00:36:11","modified_gmt":"2026-04-16T23:36:11","slug":"unite-dosmose-inverse-osmofilter","status":"publish","type":"product","link":"https:\/\/bigbuy.tupique.com\/es\/produto\/unite-dosmose-inverse-osmofilter\/","title":{"rendered":"Unit\u00e9 d&#8217;osmose inverse Osmofilter"},"content":{"rendered":"<p>Si vous aimez prendre soin de chaque d\u00e9tail de votre maison et d&#8217;\u00eatre \u00e0 la derni\u00e8re mode en mati\u00e8re de produits qui vous rendront la vie plus facile, achetez <b>Unit\u00e9 d&#8217;osmose inverse Osmofilter<\/b> au meilleur prix.<\/p>\n<ul>\n<li>Mati\u00e8re: M\u00e9tal<\/li>\n<li>Caract\u00e9ristiques:\n<ul>\n<li>Filtre \u00e0 eau<\/li>\n<li>Anti-calcium<\/li>\n<li>Syst\u00e8me anti-calcaire automatique<\/li>\n<li>4 niveaux de filtration<\/li>\n<li>Filtration des impuret\u00e9s de l&#8217;eau<\/li>\n<\/ul>\n<\/li>\n<li>Filtre: Oui<\/li>\n<li>Utilisation recommand\u00e9e:\n<ul>\n<li>Carafe Filtrante<\/li>\n<li>Appareils \u00e9lectriques<\/li>\n<\/ul>\n<\/li>\n<\/ul>","protected":false},"excerpt":{"rendered":"<p>Si vous aimez prendre soin de chaque d\u00e9tail de votre maison et d&#8217;\u00eatre \u00e0 la derni\u00e8re mode en mati\u00e8re de produits qui vous rendront la vie plus facile, achetez Unit\u00e9 d&#8217;osmose inverse Osmofilter au meilleur prix. Mati\u00e8re: M\u00e9tal Caract\u00e9ristiques: Filtre \u00e0 eau Anti-calcium Syst\u00e8me anti-calcaire automatique 4 niveaux de filtration Filtration des impuret\u00e9s de l&#8217;eau [&hellip;]<\/p>\n","protected":false},"featured_media":193650,"comment_status":"open","ping_status":"closed","template":"","meta":[],"product_brand":[1571],"product_cat":[60,216,217],"product_tag":[210],"class_list":{"0":"post-193652","1":"product","2":"type-product","3":"status-publish","4":"has-post-thumbnail","6":"product_brand-brandp_5859","7":"product_cat-cuisine-gourmet","8":"product_cat-ustensile","9":"product_cat-verres-et-carafes","10":"product_tag-tag_25","12":"first","13":"instock","14":"taxable","15":"shipping-taxable","16":"purchasable","17":"product-type-simple"},"_links":{"self":[{"href":"https:\/\/bigbuy.tupique.com\/es\/wp-json\/wp\/v2\/product\/193652","targetHints":{"allow":["GET"]}}],"collection":[{"href":"https:\/\/bigbuy.tupique.com\/es\/wp-json\/wp\/v2\/product"}],"about":[{"href":"https:\/\/bigbuy.tupique.com\/es\/wp-json\/wp\/v2\/types\/product"}],"replies":[{"embeddable":true,"href":"https:\/\/bigbuy.tupique.com\/es\/wp-json\/wp\/v2\/comments?post=193652"}],"wp:featuredmedia":[{"embeddable":true,"href":"https:\/\/bigbuy.tupique.com\/es\/wp-json\/wp\/v2\/media\/193650"}],"wp:attachment":[{"href":"https:\/\/bigbuy.tupique.com\/es\/wp-json\/wp\/v2\/media?parent=193652"}],"wp:term":[{"taxonomy":"product_brand","embeddable":true,"href":"https:\/\/bigbuy.tupique.com\/es\/wp-json\/wp\/v2\/product_brand?post=193652"},{"taxonomy":"product_cat","embeddable":true,"href":"https:\/\/bigbuy.tupique.com\/es\/wp-json\/wp\/v2\/product_cat?post=193652"},{"taxonomy":"product_tag","embeddable":true,"href":"https:\/\/bigbuy.tupique.com\/es\/wp-json\/wp\/v2\/product_tag?post=193652"}],"curies":[{"name":"wp","href":"https:\/\/api.w.org\/{rel}","templated":true}]}}