{"id":193646,"date":"2026-04-16T13:37:09","date_gmt":"2026-04-16T12:37:09","guid":{"rendered":"https:\/\/bigbuy.tupique.com\/produto\/air-conditionne-daitsu-electric-3nda02163-blanc-a-a-5100-w-4500-fg-h\/"},"modified":"2026-05-11T19:57:26","modified_gmt":"2026-05-11T17:57:26","slug":"air-conditionne-daitsu-electric-3nda02163-blanc-a-a-5100-w-4500-fg-h","status":"publish","type":"product","link":"https:\/\/bigbuy.tupique.com\/es\/produto\/air-conditionne-daitsu-electric-3nda02163-blanc-a-a-5100-w-4500-fg-h\/","title":{"rendered":"Air Conditionn\u00e9 DAITSU ELECTRIC 3NDA02163 Blanc A+\/A+ 5100 W 4500 fg\/h"},"content":{"rendered":"<p>Si vous \u00eates \u00e0 la recherche de nouvelles tendances sur le march\u00e9, nous vous pr\u00e9sentons <b>Air Conditionn\u00e9 DAITSU ELECTRIC 3NDA02163 Blanc A+\/A+ 5100 W 4500 fg\/h<\/b> !<\/p>\n<ul>\n<li>Couleur: Blanc<\/li>\n<li>Caract\u00e9ristiques: Connectivit\u00e9 des applications mobiles<\/li>\n<li>Connectivit\u00e9: Wi-Fi<\/li>\n<li>puissance: 5100 W<\/li>\n<li>Classification \u00e9nerg\u00e9tique: A+\/A+<\/li>\n<li>Technologie: Split Inverter<\/li>\n<li>Gaz: R32<\/li>\n<li>Puissance frigorifique: 4500 fg\/h<\/li>\n<\/ul>","protected":false},"excerpt":{"rendered":"<p>Si vous \u00eates \u00e0 la recherche de nouvelles tendances sur le march\u00e9, nous vous pr\u00e9sentons Air Conditionn\u00e9 DAITSU ELECTRIC 3NDA02163 Blanc A+\/A+ 5100 W 4500 fg\/h ! Couleur: Blanc Caract\u00e9ristiques: Connectivit\u00e9 des applications mobiles Connectivit\u00e9: Wi-Fi puissance: 5100 W Classification \u00e9nerg\u00e9tique: A+\/A+ Technologie: Split Inverter Gaz: R32 Puissance frigorifique: 4500 fg\/h<\/p>","protected":false},"featured_media":193643,"comment_status":"open","ping_status":"closed","template":"","meta":[],"product_brand":[1548],"product_cat":[732,1334,239],"product_tag":[721,210],"class_list":{"0":"post-193646","1":"product","2":"type-product","3":"status-publish","4":"has-post-thumbnail","6":"product_brand-brandp_1177","7":"product_cat-climatisation-et-chauffage","8":"product_cat-climatiseurs-et-ventilateurs","9":"product_cat-maison-jardin","10":"product_tag-tag_124","11":"product_tag-tag_25","13":"first","14":"instock","15":"taxable","16":"shipping-taxable","17":"purchasable","18":"product-type-simple"},"_links":{"self":[{"href":"https:\/\/bigbuy.tupique.com\/es\/wp-json\/wp\/v2\/product\/193646","targetHints":{"allow":["GET"]}}],"collection":[{"href":"https:\/\/bigbuy.tupique.com\/es\/wp-json\/wp\/v2\/product"}],"about":[{"href":"https:\/\/bigbuy.tupique.com\/es\/wp-json\/wp\/v2\/types\/product"}],"replies":[{"embeddable":true,"href":"https:\/\/bigbuy.tupique.com\/es\/wp-json\/wp\/v2\/comments?post=193646"}],"wp:featuredmedia":[{"embeddable":true,"href":"https:\/\/bigbuy.tupique.com\/es\/wp-json\/wp\/v2\/media\/193643"}],"wp:attachment":[{"href":"https:\/\/bigbuy.tupique.com\/es\/wp-json\/wp\/v2\/media?parent=193646"}],"wp:term":[{"taxonomy":"product_brand","embeddable":true,"href":"https:\/\/bigbuy.tupique.com\/es\/wp-json\/wp\/v2\/product_brand?post=193646"},{"taxonomy":"product_cat","embeddable":true,"href":"https:\/\/bigbuy.tupique.com\/es\/wp-json\/wp\/v2\/product_cat?post=193646"},{"taxonomy":"product_tag","embeddable":true,"href":"https:\/\/bigbuy.tupique.com\/es\/wp-json\/wp\/v2\/product_tag?post=193646"}],"curies":[{"name":"wp","href":"https:\/\/api.w.org\/{rel}","templated":true}]}}