{"id":193347,"date":"2026-04-16T11:58:25","date_gmt":"2026-04-16T10:58:25","guid":{"rendered":"https:\/\/bigbuy.tupique.com\/produto\/switch-hpe-jl808a\/"},"modified":"2026-05-11T19:59:12","modified_gmt":"2026-05-11T17:59:12","slug":"switch-hpe-jl808a","status":"publish","type":"product","link":"https:\/\/bigbuy.tupique.com\/es\/produto\/switch-hpe-jl808a\/","title":{"rendered":"Switch HPE JL808A"},"content":{"rendered":"<p>Si vous \u00eates passionn\u00e9 d&#8217;<b>informatique et d&#8217;\u00e9lectronique<\/b>, si vous \u00eates \u00e0 la pointe de la technologie et qu&#8217;aucun d\u00e9tail ne vous \u00e9chappe, achetez <b>Switch HPE JL808A              <\/b> au meilleur prix.<\/p>\n<p>Le <b>switch<\/b> <b>HPE Aruba mod\u00e8le JL808A<\/b> se pr\u00e9sente comme une solution robuste et efficace pour les infrastructures r\u00e9seau d\u2019entreprise n\u00e9cessitant haute performance et grande capacit\u00e9 de connexion. Cet appareil dispose de <b>48 ports RJ45 10\/100\/1000 Mbps<\/b> offrant une connectivit\u00e9 Ethernet LAN fiable et flexible, id\u00e9ale pour int\u00e9grer plusieurs dispositifs r\u00e9seau avec stabilit\u00e9 et rapidit\u00e9. Il comprend \u00e9galement <b>2 ports SFP+ 10GbE<\/b> et <b>2 ports 10GBase-T<\/b>, fournissant des options avanc\u00e9es pour des liaisons \u00e0 haute vitesse et des connexions optiques ou \u00e9lectriques vers des r\u00e9seaux backbone ou serveurs haute performance. Avec des dimensions de <b>350,5 mm de profondeur, 442,5 mm de largeur et 43,95 mm de hauteur<\/b>, et un poids de <b>4,4 kg<\/b>, ce switch est con\u00e7u pour un montage standard en rack, facilitant son int\u00e9gration en environnement professionnel. Ses performances sont remarquables, avec une capacit\u00e9 de traitement de <b>131 millions de paquets par seconde (Mpps)<\/b> et une bande passante totale de <b>176 Gbps<\/b>, garantissant une gestion efficace de gros volumes de trafic simultan\u00e9, essentielle pour les r\u00e9seaux \u00e0 forte demande de donn\u00e9es. La fiabilit\u00e9 est attest\u00e9e par un MTBF (temps moyen entre pannes) de <b>109,4 ans<\/b>, assurant une durabilit\u00e9 et une stabilit\u00e9 exceptionnelles en fonctionnement continu. Ce mod\u00e8le allie un design sobre en <b>blanc et noir<\/b>, r\u00e9pondant \u00e0 la fois \u00e0 des crit\u00e8res esth\u00e9tiques et fonctionnels pour les environnements d\u2019entreprise. En r\u00e9sum\u00e9, le switch HPE Aruba JL808A est un \u00e9quipement avanc\u00e9 offrant une plateforme solide pour la gestion des r\u00e9seaux professionnels, se distinguant par son grand nombre de ports gigabit, ses capacit\u00e9s de liaison 10 GbE et sa robustesse op\u00e9rationnelle, adapt\u00e9 aux infrastructures exigeant efficacit\u00e9 et continuit\u00e9 des communications.<\/p>\n<ul>\n<li>Connexions:\n<ul>\n<li>RJ45<\/li>\n<li>RJ45 x 48<\/li>\n<li>2<\/li>\n<li>RJ-45 x 48<\/li>\n<li>Ethernet LAN<\/li>\n<\/ul>\n<\/li>\n<li>Produit \u00e0 brancher: Oui<\/li>\n<li>Type de prise: Prise EU<\/li>\n<li>Type:\n<ul>\n<li>Switch<\/li>\n<li>Empilable<\/li>\n<\/ul>\n<\/li>\n<li>Bloc d\u2019Alimentation:\n<ul>\n<li>r\u00e9seau \u00e9lectrique<\/li>\n<li>Incluses<\/li>\n<\/ul>\n<\/li>\n<li>Couleur:\n<ul>\n<li>Blanc<\/li>\n<li>Noir<\/li>\n<\/ul>\n<\/li>\n<li>Tension:\n<ul>\n<li>100-240 V<\/li>\n<li>240 V<\/li>\n<li>100 &#8211; 240 V<\/li>\n<\/ul>\n<\/li>\n<li>Fr\u00e9quence:\n<ul>\n<li>50-60 Hz<\/li>\n<li>800 Hz<\/li>\n<\/ul>\n<\/li>\n<li>Support: Multisupport<\/li>\n<li>N\u00b0 de rainures: 2<\/li>\n<li>Ports: 48<\/li>\n<li>Processeur: ARM Cortex A9<\/li>\n<li>Fr\u00e9quence d&#8217;entr\u00e9e AC: 50-60 Hz<\/li>\n<li>Facteur de forme: 1U<\/li>\n<li>Temp\u00e9rature approximative: -40\u00ba \/ 70\u00ba<\/li>\n<li>S\u00e9curit\u00e9: IGMP<\/li>\n<\/ul>","protected":false},"excerpt":{"rendered":"<p>Si vous \u00eates passionn\u00e9 d&#8217;informatique et d&#8217;\u00e9lectronique, si vous \u00eates \u00e0 la pointe de la technologie et qu&#8217;aucun d\u00e9tail ne vous \u00e9chappe, achetez Switch HPE JL808A au meilleur prix. Le switch HPE Aruba mod\u00e8le JL808A se pr\u00e9sente comme une solution robuste et efficace pour les infrastructures r\u00e9seau d\u2019entreprise n\u00e9cessitant haute performance et grande capacit\u00e9 de [&hellip;]<\/p>\n","protected":false},"featured_media":193346,"comment_status":"open","ping_status":"closed","template":"","meta":[],"product_brand":[644],"product_cat":[65,584,585],"product_tag":[106],"class_list":{"0":"post-193347","1":"product","2":"type-product","3":"status-publish","4":"has-post-thumbnail","6":"product_brand-brandp_662","7":"product_cat-informatique-electronique","8":"product_cat-informatique-reseaux-et-composants","9":"product_cat-switch","10":"product_tag-tag_1295","12":"first","13":"instock","14":"taxable","15":"shipping-taxable","16":"purchasable","17":"product-type-simple"},"_links":{"self":[{"href":"https:\/\/bigbuy.tupique.com\/es\/wp-json\/wp\/v2\/product\/193347","targetHints":{"allow":["GET"]}}],"collection":[{"href":"https:\/\/bigbuy.tupique.com\/es\/wp-json\/wp\/v2\/product"}],"about":[{"href":"https:\/\/bigbuy.tupique.com\/es\/wp-json\/wp\/v2\/types\/product"}],"replies":[{"embeddable":true,"href":"https:\/\/bigbuy.tupique.com\/es\/wp-json\/wp\/v2\/comments?post=193347"}],"wp:featuredmedia":[{"embeddable":true,"href":"https:\/\/bigbuy.tupique.com\/es\/wp-json\/wp\/v2\/media\/193346"}],"wp:attachment":[{"href":"https:\/\/bigbuy.tupique.com\/es\/wp-json\/wp\/v2\/media?parent=193347"}],"wp:term":[{"taxonomy":"product_brand","embeddable":true,"href":"https:\/\/bigbuy.tupique.com\/es\/wp-json\/wp\/v2\/product_brand?post=193347"},{"taxonomy":"product_cat","embeddable":true,"href":"https:\/\/bigbuy.tupique.com\/es\/wp-json\/wp\/v2\/product_cat?post=193347"},{"taxonomy":"product_tag","embeddable":true,"href":"https:\/\/bigbuy.tupique.com\/es\/wp-json\/wp\/v2\/product_tag?post=193347"}],"curies":[{"name":"wp","href":"https:\/\/api.w.org\/{rel}","templated":true}]}}