{"id":193063,"date":"2026-04-16T08:48:28","date_gmt":"2026-04-16T07:48:28","guid":{"rendered":"https:\/\/bigbuy.tupique.com\/produto\/fauteuil-pour-enfant-domiva\/"},"modified":"2026-04-16T17:36:02","modified_gmt":"2026-04-16T16:36:02","slug":"fauteuil-pour-enfant-domiva","status":"publish","type":"product","link":"https:\/\/bigbuy.tupique.com\/es\/produto\/fauteuil-pour-enfant-domiva\/","title":{"rendered":"Fauteuil pour enfant Domiva"},"content":{"rendered":"<p>Si vous \u00eates \u00e0 la recherche de nouvelles tendances sur le march\u00e9, nous vous pr\u00e9sentons <b>Fauteuil pour enfant Domiva<\/b> !<\/p>\n<ul>\n<li>Caract\u00e9ristiques: Convertible<\/li>\n<\/ul>","protected":false},"excerpt":{"rendered":"<p>Si vous \u00eates \u00e0 la recherche de nouvelles tendances sur le march\u00e9, nous vous pr\u00e9sentons Fauteuil pour enfant Domiva ! Caract\u00e9ristiques: Convertible<\/p>","protected":false},"featured_media":193062,"comment_status":"open","ping_status":"closed","template":"","meta":[],"product_brand":[118],"product_cat":[1728,239,577],"product_tag":[57,59],"class_list":{"0":"post-193063","1":"product","2":"type-product","3":"status-publish","4":"has-post-thumbnail","6":"product_brand-brandp_5951","7":"product_cat-fauteuils-de-repos","8":"product_cat-maison-jardin","9":"product_cat-mobilier","10":"product_tag-tag_1275","11":"product_tag-tag_1304","13":"first","14":"instock","15":"taxable","16":"shipping-taxable","17":"purchasable","18":"product-type-simple"},"_links":{"self":[{"href":"https:\/\/bigbuy.tupique.com\/es\/wp-json\/wp\/v2\/product\/193063","targetHints":{"allow":["GET"]}}],"collection":[{"href":"https:\/\/bigbuy.tupique.com\/es\/wp-json\/wp\/v2\/product"}],"about":[{"href":"https:\/\/bigbuy.tupique.com\/es\/wp-json\/wp\/v2\/types\/product"}],"replies":[{"embeddable":true,"href":"https:\/\/bigbuy.tupique.com\/es\/wp-json\/wp\/v2\/comments?post=193063"}],"wp:featuredmedia":[{"embeddable":true,"href":"https:\/\/bigbuy.tupique.com\/es\/wp-json\/wp\/v2\/media\/193062"}],"wp:attachment":[{"href":"https:\/\/bigbuy.tupique.com\/es\/wp-json\/wp\/v2\/media?parent=193063"}],"wp:term":[{"taxonomy":"product_brand","embeddable":true,"href":"https:\/\/bigbuy.tupique.com\/es\/wp-json\/wp\/v2\/product_brand?post=193063"},{"taxonomy":"product_cat","embeddable":true,"href":"https:\/\/bigbuy.tupique.com\/es\/wp-json\/wp\/v2\/product_cat?post=193063"},{"taxonomy":"product_tag","embeddable":true,"href":"https:\/\/bigbuy.tupique.com\/es\/wp-json\/wp\/v2\/product_tag?post=193063"}],"curies":[{"name":"wp","href":"https:\/\/api.w.org\/{rel}","templated":true}]}}