{"id":19294,"date":"2026-03-29T16:02:42","date_gmt":"2026-03-29T15:02:42","guid":{"rendered":"https:\/\/bigbuy.tupique.com\/produto\/speakers-pioneer-dj-dm-50d\/"},"modified":"2026-04-16T20:42:12","modified_gmt":"2026-04-16T19:42:12","slug":"speakers-pioneer-dj-dm-50d","status":"publish","type":"product","link":"https:\/\/bigbuy.tupique.com\/es\/produto\/speakers-pioneer-dj-dm-50d\/","title":{"rendered":"Haut-parleurs Pioneer DJ DM-50D"},"content":{"rendered":"<p>Si vous \u00eates passionn\u00e9 d&#8217;<b>informatique et d&#8217;\u00e9lectronique<\/b>, si vous \u00eates \u00e0 la pointe de la technologie et qu&#8217;aucun d\u00e9tail ne vous \u00e9chappe, achetez <b>Haut-parleurs Pioneer DJ DM-50D<\/b> au meilleur prix.<\/p>\n<p>Le <b>Pioneer DJ DM-50D<\/b> est un ensemble de <b>enceintes de bureau<\/b> sp\u00e9cialement con\u00e7u pour la surveillance en environnement DJ et production musicale, offrant une reproduction sonore pr\u00e9cise et d\u00e9taill\u00e9e. Cette paire d\u2019enceintes se distingue par son syst\u00e8me <b>Bass Reflex<\/b>, qui am\u00e9liore la r\u00e9ponse des basses pour un son plus profond et dynamique, id\u00e9al lors de sessions o\u00f9 la fid\u00e9lit\u00e9 de chaque fr\u00e9quence est essentielle. Chaque unit\u00e9 d\u00e9livre une <b>puissance totale de 50 W<\/b> r\u00e9partie en deux canaux de 25 W, suffisante pour des espaces petits et moyens sans distorsion audible. Son design en <b>noir sobre<\/b> permet une int\u00e9gration \u00e9l\u00e9gante dans tout studio ou cabine DJ. C\u00f4t\u00e9 connexions, elle int\u00e8gre une <b>entr\u00e9e jack 3,5 mm<\/b> ainsi que des <b>ports RCA<\/b>, assurant une compatibilit\u00e9 avec une large gamme d\u2019\u00e9quipements professionnels et grand public, des ordinateurs aux tables de mixage ou contr\u00f4leurs. De plus, elle propose deux modes r\u00e9glables pour optimiser la r\u00e9ponse sonore selon l\u2019usage, distinguant clairement un r\u00e9glage pour DJ et un autre pour la production, offrant ainsi polyvalence et pr\u00e9cision selon les besoins. Une garantie et un guide d\u2019installation simplifient la mise en route, rendant la configuration accessible m\u00eame aux utilisateurs moins exp\u00e9riment\u00e9s. En r\u00e9sum\u00e9, le <b>Pioneer DJ DM-50D<\/b> est une option fiable pour les professionnels et amateurs recherchant des enceintes de monitoring compactes, performantes et \u00e0 r\u00e9ponse acoustique \u00e9quilibr\u00e9e pour le mixage et l\u2019\u00e9coute critique.<\/p>\n<ul>\n<li>Type:\n<ul>\n<li>Bureau<\/li>\n<li>D<\/li>\n<\/ul>\n<\/li>\n<li>Pays \/ r\u00e9gion de fabrication: Chine<\/li>\n<li>Couleur: Noir<\/li>\n<li>Caract\u00e9ristiques:\n<ul>\n<li>Haut-parleur<\/li>\n<li>Garantie<\/li>\n<li>Guide d&#8217;installation inclus<\/li>\n<\/ul>\n<\/li>\n<li>Puissance RMS: 50 W<\/li>\n<li>Bloc d\u2019Alimentation: Avec fil<\/li>\n<li>Connexions:\n<ul>\n<li>Jack 3.5 mm<\/li>\n<li>RCA<\/li>\n<\/ul>\n<\/li>\n<li>Tension: 100 &#8211; 240 V<\/li>\n<li>Fr\u00e9quence d&#8217;entr\u00e9e AC: 50-60 Hz<\/li>\n<li>consommation d&#8217;\u00e9nergie: 25 kWh<\/li>\n<li>Mat\u00e9riel: Bois MDF<\/li>\n<li>Non inclut: Bluetooth<\/li>\n<li>Haut-parleurs: Tweeter<\/li>\n<\/ul>","protected":false},"excerpt":{"rendered":"<p>Si vous \u00eates passionn\u00e9 d&#8217;informatique et d&#8217;\u00e9lectronique, si vous \u00eates \u00e0 la pointe de la technologie et qu&#8217;aucun d\u00e9tail ne vous \u00e9chappe, achetez Haut-parleurs Pioneer DJ DM-50D au meilleur prix. Le Pioneer DJ DM-50D est un ensemble de enceintes de bureau sp\u00e9cialement con\u00e7u pour la surveillance en environnement DJ et production musicale, offrant une reproduction [&hellip;]<\/p>\n","protected":false},"featured_media":19291,"comment_status":"open","ping_status":"closed","template":"","meta":[],"product_brand":[849],"product_cat":[755,763,65],"product_tag":[59],"class_list":{"0":"post-19294","1":"product","2":"type-product","3":"status-publish","4":"has-post-thumbnail","6":"product_brand-brandp_2836","7":"product_cat-electronique-son","8":"product_cat-haut-parleurs","9":"product_cat-informatique-electronique","10":"product_tag-tag_1304","12":"first","13":"instock","14":"taxable","15":"shipping-taxable","16":"purchasable","17":"product-type-simple"},"_links":{"self":[{"href":"https:\/\/bigbuy.tupique.com\/es\/wp-json\/wp\/v2\/product\/19294","targetHints":{"allow":["GET"]}}],"collection":[{"href":"https:\/\/bigbuy.tupique.com\/es\/wp-json\/wp\/v2\/product"}],"about":[{"href":"https:\/\/bigbuy.tupique.com\/es\/wp-json\/wp\/v2\/types\/product"}],"replies":[{"embeddable":true,"href":"https:\/\/bigbuy.tupique.com\/es\/wp-json\/wp\/v2\/comments?post=19294"}],"wp:featuredmedia":[{"embeddable":true,"href":"https:\/\/bigbuy.tupique.com\/es\/wp-json\/wp\/v2\/media\/19291"}],"wp:attachment":[{"href":"https:\/\/bigbuy.tupique.com\/es\/wp-json\/wp\/v2\/media?parent=19294"}],"wp:term":[{"taxonomy":"product_brand","embeddable":true,"href":"https:\/\/bigbuy.tupique.com\/es\/wp-json\/wp\/v2\/product_brand?post=19294"},{"taxonomy":"product_cat","embeddable":true,"href":"https:\/\/bigbuy.tupique.com\/es\/wp-json\/wp\/v2\/product_cat?post=19294"},{"taxonomy":"product_tag","embeddable":true,"href":"https:\/\/bigbuy.tupique.com\/es\/wp-json\/wp\/v2\/product_tag?post=19294"}],"curies":[{"name":"wp","href":"https:\/\/api.w.org\/{rel}","templated":true}]}}