{"id":192309,"date":"2026-04-16T02:05:53","date_gmt":"2026-04-16T01:05:53","guid":{"rendered":"https:\/\/bigbuy.tupique.com\/produto\/set-de-construction-klein-0071\/"},"modified":"2026-04-16T16:14:51","modified_gmt":"2026-04-16T15:14:51","slug":"set-de-construction-klein-0071","status":"publish","type":"product","link":"https:\/\/bigbuy.tupique.com\/es\/produto\/set-de-construction-klein-0071\/","title":{"rendered":"Set de construction Klein 0071"},"content":{"rendered":"<p>Si vous \u00eates \u00e0 la recherche de nouvelles tendances sur le march\u00e9, nous vous pr\u00e9sentons <b>Set de construction Klein 0071<\/b> !<\/p>\n<p>Le <b>Jeu de Construction<\/b> <b>Animaux Magn\u00e9tiques 0071<\/b> de <b>Klein Toys<\/b> est un ensemble \u00e9ducatif con\u00e7u pour stimuler les capacit\u00e9s motrices et la cr\u00e9ativit\u00e9 des tout-petits d\u00e8s <b>12 mois<\/b>. Ce jeu comprend <b>16 grandes pi\u00e8ces<\/b> qui s\u2019assemblent sans montage, facilitant la manipulation et \u00e9vitant les risques en bas \u00e2ge. Fabriqu\u00e9 avec des <b>mat\u00e9riaux magn\u00e9tiques<\/b>, il permet d\u2019unir et de s\u00e9parer facilement les pi\u00e8ces, favorisant le d\u00e9veloppement de la coordination \u0153il-main ainsi que la reconnaissance des formes et des couleurs. Son design <b>multicolore<\/b> offre un attrait visuel qui encourage l\u2019apprentissage ludique, tandis que les quatre animaux repr\u00e9sent\u00e9s dans le puzzle proposent un contenu th\u00e9matique adapt\u00e9 pour \u00e9veiller la curiosit\u00e9 des enfants sur la nature. Ce produit est certifi\u00e9 <b>CE<\/b>, garantissant le respect des normes europ\u00e9ennes de s\u00e9curit\u00e9 et de qualit\u00e9. De plus, le jeu est disponible en <b>fran\u00e7ais et espagnol<\/b>, facilitant son accessibilit\u00e9 et son usage correct dans diff\u00e9rentes r\u00e9gions. <b>Klein Toys<\/b> propose avec ce mod\u00e8le une solution \u00e9ducative et s\u00fbre, id\u00e9ale pour les parents cherchant un outil simple et amusant pour initier leurs enfants au jeu de construction magn\u00e9tique. Ce jeu allie fonctionnalit\u00e9 et simplicit\u00e9, destin\u00e9 \u00e0 un jeune public en phase d\u2019apprentissage.<\/p>\n<ul>\n<li>Langue:\n<ul>\n<li>Fran\u00e7ais<\/li>\n<li>ES<\/li>\n<\/ul>\n<\/li>\n<li>Caract\u00e9ristiques: Sac<\/li>\n<li>Couleur: Multicouleur<\/li>\n<li>N\u00e9cessite un montage: Non<\/li>\n<li>Mati\u00e8re: Aimants<\/li>\n<li>Certificat: CE<\/li>\n<li>\u00c2ge recommand\u00e9: + 12 Mois<\/li>\n<\/ul>","protected":false},"excerpt":{"rendered":"<p>Si vous \u00eates \u00e0 la recherche de nouvelles tendances sur le march\u00e9, nous vous pr\u00e9sentons Set de construction Klein 0071 ! Le Jeu de Construction Animaux Magn\u00e9tiques 0071 de Klein Toys est un ensemble \u00e9ducatif con\u00e7u pour stimuler les capacit\u00e9s motrices et la cr\u00e9ativit\u00e9 des tout-petits d\u00e8s 12 mois. Ce jeu comprend 16 grandes pi\u00e8ces [&hellip;]<\/p>\n","protected":false},"featured_media":192303,"comment_status":"open","ping_status":"closed","template":"","meta":[],"product_brand":[1794],"product_cat":[157,158,761],"product_tag":[57,59],"class_list":{"0":"post-192309","1":"product","2":"type-product","3":"status-publish","4":"has-post-thumbnail","6":"product_brand-brandp_6168","7":"product_cat-jouets-deguisements","8":"product_cat-jouets-et-jeux","9":"product_cat-puzzles-et-constructions","10":"product_tag-tag_1275","11":"product_tag-tag_1304","13":"first","14":"instock","15":"taxable","16":"shipping-taxable","17":"purchasable","18":"product-type-simple"},"_links":{"self":[{"href":"https:\/\/bigbuy.tupique.com\/es\/wp-json\/wp\/v2\/product\/192309","targetHints":{"allow":["GET"]}}],"collection":[{"href":"https:\/\/bigbuy.tupique.com\/es\/wp-json\/wp\/v2\/product"}],"about":[{"href":"https:\/\/bigbuy.tupique.com\/es\/wp-json\/wp\/v2\/types\/product"}],"replies":[{"embeddable":true,"href":"https:\/\/bigbuy.tupique.com\/es\/wp-json\/wp\/v2\/comments?post=192309"}],"wp:featuredmedia":[{"embeddable":true,"href":"https:\/\/bigbuy.tupique.com\/es\/wp-json\/wp\/v2\/media\/192303"}],"wp:attachment":[{"href":"https:\/\/bigbuy.tupique.com\/es\/wp-json\/wp\/v2\/media?parent=192309"}],"wp:term":[{"taxonomy":"product_brand","embeddable":true,"href":"https:\/\/bigbuy.tupique.com\/es\/wp-json\/wp\/v2\/product_brand?post=192309"},{"taxonomy":"product_cat","embeddable":true,"href":"https:\/\/bigbuy.tupique.com\/es\/wp-json\/wp\/v2\/product_cat?post=192309"},{"taxonomy":"product_tag","embeddable":true,"href":"https:\/\/bigbuy.tupique.com\/es\/wp-json\/wp\/v2\/product_tag?post=192309"}],"curies":[{"name":"wp","href":"https:\/\/api.w.org\/{rel}","templated":true}]}}