{"id":192302,"date":"2026-04-16T02:05:37","date_gmt":"2026-04-16T01:05:37","guid":{"rendered":"https:\/\/bigbuy.tupique.com\/produto\/jeu-de-societe-megableu-subbuteo-paris-saint-germain\/"},"modified":"2026-04-16T19:46:15","modified_gmt":"2026-04-16T18:46:15","slug":"jeu-de-societe-megableu-subbuteo-paris-saint-germain","status":"publish","type":"product","link":"https:\/\/bigbuy.tupique.com\/es\/produto\/jeu-de-societe-megableu-subbuteo-paris-saint-germain\/","title":{"rendered":"Jeu de soci\u00e9t\u00e9 Megableu SUBBUTEO Paris Saint-Germain"},"content":{"rendered":"<p>Si vous \u00eates \u00e0 la recherche de nouvelles tendances sur le march\u00e9, nous vous pr\u00e9sentons <b>Jeu de soci\u00e9t\u00e9 Megableu SUBBUTEO Paris Saint-Germain<\/b> !<\/p>\n<p>Le <b>SUBBUTEO Paris Saint-Germain<\/b> de la marque <b>Megableu<\/b> est un <b>jeu de soci\u00e9t\u00e9<\/b> con\u00e7u pour divertir les plus jeunes et toute la famille, particuli\u00e8rement adapt\u00e9 aux enfants d\u00e8s <b>7 ans<\/b>. Ce jeu combine la dynamique et la strat\u00e9gie propres au SUBBUTEO avec le th\u00e8me du prestigieux club de football Paris Saint-Germain, pr\u00e9sent\u00e9 dans un attrayant coloris <b>bleu<\/b> rappelant les couleurs officielles de l\u2019\u00e9quipe. Faisant partie de la cat\u00e9gorie des jeux de soci\u00e9t\u00e9 pour enfants et familles, il est con\u00e7u pour favoriser l\u2019interaction sociale, la concentration et la dext\u00e9rit\u00e9 manuelle des joueurs, avec des r\u00e8gles adapt\u00e9es aux enfants et un support en <b>fran\u00e7ais<\/b>. Son design pens\u00e9 pour le jeune public garantit des heures de jeu accessibles et amusantes, dans un format traditionnel stimulant la comp\u00e9tition saine et le d\u00e9veloppement des comp\u00e9tences tactiques. L\u2019ensemble, incluant les \u00e9l\u00e9ments typiques du SUBBUTEO, est parfait pour ceux qui recherchent un passe-temps familial li\u00e9 au football, capable d\u2019offrir des moments \u00e0 la fois ludiques et \u00e9ducatifs. En r\u00e9sum\u00e9, le <b>SUBBUTEO Paris Saint-Germain<\/b> est une option solide parmi les jeux de soci\u00e9t\u00e9 pour enfants et familles, reconnue pour sa valeur ludique et son lien avec un club embl\u00e9matique du sport roi.<\/p>\n<ul>\n<li>Langue: Fran\u00e7ais<\/li>\n<li>Type: Jeu de soci\u00e9t\u00e9<\/li>\n<li>Couleur: Bleu<\/li>\n<li>\u00c2ge recommand\u00e9: + 7 Ans<\/li>\n<li>Genre:\n<ul>\n<li>Jeux de soci\u00e9t\u00e9<\/li>\n<li>Enfants, familial<\/li>\n<li>Enfant<\/li>\n<\/ul>\n<\/li>\n<li>Nombre de joueurs: 2 &#8211; 4<\/li>\n<\/ul>","protected":false},"excerpt":{"rendered":"<p>Si vous \u00eates \u00e0 la recherche de nouvelles tendances sur le march\u00e9, nous vous pr\u00e9sentons Jeu de soci\u00e9t\u00e9 Megableu SUBBUTEO Paris Saint-Germain ! Le SUBBUTEO Paris Saint-Germain de la marque Megableu est un jeu de soci\u00e9t\u00e9 con\u00e7u pour divertir les plus jeunes et toute la famille, particuli\u00e8rement adapt\u00e9 aux enfants d\u00e8s 7 ans. Ce jeu [&hellip;]<\/p>\n","protected":false},"featured_media":192297,"comment_status":"open","ping_status":"closed","template":"","meta":[],"product_brand":[1795],"product_cat":[620,157,158],"product_tag":[57,59],"class_list":{"0":"post-192302","1":"product","2":"type-product","3":"status-publish","4":"has-post-thumbnail","6":"product_brand-brandp_1917","7":"product_cat-jeux-de-societe-pour-enfants","8":"product_cat-jouets-deguisements","9":"product_cat-jouets-et-jeux","10":"product_tag-tag_1275","11":"product_tag-tag_1304","13":"first","14":"instock","15":"taxable","16":"shipping-taxable","17":"purchasable","18":"product-type-simple"},"_links":{"self":[{"href":"https:\/\/bigbuy.tupique.com\/es\/wp-json\/wp\/v2\/product\/192302","targetHints":{"allow":["GET"]}}],"collection":[{"href":"https:\/\/bigbuy.tupique.com\/es\/wp-json\/wp\/v2\/product"}],"about":[{"href":"https:\/\/bigbuy.tupique.com\/es\/wp-json\/wp\/v2\/types\/product"}],"replies":[{"embeddable":true,"href":"https:\/\/bigbuy.tupique.com\/es\/wp-json\/wp\/v2\/comments?post=192302"}],"wp:featuredmedia":[{"embeddable":true,"href":"https:\/\/bigbuy.tupique.com\/es\/wp-json\/wp\/v2\/media\/192297"}],"wp:attachment":[{"href":"https:\/\/bigbuy.tupique.com\/es\/wp-json\/wp\/v2\/media?parent=192302"}],"wp:term":[{"taxonomy":"product_brand","embeddable":true,"href":"https:\/\/bigbuy.tupique.com\/es\/wp-json\/wp\/v2\/product_brand?post=192302"},{"taxonomy":"product_cat","embeddable":true,"href":"https:\/\/bigbuy.tupique.com\/es\/wp-json\/wp\/v2\/product_cat?post=192302"},{"taxonomy":"product_tag","embeddable":true,"href":"https:\/\/bigbuy.tupique.com\/es\/wp-json\/wp\/v2\/product_tag?post=192302"}],"curies":[{"name":"wp","href":"https:\/\/api.w.org\/{rel}","templated":true}]}}