{"id":192271,"date":"2026-04-16T02:04:24","date_gmt":"2026-04-16T01:04:24","guid":{"rendered":"https:\/\/bigbuy.tupique.com\/produto\/ecran-samsung-viewfinity-s6-4k-ultra-hd-34-100-hz\/"},"modified":"2026-04-16T10:06:05","modified_gmt":"2026-04-16T09:06:05","slug":"ecran-samsung-viewfinity-s6-4k-ultra-hd-34-100-hz","status":"publish","type":"product","link":"https:\/\/bigbuy.tupique.com\/es\/produto\/ecran-samsung-viewfinity-s6-4k-ultra-hd-34-100-hz\/","title":{"rendered":"\u00c9cran Samsung ViewFinity S6 4K Ultra HD 34&#8243; 100 Hz"},"content":{"rendered":"<p>Si vous \u00eates passionn\u00e9 d&#8217;<b>informatique et d&#8217;\u00e9lectronique<\/b>, si vous \u00eates \u00e0 la pointe de la technologie et qu&#8217;aucun d\u00e9tail ne vous \u00e9chappe, achetez <b>\u00c9cran Samsung ViewFinity S6 4K Ultra HD 34&#8243; 100 Hz<\/b> au meilleur prix.<\/p>\n<p>Le <b>LS34C652UAUXEN<\/b> de Samsung est un <b>moniteur<\/b> ultra-large con\u00e7u pour offrir une exp\u00e9rience visuelle immersive, aussi bien pour les environnements professionnels exigeants que pour le gaming avanc\u00e9. Il dispose d\u2019un <b>\u00e9cran de 34 pouces<\/b> avec r\u00e9solution UWQHD, offrant un large espace d\u2019affichage et des d\u00e9tails nets, id\u00e9al pour le multit\u00e2che, l\u2019\u00e9dition graphique et les jeux immersifs. Son panneau <b>VA<\/b> et la technologie <b>LED<\/b> assurent des contrastes profonds, des noirs r\u00e9alistes et des couleurs \u00e9clatantes, tandis que la compatibilit\u00e9 <b>HDR10<\/b> garantit une reproduction fid\u00e8le des sc\u00e8nes lumineuses et sombres, enrichissant chaque image. Dot\u00e9 de la <b>technologie AMD FreeSync<\/b>, il \u00e9limine les d\u00e9chirures et scintillements lors des parties rapides pour une exp\u00e9rience fluide, essentielle en gaming comp\u00e9titif. Le moniteur est ajustable et pivotant, permettant d\u2019adapter facilement la position pour une ergonomie optimale lors de longues sessions, et sa finition \u00e9l\u00e9gante en <b>noir<\/b> s\u2019int\u00e8gre discr\u00e8tement dans tout espace. Il propose de multiples options de connectivit\u00e9, dont <b>HDMI, DisplayPort et USB-C<\/b>, facilitant la connexion simultan\u00e9e \u00e0 divers appareils et la transmission de donn\u00e9es, vid\u00e9o et \u00e9nergie via un seul c\u00e2ble. Ce mod\u00e8le allie fonctionnalit\u00e9s avanc\u00e9es et qualit\u00e9 visuelle, constituant un excellent choix pour ceux qui recherchent un moniteur polyvalent, moderne et pr\u00eat \u00e0 r\u00e9pondre aux exigences \u00e9lev\u00e9es en productivit\u00e9 et divertissement.<\/p>\n<ul>\n<li>Diagonale de l&#8217;\u00e9cran (cm): 86,4 cm<\/li>\n<li>Produit \u00e0 brancher: Oui<\/li>\n<li>Type de prise: Prise EU<\/li>\n<li>Type: \u00c9cran<\/li>\n<li>Bloc d\u2019Alimentation: r\u00e9seau \u00e9lectrique<\/li>\n<li>Couleur: Noir<\/li>\n<li>Temps de r\u00e9ponse: 5 ms<\/li>\n<li>VESA: 10 x 10 cm<\/li>\n<li>Brille:\n<ul>\n<li>350 cd\/m\u00b2<\/li>\n<li>280 cd\/m\u00b2<\/li>\n<li>350 lm ANSI<\/li>\n<\/ul>\n<\/li>\n<li>Longueur du c\u00e2ble: 1,5 m<\/li>\n<li>Tension:\n<ul>\n<li>100-240 V<\/li>\n<li>100 &#8211; 240 V<\/li>\n<\/ul>\n<\/li>\n<li>Ecran: 34&#8243;<\/li>\n<li>Classification \u00e9nerg\u00e9tique: G<\/li>\n<li>R\u00e9solution:\n<ul>\n<li>4K Ultra HD<\/li>\n<li>UltraWide Quad HD<\/li>\n<\/ul>\n<\/li>\n<li>Rapport d&#8217;aspect: 21:9<\/li>\n<li>Connexions:\n<ul>\n<li>HDMI<\/li>\n<li>USB<\/li>\n<li>DisplayPort<\/li>\n<li>HDMI 2.0<\/li>\n<li>Ethernet LAN<\/li>\n<li>USB-C<\/li>\n<li>HDCP<\/li>\n<li>USB A x 3<\/li>\n<li>DisplayPort 1.2<\/li>\n<li>DisplayPort x 1<\/li>\n<li>HDMI x 2<\/li>\n<\/ul>\n<\/li>\n<li>Caract\u00e9ristiques:\n<ul>\n<li>Plaque Tournante<\/li>\n<li>R\u00e9glable<\/li>\n<li>HDR<\/li>\n<li>Montage mural<\/li>\n<li>Inclinaison r\u00e9glable<\/li>\n<li>Haut-parleurs int\u00e9gr\u00e9s<\/li>\n<\/ul>\n<\/li>\n<li>R\u00e9solution (px): 3440 x 1440 px<\/li>\n<li>Technologie:\n<ul>\n<li>LED<\/li>\n<li>LCD<\/li>\n<li>HDR10<\/li>\n<li>VA<\/li>\n<li>AMD FreeSync<\/li>\n<li>Flicker free<\/li>\n<\/ul>\n<\/li>\n<li>Fr\u00e9quence: 100 Hz<\/li>\n<li>Langue: Anglais<\/li>\n<li>Rapport de contraste: 3000:1<\/li>\n<li>Compatible: Windows 10<\/li>\n<li>Design: Courbe<\/li>\n<li>Connectivit\u00e9: Ethernet LAN<\/li>\n<li>consommation d&#8217;\u00e9nergie: 32 kWh<\/li>\n<li>Non Inclus:\n<ul>\n<li>Wi-Fi<\/li>\n<li>Bluetooth<\/li>\n<\/ul>\n<\/li>\n<li>Inclut: Sortie d&#8217;\u00e9couteurs<\/li>\n<li>Angle: 178\u00ba<\/li>\n<li>Montage: VESA<\/li>\n<li>Utilisation recommand\u00e9e: Entreprise et commerce<\/li>\n<li>Rotation: -30\u00ba \/ 30\u00b0<\/li>\n<\/ul>","protected":false},"excerpt":{"rendered":"<p>Si vous \u00eates passionn\u00e9 d&#8217;informatique et d&#8217;\u00e9lectronique, si vous \u00eates \u00e0 la pointe de la technologie et qu&#8217;aucun d\u00e9tail ne vous \u00e9chappe, achetez \u00c9cran Samsung ViewFinity S6 4K Ultra HD 34&#8243; 100 Hz au meilleur prix. Le LS34C652UAUXEN de Samsung est un moniteur ultra-large con\u00e7u pour offrir une exp\u00e9rience visuelle immersive, aussi bien pour les [&hellip;]<\/p>\n","protected":false},"featured_media":192253,"comment_status":"open","ping_status":"closed","template":"","meta":[],"product_brand":[183],"product_cat":[65,581,616],"product_tag":[213,106],"class_list":{"0":"post-192271","1":"product","2":"type-product","3":"status-publish","4":"has-post-thumbnail","6":"product_brand-brandp_576","7":"product_cat-informatique-electronique","8":"product_cat-informatique-peripheriques-et-consommables","9":"product_cat-moniteurs","10":"product_tag-tag_933","11":"product_tag-tag_1295","13":"first","14":"instock","15":"taxable","16":"shipping-taxable","17":"purchasable","18":"product-type-simple"},"_links":{"self":[{"href":"https:\/\/bigbuy.tupique.com\/es\/wp-json\/wp\/v2\/product\/192271","targetHints":{"allow":["GET"]}}],"collection":[{"href":"https:\/\/bigbuy.tupique.com\/es\/wp-json\/wp\/v2\/product"}],"about":[{"href":"https:\/\/bigbuy.tupique.com\/es\/wp-json\/wp\/v2\/types\/product"}],"replies":[{"embeddable":true,"href":"https:\/\/bigbuy.tupique.com\/es\/wp-json\/wp\/v2\/comments?post=192271"}],"wp:featuredmedia":[{"embeddable":true,"href":"https:\/\/bigbuy.tupique.com\/es\/wp-json\/wp\/v2\/media\/192253"}],"wp:attachment":[{"href":"https:\/\/bigbuy.tupique.com\/es\/wp-json\/wp\/v2\/media?parent=192271"}],"wp:term":[{"taxonomy":"product_brand","embeddable":true,"href":"https:\/\/bigbuy.tupique.com\/es\/wp-json\/wp\/v2\/product_brand?post=192271"},{"taxonomy":"product_cat","embeddable":true,"href":"https:\/\/bigbuy.tupique.com\/es\/wp-json\/wp\/v2\/product_cat?post=192271"},{"taxonomy":"product_tag","embeddable":true,"href":"https:\/\/bigbuy.tupique.com\/es\/wp-json\/wp\/v2\/product_tag?post=192271"}],"curies":[{"name":"wp","href":"https:\/\/api.w.org\/{rel}","templated":true}]}}